{"id":161430,"date":"2022-09-28T17:50:43","date_gmt":"2022-09-28T17:50:43","guid":{"rendered":"http:\/\/climalife.com\/product\/performax-lt-r-407f\/"},"modified":"2025-08-19T14:07:38","modified_gmt":"2025-08-19T14:07:38","slug":"performax-lt-r-407f","status":"publish","type":"product","link":"https:\/\/climalife.com\/ro\/product\/performax-lt-r-407f\/","title":{"rendered":"R-407F Performax\u00ae LT"},"content":{"rendered":"<p>Performax LT cre\u0219te eficien\u021ba energetic\u0103 a sistemului, permi\u021b\u00e2nd reducerea consumului de energie \u0219i reducerea impactului global asupra mediului.<\/p>\n","protected":false},"excerpt":{"rendered":"<p>Performax LT este un amestec zeotropic de tip HFC, destinat aplica\u021biilor comerciale de refrigerare la temperaturi mici \u0219i medii. Acesta \u00eembun\u0103t\u0103\u021be\u0219te \u0219i poate \u00eenlocui R-404A \u00een instala\u021biile noi \u0219i in cele existente.<\/p>\n","protected":false},"featured_media":108108,"comment_status":"open","ping_status":"closed","template":"","meta":[],"countries":[4674,4709,4756,4813,4831,4862],"product_brand":[],"product_cat":[9989,9980,9962,9944,9971,9998,13131,9450],"product_tag":[],"class_list":{"0":"post-161430","1":"product","2":"type-product","3":"status-publish","4":"has-post-thumbnail","6":"countries-by","7":"countries-cu","8":"countries-ir","9":"countries-kp","10":"countries-ru","11":"countries-sy","12":"product_cat-aeronautica-aerospatiala-aparare","13":"product_cat-industria-auto-transport","14":"product_cat-energie","15":"product_cat-sector-agroalimentar","16":"product_cat-sanatate-bunastare","17":"product_cat-alte-industrii","18":"product_cat-refrigerare","19":"product_cat-hfc-ro-33","20":"pa_packaging-cilindru-52-l-ro-72","21":"pa_packaging-container-448-l-ro-74","22":"pa_packaging-container-930-l-ro-76","23":"pa_packaging-cubikool","24":"pa_packaging-friostar-ro-69","26":"first","27":"instock","28":"shipping-taxable","29":"purchasable","30":"product-type-variable"},"_links":{"self":[{"href":"https:\/\/climalife.com\/ro\/wp-json\/wp\/v2\/product\/161430","targetHints":{"allow":["GET"]}}],"collection":[{"href":"https:\/\/climalife.com\/ro\/wp-json\/wp\/v2\/product"}],"about":[{"href":"https:\/\/climalife.com\/ro\/wp-json\/wp\/v2\/types\/product"}],"replies":[{"embeddable":true,"href":"https:\/\/climalife.com\/ro\/wp-json\/wp\/v2\/comments?post=161430"}],"wp:featuredmedia":[{"embeddable":true,"href":"https:\/\/climalife.com\/ro\/wp-json\/wp\/v2\/media\/108108"}],"wp:attachment":[{"href":"https:\/\/climalife.com\/ro\/wp-json\/wp\/v2\/media?parent=161430"}],"wp:term":[{"taxonomy":"countries","embeddable":true,"href":"https:\/\/climalife.com\/ro\/wp-json\/wp\/v2\/countries?post=161430"},{"taxonomy":"product_brand","embeddable":true,"href":"https:\/\/climalife.com\/ro\/wp-json\/wp\/v2\/product_brand?post=161430"},{"taxonomy":"product_cat","embeddable":true,"href":"https:\/\/climalife.com\/ro\/wp-json\/wp\/v2\/product_cat?post=161430"},{"taxonomy":"product_tag","embeddable":true,"href":"https:\/\/climalife.com\/ro\/wp-json\/wp\/v2\/product_tag?post=161430"}],"curies":[{"name":"wp","href":"https:\/\/api.w.org\/{rel}","templated":true}]}}