{"id":161463,"date":"2022-09-28T17:51:07","date_gmt":"2022-09-28T17:51:07","guid":{"rendered":"http:\/\/climalife.com\/product\/etichete-pentru-instalatii\/"},"modified":"2024-01-25T13:53:04","modified_gmt":"2024-01-25T13:53:04","slug":"etichete-pentru-instalatii","status":"publish","type":"product","link":"https:\/\/climalife.com\/ro\/product\/etichete-pentru-instalatii\/","title":{"rendered":"Etichete pentru instala\u021bii"},"content":{"rendered":"<p>Acest\u0103 etichet\u0103 va indica tipul de agent frigorific \u0219i inc\u0103rc\u0103tura de refrigerant m\u0103surat\u0103 in kg, precum \u0219i tipul de lubrifiant \u0219i cantitatea acestuia. Aceast\u0103 informa\u021bie permite o \u00eentre\u021binere u\u0219oar\u0103 a instala\u021biei.<\/p>\n<p>Un spa\u021biu este dedicat instalatorului pentru introducerea numelui companiei precum \u0219i a unui num\u0103r de telefon.<\/p>\n<p>Eticheta are dou\u0103 p\u0103r\u021bi:<\/p>\n<p>O parte pentru informa\u021bii. Pe partea din spate a etichetei se afl\u0103 un adeziv foarte puternic.<\/p>\n<p>A doua parte este o etichet\u0103 transparent\u0103 (cu un tratament anti UV specific) cu care se acoper\u0103 prima parte \u0219i care garanteaz\u0103 ca informa\u021biile s\u0103 nu poat\u0103 fi modificate sau \u0219terse. Pentru completarea datelor pe etichet\u0103 este recomandat\u0103 folosirea unei carioci.<\/p>\n","protected":false},"excerpt":{"rendered":"<p>Etichetele pentru instala\u021bii au fost produse pentru a se conforma cu Regulamentul European nr 1497\/2007 privind etichetarea\u00a0 instala\u021biilor de refrigerare care con\u021bin mai mult de 2 kg de agent frigorific.<\/p>\n","protected":false},"featured_media":108927,"comment_status":"open","ping_status":"closed","template":"","meta":[],"countries":[4674,4709,4756,4813,4831,4862],"product_brand":[],"product_cat":[9980,9953,9944,9998,13062,13131,13591],"product_tag":[],"class_list":{"0":"post-161463","1":"product","2":"type-product","3":"status-publish","4":"has-post-thumbnail","6":"countries-by","7":"countries-cu","8":"countries-ir","9":"countries-kp","10":"countries-ru","11":"countries-sy","12":"product_cat-industria-auto-transport","13":"product_cat-cladiri","14":"product_cat-sector-agroalimentar","15":"product_cat-alte-industrii","16":"product_cat-aer-conditionat","17":"product_cat-refrigerare","18":"product_cat-mentenanta","19":"pa_packaging-pachet-de-25-ro-210","21":"first","22":"instock","23":"shipping-taxable","24":"purchasable","25":"product-type-variable"},"_links":{"self":[{"href":"https:\/\/climalife.com\/ro\/wp-json\/wp\/v2\/product\/161463","targetHints":{"allow":["GET"]}}],"collection":[{"href":"https:\/\/climalife.com\/ro\/wp-json\/wp\/v2\/product"}],"about":[{"href":"https:\/\/climalife.com\/ro\/wp-json\/wp\/v2\/types\/product"}],"replies":[{"embeddable":true,"href":"https:\/\/climalife.com\/ro\/wp-json\/wp\/v2\/comments?post=161463"}],"wp:featuredmedia":[{"embeddable":true,"href":"https:\/\/climalife.com\/ro\/wp-json\/wp\/v2\/media\/108927"}],"wp:attachment":[{"href":"https:\/\/climalife.com\/ro\/wp-json\/wp\/v2\/media?parent=161463"}],"wp:term":[{"taxonomy":"countries","embeddable":true,"href":"https:\/\/climalife.com\/ro\/wp-json\/wp\/v2\/countries?post=161463"},{"taxonomy":"product_brand","embeddable":true,"href":"https:\/\/climalife.com\/ro\/wp-json\/wp\/v2\/product_brand?post=161463"},{"taxonomy":"product_cat","embeddable":true,"href":"https:\/\/climalife.com\/ro\/wp-json\/wp\/v2\/product_cat?post=161463"},{"taxonomy":"product_tag","embeddable":true,"href":"https:\/\/climalife.com\/ro\/wp-json\/wp\/v2\/product_tag?post=161463"}],"curies":[{"name":"wp","href":"https:\/\/api.w.org\/{rel}","templated":true}]}}