{"id":161495,"date":"2022-09-28T17:51:32","date_gmt":"2022-09-28T17:51:32","guid":{"rendered":"http:\/\/climalife.com\/product\/friogel-neo-gata-de-utilizare\/"},"modified":"2025-08-19T14:01:27","modified_gmt":"2025-08-19T14:01:27","slug":"friogel-neo-gata-de-utilizare","status":"publish","type":"product","link":"https:\/\/climalife.com\/ro\/product\/friogel-neo-gata-de-utilizare\/","title":{"rendered":"Friogel\u00ae Neo gata de utilizare"},"content":{"rendered":"<p>Disponibil \u00een mai multe dilu\u021bii, <strong>FRIOGEL<sup>\u00ae <\/sup>NEO<\/strong> ofer\u0103 o protec\u021bie excelent\u0103 \u00eempotriva \u00eenghe\u021bului \u0219i o protec\u021bie consolidat\u0103 \u00eempotriva coroziunii metalelor prezente \u00een diversele circuite de concep\u021bie veche sau recent\u0103 (o\u021bel, aluminiu, cupru, alam\u0103, sudur\u0103 etc.). Aceast\u0103 protec\u021bie a fost validat\u0103 prin numeroase teste statice \u0219i dinamice.<\/p>\n<p>&nbsp;<\/p>\n<p>Formula <strong>FRIOGEL<sup>\u00ae<\/sup> NEO<\/strong> nu con\u021bine borax, un aditiv clasificat ca fiind toxic \u00een conformitate cu cea de-a 30-a edi\u021bie a Directivei europene ATP (Adaptare la progresul tehnic).<\/p>\n<p>&nbsp;<\/p>\n<p>Tehnologia anticoroziv\u0103 utilizat\u0103 \u00een <strong>FRIOGEL<sup>\u00ae<\/sup> NEO<\/strong> este organic\u0103, bazat\u0103 pe acizi carboxilici neutraliza\u021bi, f\u0103r\u0103 fosfa\u021bi, nitri\u021bi sau amine. Ace\u0219ti agen\u021bi anticorozivi asigur\u0103 o protec\u021bie anticoroziv\u0103 de lung\u0103 durat\u0103.<\/p>\n<p>&nbsp;<\/p>\n<p>Formula sa exclusiv\u0103 a fost dezvoltat\u0103 pentru a asigura o compatibilitate excelent\u0103 cu apa dur\u0103, evit\u00e2nd riscurile de precipitare din sistemele de inhibi\u021bie.<br \/>\nRiscurile de depuneri pe termen mediu legate de coroziunea instala\u021biei \u0219i de alterarea compu\u0219ilor chimici sunt reduse considerabil prin stabilitatea formulei de inhibi\u021bie.<br \/>\nSe recomand\u0103 o verificare a concentra\u021biei de <strong>FRIOGEL<sup>\u00ae <\/sup><\/strong><strong>NEO<\/strong> \u00een timpul opera\u021biunilor de \u00eentre\u021binere (cel pu\u021bin o dat\u0103 pe an) pentru a evita orice risc de colmatare.<\/p>\n<p>Culoarea ro\u0219ie a <strong>FRIOGEL<\/strong><strong><sup>\u00ae<\/sup><\/strong><strong> NEO<\/strong> permite o identificare imediat\u0103.<\/p>\n","protected":false},"excerpt":{"rendered":"<p>FRIOGEL\u00ae NEO, pe baz\u0103 de monopropilenglicol \u0219i inhibitori de coroziune, este un lichid de transfer termic antigel gata de utilizare pentru sistemele de refrigerare care func\u021bioneaz\u0103 la temperaturi sc\u0103zute \u0219i \u00een industria alimentar\u0103.<\/p>\n","protected":false},"featured_media":215682,"comment_status":"open","ping_status":"closed","template":"","meta":[],"countries":[4674,4709,4756,4813,4831,4862],"product_brand":[],"product_cat":[9989,9953,9944,9971,9998,13062,13088,13097,13131,13537],"product_tag":[],"class_list":{"0":"post-161495","1":"product","2":"type-product","3":"status-publish","4":"has-post-thumbnail","6":"countries-by","7":"countries-cu","8":"countries-ir","9":"countries-kp","10":"countries-ru","11":"countries-sy","12":"product_cat-aeronautica-aerospatiala-aparare","13":"product_cat-cladiri","14":"product_cat-sector-agroalimentar","15":"product_cat-sanatate-bunastare","16":"product_cat-alte-industrii","17":"product_cat-aer-conditionat","18":"product_cat-protectia-impotriva-incendiilor","19":"product_cat-incalzire","20":"product_cat-refrigerare","21":"product_cat-mpg-ro","22":"pa_packaging-10-tone-vrac-ro-140","23":"pa_packaging-20-tone-vrac-ro-141","24":"pa_packaging-5-tone-vrac-ro-144","25":"pa_packaging-butoi-210-l-ro-28","26":"pa_packaging-container-1000-kg-ro-139","27":"pa_protection-13-c-ro-151","28":"pa_protection-18c-ro-145","29":"pa_protection-20c-ro-146","30":"pa_protection-23c-ro-148","31":"pa_protection-29c-ro-149","32":"pa_protection-34c-ro-150","34":"first","35":"instock","36":"shipping-taxable","37":"purchasable","38":"product-type-variable"},"_links":{"self":[{"href":"https:\/\/climalife.com\/ro\/wp-json\/wp\/v2\/product\/161495","targetHints":{"allow":["GET"]}}],"collection":[{"href":"https:\/\/climalife.com\/ro\/wp-json\/wp\/v2\/product"}],"about":[{"href":"https:\/\/climalife.com\/ro\/wp-json\/wp\/v2\/types\/product"}],"replies":[{"embeddable":true,"href":"https:\/\/climalife.com\/ro\/wp-json\/wp\/v2\/comments?post=161495"}],"wp:featuredmedia":[{"embeddable":true,"href":"https:\/\/climalife.com\/ro\/wp-json\/wp\/v2\/media\/215682"}],"wp:attachment":[{"href":"https:\/\/climalife.com\/ro\/wp-json\/wp\/v2\/media?parent=161495"}],"wp:term":[{"taxonomy":"countries","embeddable":true,"href":"https:\/\/climalife.com\/ro\/wp-json\/wp\/v2\/countries?post=161495"},{"taxonomy":"product_brand","embeddable":true,"href":"https:\/\/climalife.com\/ro\/wp-json\/wp\/v2\/product_brand?post=161495"},{"taxonomy":"product_cat","embeddable":true,"href":"https:\/\/climalife.com\/ro\/wp-json\/wp\/v2\/product_cat?post=161495"},{"taxonomy":"product_tag","embeddable":true,"href":"https:\/\/climalife.com\/ro\/wp-json\/wp\/v2\/product_tag?post=161495"}],"curies":[{"name":"wp","href":"https:\/\/api.w.org\/{rel}","templated":true}]}}