{"id":161516,"date":"2022-09-28T17:51:48","date_gmt":"2022-09-28T17:51:48","guid":{"rendered":"http:\/\/climalife.com\/product\/r-22\/"},"modified":"2025-08-19T13:56:47","modified_gmt":"2025-08-19T13:56:47","slug":"r-22","status":"publish","type":"product","link":"https:\/\/climalife.com\/ro\/product\/r-22\/","title":{"rendered":"R-22"},"content":{"rendered":"<p>Folosit la temperaturi sc\u0103zute (p\u00e2n\u0103 la -40\u00b0C) , R-22 este\u00a0 de asemenea potrivit \u0219i pentru refrigerare \u0219i congelare. In aplica\u021biile de economisire a energiei, poate fi folosit la pompe de c\u0103ldur\u0103 cu surse medii de temperatur\u0103 (55\u00b0C maxim).<\/p>\n","protected":false},"excerpt":{"rendered":"<p>R-22 este un &#8220;hidroclorofluorocarbon&#8221; refrigerant cu temperatur\u0103 de vaporizare ridicat\u0103 folosit pentru aparatele de aer condi\u021bionat de uz casnic, comerciale \u0219i industriale.<\/p>\n","protected":false},"featured_media":107991,"comment_status":"open","ping_status":"closed","template":"","meta":[],"countries":[4652,4657,4660,4668,4674,4675,4681,4683,4688,4708,4709,4710,4711,4713,4722,4725,4727,4728,4729,4730,4731,4732,4736,4739,4740,4752,4753,4756,4758,4760,9125,4770,4775,4776,4777,4779,4785,4794,4796,4804,4813,4815,4826,4827,4893,4831,4839,4843,4847,4848,4854,4858,4860,4861,4862,4873,4880,4886],"product_brand":[],"product_cat":[13062,9998,13115,9953,9962,9333,13097,9980,13131,9971,9944],"product_tag":[],"class_list":{"0":"post-161516","1":"product","2":"type-product","3":"status-publish","4":"has-post-thumbnail","6":"countries-al","7":"countries-ad","8":"countries-aq","9":"countries-at","10":"countries-by","11":"countries-be","12":"countries-ba","13":"countries-bv","14":"countries-bg","15":"countries-hr","16":"countries-cu","17":"countries-cy","18":"countries-cz","19":"countries-dk","20":"countries-ee","21":"countries-fo","22":"countries-fi","23":"countries-fr","24":"countries-fr-gf-gp-mq-yt-re","25":"countries-gn","26":"countries-pf","27":"countries-tf","28":"countries-de","29":"countries-gr","30":"countries-gl","31":"countries-hu","32":"countries-is","33":"countries-ir","34":"countries-ie","35":"countries-it","36":"countries-xk","37":"countries-lv","38":"countries-li","39":"countries-lt","40":"countries-lu","41":"countries-mk","42":"countries-mt","43":"countries-mc","44":"countries-me","45":"countries-nl","46":"countries-kp","47":"countries-no","48":"countries-pl","49":"countries-pt","50":"countries-ro","51":"countries-ru","52":"countries-sm","53":"countries-rs","54":"countries-sk","55":"countries-si","56":"countries-es","57":"countries-sj","58":"countries-se","59":"countries-ch","60":"countries-sy","61":"countries-tr","62":"countries-gb","63":"countries-va","64":"product_cat-aer-conditionat","65":"product_cat-alte-industrii","66":"product_cat-ciclu-rankine-organic","67":"product_cat-cladiri","68":"product_cat-energie","69":"product_cat-hcfc-refrigeranti-intervale","70":"product_cat-incalzire","71":"product_cat-industria-auto-transport","72":"product_cat-refrigerare","73":"product_cat-sanatate-bunastare","74":"product_cat-sector-agroalimentar","76":"first","77":"instock","78":"shipping-taxable","79":"purchasable","80":"product-type-variable"},"_links":{"self":[{"href":"https:\/\/climalife.com\/ro\/wp-json\/wp\/v2\/product\/161516","targetHints":{"allow":["GET"]}}],"collection":[{"href":"https:\/\/climalife.com\/ro\/wp-json\/wp\/v2\/product"}],"about":[{"href":"https:\/\/climalife.com\/ro\/wp-json\/wp\/v2\/types\/product"}],"replies":[{"embeddable":true,"href":"https:\/\/climalife.com\/ro\/wp-json\/wp\/v2\/comments?post=161516"}],"wp:featuredmedia":[{"embeddable":true,"href":"https:\/\/climalife.com\/ro\/wp-json\/wp\/v2\/media\/107991"}],"wp:attachment":[{"href":"https:\/\/climalife.com\/ro\/wp-json\/wp\/v2\/media?parent=161516"}],"wp:term":[{"taxonomy":"countries","embeddable":true,"href":"https:\/\/climalife.com\/ro\/wp-json\/wp\/v2\/countries?post=161516"},{"taxonomy":"product_brand","embeddable":true,"href":"https:\/\/climalife.com\/ro\/wp-json\/wp\/v2\/product_brand?post=161516"},{"taxonomy":"product_cat","embeddable":true,"href":"https:\/\/climalife.com\/ro\/wp-json\/wp\/v2\/product_cat?post=161516"},{"taxonomy":"product_tag","embeddable":true,"href":"https:\/\/climalife.com\/ro\/wp-json\/wp\/v2\/product_tag?post=161516"}],"curies":[{"name":"wp","href":"https:\/\/api.w.org\/{rel}","templated":true}]}}