{"id":161525,"date":"2022-09-28T17:51:57","date_gmt":"2022-09-28T17:51:57","guid":{"rendered":"http:\/\/climalife.com\/product\/nettogaz-gc\/"},"modified":"2025-08-19T13:55:07","modified_gmt":"2025-08-19T13:55:07","slug":"nettogaz-gc","status":"publish","type":"product","link":"https:\/\/climalife.com\/ro\/product\/nettogaz-gc\/","title":{"rendered":"Nettogaz GC+"},"content":{"rendered":"<p>Dezvoltat de Climalife, \u00a0elimin\u0103 calamina, impurit\u0103\u021bile (particule de ap\u0103 sau particule solide) prezente \u00een sisteme \u00eenainte sau dup\u0103 un incident. Puterea sa excelent\u0103 de cur\u0103\u021bare \u00eel face s\u0103 fie un produs deosebit de eficient pentru to\u021bi lubrifian\u021bii de refrigerare obi\u0219nui\u021bi.<\/p>\n<p>Propriet\u0103\u021bile<strong> GC + <\/strong>permit utilizarea simpl\u0103.<\/p>\n","protected":false},"excerpt":{"rendered":"<p>NETTOGAZ GC + este conceput pentru cur\u0103\u021barea intern\u0103 a sistemelor de refrigerare \u0219i aer condi\u021bionat, cu un volum mic (pentru aplica\u021bii industriale a se vedea Facilisolv\u00ae).<\/p>\n","protected":false},"featured_media":108072,"comment_status":"open","ping_status":"closed","template":"","meta":[],"countries":[4674,4709,4756,4813,4831,4862],"product_brand":[],"product_cat":[13062,9989,9998,9953,9234,13097,9980,13131,9971,9944],"product_tag":[],"class_list":{"0":"post-161525","1":"product","2":"type-product","3":"status-publish","4":"has-post-thumbnail","6":"countries-by","7":"countries-cu","8":"countries-ir","9":"countries-kp","10":"countries-ru","11":"countries-sy","12":"product_cat-aer-conditionat","13":"product_cat-aeronautica-aerospatiala-aparare","14":"product_cat-alte-industrii","15":"product_cat-cladiri","16":"product_cat-curatarea-interna-a-sistemelor-de-refrigerare","17":"product_cat-incalzire","18":"product_cat-industria-auto-transport","19":"product_cat-refrigerare","20":"product_cat-sanatate-bunastare","21":"product_cat-sector-agroalimentar","22":"pa_packaging-friocatch-ro-86","24":"first","25":"instock","26":"shipping-taxable","27":"purchasable","28":"product-type-variable"},"_links":{"self":[{"href":"https:\/\/climalife.com\/ro\/wp-json\/wp\/v2\/product\/161525","targetHints":{"allow":["GET"]}}],"collection":[{"href":"https:\/\/climalife.com\/ro\/wp-json\/wp\/v2\/product"}],"about":[{"href":"https:\/\/climalife.com\/ro\/wp-json\/wp\/v2\/types\/product"}],"replies":[{"embeddable":true,"href":"https:\/\/climalife.com\/ro\/wp-json\/wp\/v2\/comments?post=161525"}],"wp:featuredmedia":[{"embeddable":true,"href":"https:\/\/climalife.com\/ro\/wp-json\/wp\/v2\/media\/108072"}],"wp:attachment":[{"href":"https:\/\/climalife.com\/ro\/wp-json\/wp\/v2\/media?parent=161525"}],"wp:term":[{"taxonomy":"countries","embeddable":true,"href":"https:\/\/climalife.com\/ro\/wp-json\/wp\/v2\/countries?post=161525"},{"taxonomy":"product_brand","embeddable":true,"href":"https:\/\/climalife.com\/ro\/wp-json\/wp\/v2\/product_brand?post=161525"},{"taxonomy":"product_cat","embeddable":true,"href":"https:\/\/climalife.com\/ro\/wp-json\/wp\/v2\/product_cat?post=161525"},{"taxonomy":"product_tag","embeddable":true,"href":"https:\/\/climalife.com\/ro\/wp-json\/wp\/v2\/product_tag?post=161525"}],"curies":[{"name":"wp","href":"https:\/\/api.w.org\/{rel}","templated":true}]}}