{"id":161536,"date":"2022-09-28T17:52:05","date_gmt":"2022-09-28T17:52:05","guid":{"rendered":"http:\/\/climalife.com\/product\/apc\/"},"modified":"2024-01-25T13:52:59","modified_gmt":"2024-01-25T13:52:59","slug":"apc","status":"publish","type":"product","link":"https:\/\/climalife.com\/ro\/product\/apc\/","title":{"rendered":"APC"},"content":{"rendered":"<p>Kitul APC este alc\u0103tuit dintr-un formular de identificare a mostrei, un flacon (500 ml) de prelevare a mostrelor pe site.<\/p>\n<p>&nbsp;<\/p>\n<p><strong><span class=\"tlid-translation translation\" lang=\"ro\"><span class=\"\" title=\"\">3 kituri de analize sunt disponibile:<\/span><\/span>\u00a0<\/strong><\/p>\n<p>APC A = Aspect + punct de \u00eenghe\u021b al produselor pe baz\u0103 de glicol sau 1,3-propandiol.<\/p>\n<p>APC B = APC A + densitate la 20 \u00b0 C + alcalinitate rezerv\u0103 (evaluarea deterior\u0103rii) + pH pentru produsele pe baz\u0103 de glicol sau 1,3-propandiol.<\/p>\n<p>APC D = APC B + GPC* cuantiglicol pentru produsele pe baz\u0103 de glicol.<\/p>\n<p>*GPC &#8211; cromatograf de gaze<\/p>\n","protected":false},"excerpt":{"rendered":"<p>APC KIT &#8211; Analiza periodic\u0103 a lichidului de transfer termic \u0219i interpretarea rezultatelor de c\u0103tre laboratorul Climalife.<\/p>\n","protected":false},"featured_media":121932,"comment_status":"open","ping_status":"closed","template":"","meta":[],"countries":[4674,4709,4756,4813,4831,4862],"product_brand":[],"product_cat":[13062,9989,9998,9953,13097,9486,13131,9971,9944],"product_tag":[],"class_list":{"0":"post-161536","1":"product","2":"type-product","3":"status-publish","4":"has-post-thumbnail","6":"countries-by","7":"countries-cu","8":"countries-ir","9":"countries-kp","10":"countries-ru","11":"countries-sy","12":"product_cat-aer-conditionat","13":"product_cat-aeronautica-aerospatiala-aparare","14":"product_cat-alte-industrii","15":"product_cat-cladiri","16":"product_cat-incalzire","17":"product_cat-analiza-lichide-de-transfer-termic","18":"product_cat-refrigerare","19":"product_cat-sanatate-bunastare","20":"product_cat-sector-agroalimentar","22":"first","23":"instock","24":"shipping-taxable","25":"purchasable","26":"product-type-variable"},"_links":{"self":[{"href":"https:\/\/climalife.com\/ro\/wp-json\/wp\/v2\/product\/161536","targetHints":{"allow":["GET"]}}],"collection":[{"href":"https:\/\/climalife.com\/ro\/wp-json\/wp\/v2\/product"}],"about":[{"href":"https:\/\/climalife.com\/ro\/wp-json\/wp\/v2\/types\/product"}],"replies":[{"embeddable":true,"href":"https:\/\/climalife.com\/ro\/wp-json\/wp\/v2\/comments?post=161536"}],"wp:featuredmedia":[{"embeddable":true,"href":"https:\/\/climalife.com\/ro\/wp-json\/wp\/v2\/media\/121932"}],"wp:attachment":[{"href":"https:\/\/climalife.com\/ro\/wp-json\/wp\/v2\/media?parent=161536"}],"wp:term":[{"taxonomy":"countries","embeddable":true,"href":"https:\/\/climalife.com\/ro\/wp-json\/wp\/v2\/countries?post=161536"},{"taxonomy":"product_brand","embeddable":true,"href":"https:\/\/climalife.com\/ro\/wp-json\/wp\/v2\/product_brand?post=161536"},{"taxonomy":"product_cat","embeddable":true,"href":"https:\/\/climalife.com\/ro\/wp-json\/wp\/v2\/product_cat?post=161536"},{"taxonomy":"product_tag","embeddable":true,"href":"https:\/\/climalife.com\/ro\/wp-json\/wp\/v2\/product_tag?post=161536"}],"curies":[{"name":"wp","href":"https:\/\/api.w.org\/{rel}","templated":true}]}}