{"id":161570,"date":"2022-09-28T17:52:28","date_gmt":"2022-09-28T17:52:28","guid":{"rendered":"http:\/\/climalife.com\/product\/hfc-227ea-fe\/"},"modified":"2025-08-19T13:49:16","modified_gmt":"2025-08-19T13:49:16","slug":"hfc-227ea-fe","status":"publish","type":"product","link":"https:\/\/climalife.com\/ro\/product\/hfc-227ea-fe\/","title":{"rendered":"HFC 227ea FE"},"content":{"rendered":"<div id=\"reference-content\" class=\"textarea mce-content-body\">\n<p>HFC 227ea FE este un heptafluoropropan. Este de calitate constant\u0103 \u0219i \u00eendepline\u0219te toate cerin\u021bele pentru utilizarea \u00een sting\u0103toarele \u0219i sistemele de stingere a incendiilor. Neinflamabil, ofer\u0103 numeroase posibilit\u0103\u021bi de utilizare \u00een formul\u0103ri care necesit\u0103 cerin\u021be de siguran\u021b\u0103 (reglementare, mediu periculos, mediu \u00eenchis).<\/p>\n<p>&nbsp;<\/p>\n<p>Utilizarea sa nu necesit\u0103 investi\u021bii speciale \u00een instala\u021bii de siguran\u021b\u0103 (ATEX). Nu are niciun efect asupra stratului de ozon.<\/p>\n<\/div>\n","protected":false},"excerpt":{"rendered":"<p>HFC 227ea FE este recunoscut de UL (EX16326) ca agent inhibitor pentru sting\u0103toarele \u0219i sistemele de stingere a incendiilor.<\/p>\n","protected":false},"featured_media":131319,"comment_status":"open","ping_status":"closed","template":"","meta":[],"countries":[4674,4709,4756,4813,4831,4862],"product_brand":[],"product_cat":[9989,9998,9953,9962,9390,9980,13088],"product_tag":[],"class_list":{"0":"post-161570","1":"product","2":"type-product","3":"status-publish","4":"has-post-thumbnail","6":"countries-by","7":"countries-cu","8":"countries-ir","9":"countries-kp","10":"countries-ru","11":"countries-sy","12":"product_cat-aeronautica-aerospatiala-aparare","13":"product_cat-alte-industrii","14":"product_cat-cladiri","15":"product_cat-energie","16":"product_cat-hfc-ro-94","17":"product_cat-industria-auto-transport","18":"product_cat-protectia-impotriva-incendiilor","19":"pa_packaging-container-448-l-ro-74","20":"pa_packaging-container-930-l-ro-76","21":"pa_packaging-cilindru-88-l-ro-122","23":"first","24":"instock","25":"shipping-taxable","26":"purchasable","27":"product-type-variable"},"_links":{"self":[{"href":"https:\/\/climalife.com\/ro\/wp-json\/wp\/v2\/product\/161570","targetHints":{"allow":["GET"]}}],"collection":[{"href":"https:\/\/climalife.com\/ro\/wp-json\/wp\/v2\/product"}],"about":[{"href":"https:\/\/climalife.com\/ro\/wp-json\/wp\/v2\/types\/product"}],"replies":[{"embeddable":true,"href":"https:\/\/climalife.com\/ro\/wp-json\/wp\/v2\/comments?post=161570"}],"wp:featuredmedia":[{"embeddable":true,"href":"https:\/\/climalife.com\/ro\/wp-json\/wp\/v2\/media\/131319"}],"wp:attachment":[{"href":"https:\/\/climalife.com\/ro\/wp-json\/wp\/v2\/media?parent=161570"}],"wp:term":[{"taxonomy":"countries","embeddable":true,"href":"https:\/\/climalife.com\/ro\/wp-json\/wp\/v2\/countries?post=161570"},{"taxonomy":"product_brand","embeddable":true,"href":"https:\/\/climalife.com\/ro\/wp-json\/wp\/v2\/product_brand?post=161570"},{"taxonomy":"product_cat","embeddable":true,"href":"https:\/\/climalife.com\/ro\/wp-json\/wp\/v2\/product_cat?post=161570"},{"taxonomy":"product_tag","embeddable":true,"href":"https:\/\/climalife.com\/ro\/wp-json\/wp\/v2\/product_tag?post=161570"}],"curies":[{"name":"wp","href":"https:\/\/api.w.org\/{rel}","templated":true}]}}