{"id":161582,"date":"2022-09-28T17:52:40","date_gmt":"2022-09-28T17:52:40","guid":{"rendered":"http:\/\/climalife.com\/product\/r-454b\/"},"modified":"2025-08-19T13:39:06","modified_gmt":"2025-08-19T13:39:06","slug":"r-454b","status":"publish","type":"product","link":"https:\/\/climalife.com\/ro\/product\/r-454b\/","title":{"rendered":"R-454B"},"content":{"rendered":"<div id=\"reference-content\" class=\"textarea mce-content-body\">\n<p>&nbsp;<\/p>\n<p><span class=\"VIiyi\" lang=\"ro\"><span class=\"JLqJ4b ChMk0b\" data-language-for-alternatives=\"ro\" data-language-to-translate-into=\"fr\" data-phrase-index=\"0\">Destinat pentru instala\u021bii noi de aer condi\u021bionat \u00een care R-410A este utilizat \u00een general.<\/span><\/span><\/p>\n<\/div>\n<div class=\"textarea mce-content-body\"><\/div>\n<div class=\"textarea mce-content-body\"><span class=\"VIiyi\" lang=\"ro\"><span class=\"JLqJ4b ChMk0b\" data-language-for-alternatives=\"ro\" data-language-to-translate-into=\"fr\" data-phrase-index=\"0\">Este recomandat pentru echipamente destinate utiliz\u0103rii casnice \u0219i comerciale de putere redus\u0103, chillere, aparate de aer condi\u021bionat cu expansiune direct\u0103 (DX), pompe de c\u0103ldur\u0103, aparate de aer condi\u021bionat monobloc sau bi-bloc (split).\u00a0<\/span><\/span><\/div>\n<div class=\"textarea mce-content-body\"><\/div>\n<div class=\"textarea mce-content-body\">\n<p><span class=\"VIiyi\" lang=\"ro\"><span class=\"JLqJ4b ChMk0b\" data-language-for-alternatives=\"ro\" data-language-to-translate-into=\"fr\" data-phrase-index=\"0\">Folosi\u021bi un ulei poliester (POE). <\/span><\/span><\/p>\n<\/div>\n","protected":false},"excerpt":{"rendered":"<p>R-454B este un amestec non-azeotropic\u00a0pe baz\u0103 de\u00a0hidrofluorocarbur\u0103 (HFC) \u0219i hidrofluoro-olefin\u0103 (HFO) cu GWP sc\u0103zut.<\/p>\n","protected":false},"featured_media":190677,"comment_status":"open","ping_status":"closed","template":"","meta":[],"countries":[4674,4709,4756,4813,4831,4862],"product_brand":[],"product_cat":[9953,13062,9611],"product_tag":[],"class_list":{"0":"post-161582","1":"product","2":"type-product","3":"status-publish","4":"has-post-thumbnail","6":"countries-by","7":"countries-cu","8":"countries-ir","9":"countries-kp","10":"countries-ru","11":"countries-sy","12":"product_cat-cladiri","13":"product_cat-aer-conditionat","14":"product_cat-amestec-hfc-hfo","15":"pa_packaging-cilindru-12-l-ro-92","16":"pa_packaging-cilindru-52-l-ro-72","17":"pa_packaging-ministar-ro-339","19":"first","20":"instock","21":"shipping-taxable","22":"purchasable","23":"product-type-variable"},"_links":{"self":[{"href":"https:\/\/climalife.com\/ro\/wp-json\/wp\/v2\/product\/161582","targetHints":{"allow":["GET"]}}],"collection":[{"href":"https:\/\/climalife.com\/ro\/wp-json\/wp\/v2\/product"}],"about":[{"href":"https:\/\/climalife.com\/ro\/wp-json\/wp\/v2\/types\/product"}],"replies":[{"embeddable":true,"href":"https:\/\/climalife.com\/ro\/wp-json\/wp\/v2\/comments?post=161582"}],"wp:featuredmedia":[{"embeddable":true,"href":"https:\/\/climalife.com\/ro\/wp-json\/wp\/v2\/media\/190677"}],"wp:attachment":[{"href":"https:\/\/climalife.com\/ro\/wp-json\/wp\/v2\/media?parent=161582"}],"wp:term":[{"taxonomy":"countries","embeddable":true,"href":"https:\/\/climalife.com\/ro\/wp-json\/wp\/v2\/countries?post=161582"},{"taxonomy":"product_brand","embeddable":true,"href":"https:\/\/climalife.com\/ro\/wp-json\/wp\/v2\/product_brand?post=161582"},{"taxonomy":"product_cat","embeddable":true,"href":"https:\/\/climalife.com\/ro\/wp-json\/wp\/v2\/product_cat?post=161582"},{"taxonomy":"product_tag","embeddable":true,"href":"https:\/\/climalife.com\/ro\/wp-json\/wp\/v2\/product_tag?post=161582"}],"curies":[{"name":"wp","href":"https:\/\/api.w.org\/{rel}","templated":true}]}}