{"id":161596,"date":"2022-09-28T17:52:49","date_gmt":"2022-09-28T17:52:49","guid":{"rendered":"http:\/\/climalife.com\/product\/pyrostop-6-iec-60376\/"},"modified":"2025-08-19T13:37:45","modified_gmt":"2025-08-19T13:37:45","slug":"pyrostop-6-iec-60376","status":"publish","type":"product","link":"https:\/\/climalife.com\/ro\/product\/pyrostop-6-iec-60376\/","title":{"rendered":"Pyrostop 6 (SF6) IEC 60376"},"content":{"rendered":"<p>Pyrostop 6 (SF6) IEC 60376 este un gaz stabil \u0219i inert. Nu are o ac\u021biune agresiv\u0103 fa\u021b\u0103 de materialele cu care intr\u0103 \u00een contact.<br \/>\nPyrostop 6 (SF6) IEC 60376 \u00eendepline\u0219te cerin\u021bele standardului IEC 60376.<br \/>\nEfectul de ser\u0103\u00a0semnificativ face necesar\u0103 reducerea emisiilor sale \u00een atmosfer\u0103. CLIMALIFE v\u0103 pune la dispozi\u021bie echipamente pentru transferul acestui gaz, precum \u0219i pentru reciclarea lui (a se vedea sfaturile de utilizare).<\/p>\n","protected":false},"excerpt":{"rendered":"<p>Pyrostop 6 IEC 60376 este un gaz dielectric, inert, netoxic \u0219i neinflamabil. Este destinat s\u0103 taie arcul electric sau s\u0103 fie utilizat ca agent de acoperire pentru a evita aprinderea magneziului. Este utilizat \u00een urm\u0103toarele sectoare: \u00eentrerup\u0103toare de \u00eenalt\u0103 tensiune, substa\u021bii de \u00eenalt\u0103 tensiune ecranate, acceleratoare de particule, metalurgie (p\u0103tur\u0103 de magneziu).<\/p>\n","protected":false},"featured_media":195836,"comment_status":"open","ping_status":"closed","template":"","meta":[],"countries":[4674,4709,4756,4813,4831,4862],"product_brand":[],"product_cat":[9989,9962,9971,9998,13201,9382],"product_tag":[],"class_list":{"0":"post-161596","1":"product","2":"type-product","3":"status-publish","4":"has-post-thumbnail","6":"countries-by","7":"countries-cu","8":"countries-ir","9":"countries-kp","10":"countries-ru","11":"countries-sy","12":"product_cat-aeronautica-aerospatiala-aparare","13":"product_cat-energie","14":"product_cat-sanatate-bunastare","15":"product_cat-alte-industrii","16":"product_cat-dielectric-sf6-t","17":"product_cat-gaz-inert","18":"pa_packaging-cilindru-23-l-ro-357","19":"pa_packaging-cilindru-41-l-ro-358","20":"pa_packaging-cilindru-50-l-ro-118","21":"pa_packaging-container-600-l-ro-359","23":"first","24":"instock","25":"shipping-taxable","26":"purchasable","27":"product-type-variable"},"_links":{"self":[{"href":"https:\/\/climalife.com\/ro\/wp-json\/wp\/v2\/product\/161596","targetHints":{"allow":["GET"]}}],"collection":[{"href":"https:\/\/climalife.com\/ro\/wp-json\/wp\/v2\/product"}],"about":[{"href":"https:\/\/climalife.com\/ro\/wp-json\/wp\/v2\/types\/product"}],"replies":[{"embeddable":true,"href":"https:\/\/climalife.com\/ro\/wp-json\/wp\/v2\/comments?post=161596"}],"wp:featuredmedia":[{"embeddable":true,"href":"https:\/\/climalife.com\/ro\/wp-json\/wp\/v2\/media\/195836"}],"wp:attachment":[{"href":"https:\/\/climalife.com\/ro\/wp-json\/wp\/v2\/media?parent=161596"}],"wp:term":[{"taxonomy":"countries","embeddable":true,"href":"https:\/\/climalife.com\/ro\/wp-json\/wp\/v2\/countries?post=161596"},{"taxonomy":"product_brand","embeddable":true,"href":"https:\/\/climalife.com\/ro\/wp-json\/wp\/v2\/product_brand?post=161596"},{"taxonomy":"product_cat","embeddable":true,"href":"https:\/\/climalife.com\/ro\/wp-json\/wp\/v2\/product_cat?post=161596"},{"taxonomy":"product_tag","embeddable":true,"href":"https:\/\/climalife.com\/ro\/wp-json\/wp\/v2\/product_tag?post=161596"}],"curies":[{"name":"wp","href":"https:\/\/api.w.org\/{rel}","templated":true}]}}