{"id":161616,"date":"2022-09-28T17:53:02","date_gmt":"2022-09-28T17:53:02","guid":{"rendered":"http:\/\/climalife.com\/product\/novexpans-hfc-365mfc-hfc-227ea-93-7\/"},"modified":"2025-06-13T11:00:31","modified_gmt":"2025-06-13T11:00:31","slug":"novexpans-hfc-365mfc-hfc-227ea-93-7","status":"publish","type":"product","link":"https:\/\/climalife.com\/ro\/product\/novexpans-hfc-365mfc-hfc-227ea-93-7\/","title":{"rendered":"NOVEXPANS\u2122 HFC 365mfc\/HFC 227ea (93\/7)"},"content":{"rendered":"<p><span class=\"tlid-translation translation\" lang=\"ro\"><span class=\"\" title=\"\">Spumele ob\u021binute cu NOVEXPANS<sup>\u2122<\/sup>\u00a0HFC 365mfc \/ HFC 227ea (93\/7) prezint\u0103 rezisten\u021b\u0103 bun\u0103 la compresiune, conductivitate termic\u0103 sc\u0103zut\u0103 \u0219i structur\u0103 fin\u0103 a celulei.<\/span><br \/>\n<span class=\"\" title=\"\">Utilizarea acestuia \u00een cilindrii sau containere asigur\u0103 stabilitatea concentra\u021biei amestecului \u0219i este neinflamabil.<\/span><\/span><\/p>\n","protected":false},"excerpt":{"rendered":"<p>NOVEXPANS\u2122 HFC 365mfc \/ HFC 227ea (93\/7) este un amestec de HFC 365mfc \u0219i HFC 227ea cu specifica\u021bii garantate, utilizat ca agent de expansiune a spumelor poliuretanice.<\/p>\n","protected":false},"featured_media":203681,"comment_status":"open","ping_status":"closed","template":"","meta":[],"countries":[4652,4657,4660,4668,4674,4675,4681,4683,4688,4708,4709,4710,4711,4713,4722,4725,4727,4728,4729,4730,4731,4732,4736,4739,4740,4752,4753,4756,4758,4760,9125,4770,4775,4776,4777,4779,4785,4794,4796,4804,4813,4815,4826,4827,4893,4831,4839,4843,4847,4848,4854,4858,4860,4861,4862,4873,4880,4886],"product_brand":[],"product_cat":[9980,9953,9944,9998,13106,9588],"product_tag":[],"class_list":{"0":"post-161616","1":"product","2":"type-product","3":"status-publish","4":"has-post-thumbnail","6":"countries-al","7":"countries-ad","8":"countries-aq","9":"countries-at","10":"countries-by","11":"countries-be","12":"countries-ba","13":"countries-bv","14":"countries-bg","15":"countries-hr","16":"countries-cu","17":"countries-cy","18":"countries-cz","19":"countries-dk","20":"countries-ee","21":"countries-fo","22":"countries-fi","23":"countries-fr","24":"countries-fr-gf-gp-mq-yt-re","25":"countries-gn","26":"countries-pf","27":"countries-tf","28":"countries-de","29":"countries-gr","30":"countries-gl","31":"countries-hu","32":"countries-is","33":"countries-ir","34":"countries-ie","35":"countries-it","36":"countries-xk","37":"countries-lv","38":"countries-li","39":"countries-lt","40":"countries-lu","41":"countries-mk","42":"countries-mt","43":"countries-mc","44":"countries-me","45":"countries-nl","46":"countries-kp","47":"countries-no","48":"countries-pl","49":"countries-pt","50":"countries-ro","51":"countries-ru","52":"countries-sm","53":"countries-rs","54":"countries-sk","55":"countries-si","56":"countries-es","57":"countries-sj","58":"countries-se","59":"countries-ch","60":"countries-sy","61":"countries-tr","62":"countries-gb","63":"countries-va","64":"product_cat-industria-auto-transport","65":"product_cat-cladiri","66":"product_cat-sector-agroalimentar","67":"product_cat-alte-industrii","68":"product_cat-izolatie","69":"product_cat-amestecuri-hfc","70":"pa_packaging-20-tone-vrac-ro-141","71":"pa_packaging-butoi-225-l-ro-37","72":"pa_packaging-cilindru-26-l-ro-32","73":"pa_packaging-cilindru-88-l-ro-122","75":"first","76":"instock","77":"shipping-taxable","78":"purchasable","79":"product-type-variable"},"_links":{"self":[{"href":"https:\/\/climalife.com\/ro\/wp-json\/wp\/v2\/product\/161616","targetHints":{"allow":["GET"]}}],"collection":[{"href":"https:\/\/climalife.com\/ro\/wp-json\/wp\/v2\/product"}],"about":[{"href":"https:\/\/climalife.com\/ro\/wp-json\/wp\/v2\/types\/product"}],"replies":[{"embeddable":true,"href":"https:\/\/climalife.com\/ro\/wp-json\/wp\/v2\/comments?post=161616"}],"wp:featuredmedia":[{"embeddable":true,"href":"https:\/\/climalife.com\/ro\/wp-json\/wp\/v2\/media\/203681"}],"wp:attachment":[{"href":"https:\/\/climalife.com\/ro\/wp-json\/wp\/v2\/media?parent=161616"}],"wp:term":[{"taxonomy":"countries","embeddable":true,"href":"https:\/\/climalife.com\/ro\/wp-json\/wp\/v2\/countries?post=161616"},{"taxonomy":"product_brand","embeddable":true,"href":"https:\/\/climalife.com\/ro\/wp-json\/wp\/v2\/product_brand?post=161616"},{"taxonomy":"product_cat","embeddable":true,"href":"https:\/\/climalife.com\/ro\/wp-json\/wp\/v2\/product_cat?post=161616"},{"taxonomy":"product_tag","embeddable":true,"href":"https:\/\/climalife.com\/ro\/wp-json\/wp\/v2\/product_tag?post=161616"}],"curies":[{"name":"wp","href":"https:\/\/api.w.org\/{rel}","templated":true}]}}