{"id":161653,"date":"2022-09-28T17:53:28","date_gmt":"2022-09-28T17:53:28","guid":{"rendered":"http:\/\/climalife.com\/product\/novaspray-hfo-1234ze-hcfo-1233zd-80-20\/"},"modified":"2025-08-19T13:26:36","modified_gmt":"2025-08-19T13:26:36","slug":"novaspray-hfo-1234ze-hcfo-1233zd-80-20","status":"publish","type":"product","link":"https:\/\/climalife.com\/ro\/product\/novaspray-hfo-1234ze-hcfo-1233zd-80-20\/","title":{"rendered":"NovaSpray\u2122 HFO 1234ze\/HCFO 1233zd (80\/20)"},"content":{"rendered":"<p>Neinflamabil, NovaSpray\u2122 HFO 1234ze \/ HCFO 1233zd (80\/20) ofer\u0103 multe posibilit\u0103\u021bi de utilizare \u00een formul\u0103ri care necesit\u0103 cerin\u021be de siguran\u021b\u0103 (reglementare, mediu riscant, spa\u021biu \u00eenchis).Utilizarea acestuia reduce inflamabilitatea multor formul\u0103ri pentru a le face neinflamabile \u00een conformitate cu Directiva 2008 \/47 \/ CE.Implementarea sa nu necesit\u0103 nicio investi\u021bie special\u0103 cum sunt instala\u021biile de siguran\u021b\u0103 ATEX.<\/p>\n","protected":false},"excerpt":{"rendered":"<p>NovaSpray\u2122 HFO 1234ze \/ HCFO 1233zd (80\/20) este un amestec special formulat din NovaSpray\u2122 HFO 1234ze \u0219i NovaSpray\u2122 HCFO 1233zd de grad aerosol. De calitate constant\u0103 \u0219i presiune controlat\u0103, \u00eendepline\u0219te toate cerin\u021bele pentru un agent de propulsie lichefiat.<\/p>\n","protected":false},"featured_media":126369,"comment_status":"open","ping_status":"closed","template":"","meta":[],"countries":[4674,4709,4756,4813,4831,4862],"product_brand":[],"product_cat":[9998,13122,9642],"product_tag":[],"class_list":{"0":"post-161653","1":"product","2":"type-product","3":"status-publish","4":"has-post-thumbnail","6":"countries-by","7":"countries-cu","8":"countries-ir","9":"countries-kp","10":"countries-ru","11":"countries-sy","12":"product_cat-alte-industrii","13":"product_cat-propulsoare","14":"product_cat-amestecuri-hfo","15":"pa_packaging-container-930-l-ro-76","17":"first","18":"instock","19":"shipping-taxable","20":"purchasable","21":"product-type-variable"},"_links":{"self":[{"href":"https:\/\/climalife.com\/ro\/wp-json\/wp\/v2\/product\/161653","targetHints":{"allow":["GET"]}}],"collection":[{"href":"https:\/\/climalife.com\/ro\/wp-json\/wp\/v2\/product"}],"about":[{"href":"https:\/\/climalife.com\/ro\/wp-json\/wp\/v2\/types\/product"}],"replies":[{"embeddable":true,"href":"https:\/\/climalife.com\/ro\/wp-json\/wp\/v2\/comments?post=161653"}],"wp:featuredmedia":[{"embeddable":true,"href":"https:\/\/climalife.com\/ro\/wp-json\/wp\/v2\/media\/126369"}],"wp:attachment":[{"href":"https:\/\/climalife.com\/ro\/wp-json\/wp\/v2\/media?parent=161653"}],"wp:term":[{"taxonomy":"countries","embeddable":true,"href":"https:\/\/climalife.com\/ro\/wp-json\/wp\/v2\/countries?post=161653"},{"taxonomy":"product_brand","embeddable":true,"href":"https:\/\/climalife.com\/ro\/wp-json\/wp\/v2\/product_brand?post=161653"},{"taxonomy":"product_cat","embeddable":true,"href":"https:\/\/climalife.com\/ro\/wp-json\/wp\/v2\/product_cat?post=161653"},{"taxonomy":"product_tag","embeddable":true,"href":"https:\/\/climalife.com\/ro\/wp-json\/wp\/v2\/product_tag?post=161653"}],"curies":[{"name":"wp","href":"https:\/\/api.w.org\/{rel}","templated":true}]}}