{"id":161664,"date":"2022-09-28T17:53:35","date_gmt":"2022-09-28T17:53:35","guid":{"rendered":"http:\/\/climalife.com\/product\/novaspray-izobutan-propan-32-bari\/"},"modified":"2025-08-19T13:24:11","modified_gmt":"2025-08-19T13:24:11","slug":"novaspray-izobutan-propan-32-bari","status":"publish","type":"product","link":"https:\/\/climalife.com\/ro\/product\/novaspray-izobutan-propan-32-bari\/","title":{"rendered":"NovaSpray\u2122 izobutan \/ propan 3,2 bari"},"content":{"rendered":"<p><span class=\"tlid-translation translation\" lang=\"ro\"><span title=\"\">&#8211; Economic prin densitatea sa redus\u0103, reduce foarte mult greutatea propulsorului care urmeaz\u0103 s\u0103 fie utilizat.<\/span><br \/>\n<span title=\"\">&#8211; Miscibilitatea sa excelent\u0103 cu majoritatea solven\u021bilor \u00eei confer\u0103 o mare flexibilitate a formul\u0103rii.<\/span><br \/>\n<span class=\"\" title=\"\">&#8211; Nu are niciun efect asupra stratului de ozon \u0219i are un impact neglijabil asupra efectului de ser\u0103.<\/span><\/span><\/p>\n","protected":false},"excerpt":{"rendered":"<p>Produsul NovaSpray\u2122\u00a0izobutan \/ propan 3,2 bari este un amestec de NovaSpray\u2122\u00a0izobutan \u0219i\u00a0 NovaSpray\u2122 propan special dezodorizat \u0219i cu grad de aerosol. Calitate constant\u0103 \u0219i presiune controlat\u0103, \u00eendepline\u0219te toate cerin\u021bele pentru un propulsor.<\/p>\n","protected":false},"featured_media":126369,"comment_status":"open","ping_status":"closed","template":"","meta":[],"countries":[4674,4709,4756,4813,4831,4862],"product_brand":[],"product_cat":[9980,9953,9944,9971,9998,13122,9597],"product_tag":[],"class_list":{"0":"post-161664","1":"product","2":"type-product","3":"status-publish","4":"has-post-thumbnail","6":"countries-by","7":"countries-cu","8":"countries-ir","9":"countries-kp","10":"countries-ru","11":"countries-sy","12":"product_cat-industria-auto-transport","13":"product_cat-cladiri","14":"product_cat-sector-agroalimentar","15":"product_cat-sanatate-bunastare","16":"product_cat-alte-industrii","17":"product_cat-propulsoare","18":"product_cat-hidrocarburi-ro-83","19":"pa_packaging-butoi-217-l-ro-30","20":"pa_packaging-cilindru-88-l-ro-122","22":"first","23":"instock","24":"shipping-taxable","25":"purchasable","26":"product-type-variable"},"_links":{"self":[{"href":"https:\/\/climalife.com\/ro\/wp-json\/wp\/v2\/product\/161664","targetHints":{"allow":["GET"]}}],"collection":[{"href":"https:\/\/climalife.com\/ro\/wp-json\/wp\/v2\/product"}],"about":[{"href":"https:\/\/climalife.com\/ro\/wp-json\/wp\/v2\/types\/product"}],"replies":[{"embeddable":true,"href":"https:\/\/climalife.com\/ro\/wp-json\/wp\/v2\/comments?post=161664"}],"wp:featuredmedia":[{"embeddable":true,"href":"https:\/\/climalife.com\/ro\/wp-json\/wp\/v2\/media\/126369"}],"wp:attachment":[{"href":"https:\/\/climalife.com\/ro\/wp-json\/wp\/v2\/media?parent=161664"}],"wp:term":[{"taxonomy":"countries","embeddable":true,"href":"https:\/\/climalife.com\/ro\/wp-json\/wp\/v2\/countries?post=161664"},{"taxonomy":"product_brand","embeddable":true,"href":"https:\/\/climalife.com\/ro\/wp-json\/wp\/v2\/product_brand?post=161664"},{"taxonomy":"product_cat","embeddable":true,"href":"https:\/\/climalife.com\/ro\/wp-json\/wp\/v2\/product_cat?post=161664"},{"taxonomy":"product_tag","embeddable":true,"href":"https:\/\/climalife.com\/ro\/wp-json\/wp\/v2\/product_tag?post=161664"}],"curies":[{"name":"wp","href":"https:\/\/api.w.org\/{rel}","templated":true}]}}