{"id":161686,"date":"2022-09-28T17:53:47","date_gmt":"2022-09-28T17:53:47","guid":{"rendered":"http:\/\/climalife.com\/product\/bacharach-mvr-300-detector-fix\/"},"modified":"2025-08-19T13:22:07","modified_gmt":"2025-08-19T13:22:07","slug":"bacharach-mvr-300-detector-fix","status":"publish","type":"product","link":"https:\/\/climalife.com\/ro\/product\/bacharach-mvr-300-detector-fix\/","title":{"rendered":"Bacharach MVR-300 detector fix"},"content":{"rendered":"<div id=\"reference-content\" class=\"textarea mce-content-body\">\n<p><span id=\"result_box\" class=\"\" lang=\"ro\"><span title=\"MRV 300 permet de d\u00e9tecter les fluides frigorig\u00e8nes utilis\u00e9s dans les syst\u00e8mes de r\u00e9frig\u00e9ration et de chauffage \u00e0 grand volume tels que les VRF\/VRV (d\u00e9bit variable fluide frigorig\u00e8ne \/ volume variable de fluide frigorig\u00e8ne). \">MRV 300 poate detecta agen\u021bii frigorifici utiliza\u021bi \u00een sistemele de refrigerare \u0219i \u00eenc\u0103lzire cu volum mare, cum ar fi VRF \/ VRV (debit variabil de agent frigorific \/ volum variabil de agent frigorific).<\/span><\/span><\/p>\n<p>MVR 300 este proiectat special pentru o monitorizare continu\u0103 \u0219i eficient\u0103 \u00een aplica\u021bii tipice, cum ar fi hoteluri, c\u0103mine, spitale, birouri \u0219i cl\u0103diri de apartamente. Semnalele sonore \u0219i vizuale alerteaz\u0103 ocupan\u021bii \u0219i comunic\u0103 simultan cu sistemele de monitorizare a cl\u0103dirilor (BMS\/BAS). 2 relee interne (alarme joase \u0219i \u00eenalte) pot fi folosite pentru a \u00eenchide supapele, a activa alarmele, a ini\u021bia extractoare, sau pentru a ini\u021bia un apel de urgen\u021b\u0103.<\/p>\n<p>Interfa\u021ba Modbus integrat\u0103 ofer\u0103 informa\u021bii \u00een timp real despre concentra\u021biile de agent frigorific detectate, despre parametrii de stare \u0219i de reglare. De asemenea, permite configurarea personalizat\u0103 a tuturor cerin\u021belor specifice \u00een func\u021bie de aplica\u021bie, utiliz\u00e2nd mai mul\u021bi registri Modbus.<\/p>\n<p>MRV-300 este u\u0219or de instalat \u0219i este proiectat pentru o \u00eentre\u021binere u\u0219oar\u0103.<\/p>\n<p>&nbsp;<\/p>\n<\/div>\n","protected":false},"excerpt":{"rendered":"<p>Bacharach MVR-300 este un nou detector de agent frigorific pentru spa\u021bii ocupate, care spore\u0219te siguran\u021ba, conformitatea cu legisla\u021bia \u0219i eficien\u021ba sistemelor HVAC.<\/p>\n","protected":false},"featured_media":122112,"comment_status":"open","ping_status":"closed","template":"","meta":[],"countries":[4674,4709,4756,4760,4804,4813,4831,4862],"product_brand":[],"product_cat":[9989,9953,9971,9998,13062,13097,9269],"product_tag":[],"class_list":{"0":"post-161686","1":"product","2":"type-product","3":"status-publish","4":"has-post-thumbnail","6":"countries-by","7":"countries-cu","8":"countries-ir","9":"countries-it","10":"countries-nl","11":"countries-kp","12":"countries-ru","13":"countries-sy","14":"product_cat-aeronautica-aerospatiala-aparare","15":"product_cat-cladiri","16":"product_cat-sanatate-bunastare","17":"product_cat-alte-industrii","18":"product_cat-aer-conditionat","19":"product_cat-incalzire","20":"product_cat-detectare-fixa-a-scurgerilor","22":"first","23":"instock","24":"shipping-taxable","25":"purchasable","26":"product-type-variable"},"_links":{"self":[{"href":"https:\/\/climalife.com\/ro\/wp-json\/wp\/v2\/product\/161686","targetHints":{"allow":["GET"]}}],"collection":[{"href":"https:\/\/climalife.com\/ro\/wp-json\/wp\/v2\/product"}],"about":[{"href":"https:\/\/climalife.com\/ro\/wp-json\/wp\/v2\/types\/product"}],"replies":[{"embeddable":true,"href":"https:\/\/climalife.com\/ro\/wp-json\/wp\/v2\/comments?post=161686"}],"wp:featuredmedia":[{"embeddable":true,"href":"https:\/\/climalife.com\/ro\/wp-json\/wp\/v2\/media\/122112"}],"wp:attachment":[{"href":"https:\/\/climalife.com\/ro\/wp-json\/wp\/v2\/media?parent=161686"}],"wp:term":[{"taxonomy":"countries","embeddable":true,"href":"https:\/\/climalife.com\/ro\/wp-json\/wp\/v2\/countries?post=161686"},{"taxonomy":"product_brand","embeddable":true,"href":"https:\/\/climalife.com\/ro\/wp-json\/wp\/v2\/product_brand?post=161686"},{"taxonomy":"product_cat","embeddable":true,"href":"https:\/\/climalife.com\/ro\/wp-json\/wp\/v2\/product_cat?post=161686"},{"taxonomy":"product_tag","embeddable":true,"href":"https:\/\/climalife.com\/ro\/wp-json\/wp\/v2\/product_tag?post=161686"}],"curies":[{"name":"wp","href":"https:\/\/api.w.org\/{rel}","templated":true}]}}