{"id":161711,"date":"2022-09-28T17:54:04","date_gmt":"2022-09-28T17:54:04","guid":{"rendered":"http:\/\/climalife.com\/product\/r-32\/"},"modified":"2025-08-19T13:19:51","modified_gmt":"2025-08-19T13:19:51","slug":"r-32","status":"publish","type":"product","link":"https:\/\/climalife.com\/ro\/product\/r-32\/","title":{"rendered":"R-32"},"content":{"rendered":"<p>Acesta nu este un agent frigorific de reconversie pentru instala\u021biile existente care func\u021bioneaz\u0103 cu un alt refrigerant. Este, de asemenea, utilizat ca o component\u0103 \u00een amestecuri HFC \u0219i HFO.<\/p>\n","protected":false},"excerpt":{"rendered":"<p>R-32 este un hidrofluorocarbon (HFC) cu GWP sc\u0103zut. Este un agent frigorific clasificat A2L (u\u0219or inflamabil). Se utilizeaz\u0103 \u00een sistemele de aer condi\u021bionat mici (split) cu o \u00eenc\u0103rc\u0103tur\u0103 care respect\u0103 cerin\u021bele EN 378.<\/p>\n","protected":false},"featured_media":190677,"comment_status":"open","ping_status":"closed","template":"","meta":[],"countries":[4674,4709,4756,4813,4831,4862],"product_brand":[],"product_cat":[9953,13062,13097,9450],"product_tag":[],"class_list":{"0":"post-161711","1":"product","2":"type-product","3":"status-publish","4":"has-post-thumbnail","6":"countries-by","7":"countries-cu","8":"countries-ir","9":"countries-kp","10":"countries-ru","11":"countries-sy","12":"product_cat-cladiri","13":"product_cat-aer-conditionat","14":"product_cat-incalzire","15":"product_cat-hfc-ro-33","16":"pa_packaging-cilindru-12-l-ro-92","18":"first","19":"instock","20":"shipping-taxable","21":"purchasable","22":"product-type-variable"},"_links":{"self":[{"href":"https:\/\/climalife.com\/ro\/wp-json\/wp\/v2\/product\/161711","targetHints":{"allow":["GET"]}}],"collection":[{"href":"https:\/\/climalife.com\/ro\/wp-json\/wp\/v2\/product"}],"about":[{"href":"https:\/\/climalife.com\/ro\/wp-json\/wp\/v2\/types\/product"}],"replies":[{"embeddable":true,"href":"https:\/\/climalife.com\/ro\/wp-json\/wp\/v2\/comments?post=161711"}],"wp:featuredmedia":[{"embeddable":true,"href":"https:\/\/climalife.com\/ro\/wp-json\/wp\/v2\/media\/190677"}],"wp:attachment":[{"href":"https:\/\/climalife.com\/ro\/wp-json\/wp\/v2\/media?parent=161711"}],"wp:term":[{"taxonomy":"countries","embeddable":true,"href":"https:\/\/climalife.com\/ro\/wp-json\/wp\/v2\/countries?post=161711"},{"taxonomy":"product_brand","embeddable":true,"href":"https:\/\/climalife.com\/ro\/wp-json\/wp\/v2\/product_brand?post=161711"},{"taxonomy":"product_cat","embeddable":true,"href":"https:\/\/climalife.com\/ro\/wp-json\/wp\/v2\/product_cat?post=161711"},{"taxonomy":"product_tag","embeddable":true,"href":"https:\/\/climalife.com\/ro\/wp-json\/wp\/v2\/product_tag?post=161711"}],"curies":[{"name":"wp","href":"https:\/\/api.w.org\/{rel}","templated":true}]}}