{"id":161758,"date":"2022-09-28T17:54:42","date_gmt":"2022-09-28T17:54:42","guid":{"rendered":"http:\/\/climalife.com\/product\/frionett-power-ultra-rtu\/"},"modified":"2024-01-25T13:52:43","modified_gmt":"2024-01-25T13:52:43","slug":"frionett-power-ultra-rtu","status":"publish","type":"product","link":"https:\/\/climalife.com\/ro\/product\/frionett-power-ultra-rtu\/","title":{"rendered":"Frionett\u00ae Power Ultra RTU"},"content":{"rendered":"<p>Acest produs alcalin este destinat pentru degresarera profesional\u0103 a instala\u021biilor de refrigerare \u0219i de aer condi\u021bionat : schimb\u0103toare de c\u0103ldur\u0103 ( evaporatoare, condensatoare ), ventilatoare, etc.<\/p>\n<p>Pentru cur\u0103\u021bare demontarea nu este necesar\u0103. Se cl\u0103te\u0219te dup\u0103 5 minute de contact.<\/p>\n<p>Puterea sa de cur\u0103\u021bare \u0219i de degresare elimin\u0103 praful, gr\u0103simea \u0219i murd\u0103ria, iar \u00een acest fel face posibil\u0103 optimizarea transferului de c\u0103ldur\u0103 la schimb\u0103toare \u0219i restaureaz\u0103 performan\u021ba acestora.<\/p>\n<p>&nbsp;<\/p>\n<p><strong>Frionett\u00ae Power Ultra RTU<\/strong>: produs gata de utilizare.<\/p>\n<p>&nbsp;<\/p>\n<p>&nbsp;<\/p>\n<p><strong>MOD DE UTILIZARE<\/strong><\/p>\n<p><strong>Frionett\u00ae Power Ultra RTU<\/strong>\u00a0 este gata de utilizare.<\/p>\n<p>Se pulverizeaz\u0103 produsul direct pe suprafa\u021ba de cur\u0103\u021bat, acoperind \u00eentreaga suprafa\u021b\u0103. Se las\u0103 s\u0103 stea timp de 5 minute, iar apoi se cl\u0103te\u0219te cu ap\u0103. Se repet\u0103 dup\u0103 cum este necesar.<\/p>\n<p>&nbsp;<\/p>\n<p>&nbsp;<\/p>\n","protected":false},"excerpt":{"rendered":"<p>Frionett\u00ae Power Ultra\u00a0RTU\u00a0este un degresant puternic, u\u015for parfumat destinat cur\u0103\u0163\u0103rii\u00a0tuturor suprafe\u0163elor netede.<\/p>\n","protected":false},"featured_media":118233,"comment_status":"open","ping_status":"closed","template":"","meta":[],"countries":[4674,4709,4756,4813,4831,4862],"product_brand":[],"product_cat":[9989,9980,9953,9944,9971,9998,13062,13097,13131,9567],"product_tag":[],"class_list":{"0":"post-161758","1":"product","2":"type-product","3":"status-publish","4":"has-post-thumbnail","6":"countries-by","7":"countries-cu","8":"countries-ir","9":"countries-kp","10":"countries-ru","11":"countries-sy","12":"product_cat-aeronautica-aerospatiala-aparare","13":"product_cat-industria-auto-transport","14":"product_cat-cladiri","15":"product_cat-sector-agroalimentar","16":"product_cat-sanatate-bunastare","17":"product_cat-alte-industrii","18":"product_cat-aer-conditionat","19":"product_cat-incalzire","20":"product_cat-refrigerare","21":"product_cat-curatarea-externa-a-instalatiilor-termice","22":"pa_packaging-pulverizator-cu-pumpa-750-ml-gata-de-folosire-ro-231","24":"first","25":"instock","26":"shipping-taxable","27":"purchasable","28":"product-type-variable"},"_links":{"self":[{"href":"https:\/\/climalife.com\/ro\/wp-json\/wp\/v2\/product\/161758","targetHints":{"allow":["GET"]}}],"collection":[{"href":"https:\/\/climalife.com\/ro\/wp-json\/wp\/v2\/product"}],"about":[{"href":"https:\/\/climalife.com\/ro\/wp-json\/wp\/v2\/types\/product"}],"replies":[{"embeddable":true,"href":"https:\/\/climalife.com\/ro\/wp-json\/wp\/v2\/comments?post=161758"}],"wp:featuredmedia":[{"embeddable":true,"href":"https:\/\/climalife.com\/ro\/wp-json\/wp\/v2\/media\/118233"}],"wp:attachment":[{"href":"https:\/\/climalife.com\/ro\/wp-json\/wp\/v2\/media?parent=161758"}],"wp:term":[{"taxonomy":"countries","embeddable":true,"href":"https:\/\/climalife.com\/ro\/wp-json\/wp\/v2\/countries?post=161758"},{"taxonomy":"product_brand","embeddable":true,"href":"https:\/\/climalife.com\/ro\/wp-json\/wp\/v2\/product_brand?post=161758"},{"taxonomy":"product_cat","embeddable":true,"href":"https:\/\/climalife.com\/ro\/wp-json\/wp\/v2\/product_cat?post=161758"},{"taxonomy":"product_tag","embeddable":true,"href":"https:\/\/climalife.com\/ro\/wp-json\/wp\/v2\/product_tag?post=161758"}],"curies":[{"name":"wp","href":"https:\/\/api.w.org\/{rel}","templated":true}]}}