{"id":161768,"date":"2022-09-28T17:54:51","date_gmt":"2022-09-28T17:54:51","guid":{"rendered":"http:\/\/climalife.com\/product\/frionett-power-ultra\/"},"modified":"2024-01-25T13:52:42","modified_gmt":"2024-01-25T13:52:42","slug":"frionett-power-ultra","status":"publish","type":"product","link":"https:\/\/climalife.com\/ro\/product\/frionett-power-ultra\/","title":{"rendered":"Frionett\u00ae Power Ultra"},"content":{"rendered":"<p>Acest\u00a0produs alcalin este destinat pentru degresarea profesional\u0103 a instala\u021biilor de refrigerare \u0219i de aer condi\u021bionat : schimb\u0103toare de c\u0103ldur\u0103 ( evaporatoare, condensatoare ), ventilatoare, etc.<\/p>\n<p>Pentru\u00a0cur\u0103\u021bare demontarea nu este necesar\u0103. Se cl\u0103te\u0219te dup\u0103 5 minute de contact.<\/p>\n<p>Puterea\u00a0sa de cur\u0103\u021bare \u0219i de degresare elimin\u0103 praful, gr\u0103simea \u0219i murd\u0103ria, iar \u00een acest fel face posibil\u0103 optimizarea transferului de c\u0103ldur\u0103 la schimb\u0103toare \u0219i restaureaz\u0103 performan\u021ba acestora.<\/p>\n<p><strong>Frionett\u00ae Power Ultra:<\/strong>\u00a0concentrat, a se dilua<\/p>\n<p>&nbsp;<\/p>\n<p><strong>MOD DE UTILIZARE<\/strong><\/p>\n<pre class=\"tw-data-text vk_txt tw-ta tw-text-small\" dir=\"ltr\" data-placeholder=\"Ford\u00edt\u00e1s\" data-fulltext=\"\"><span lang=\"ro\">Se dilueaz\u0103 <\/span><strong>Frionett\u00ae Power Ultra<\/strong>\u00a0<span lang=\"ro\">\u00een ap\u0103, \u00eentr -un raport de 1 parte produs p\u00e2n\u0103 la 5 p\u0103r\u021bi de ap\u0103<\/span>.<\/pre>\n<p>Dup<span lang=\"ro\">\u0103 <\/span>diluare se\u00a0pulverizeaz\u0103 produsul direct pe suprafa\u021ba de cur\u0103\u021bat, acoperind \u00eentreaga suprafa\u021b\u0103. Se las\u0103 s\u0103 stea timp de 5 minute, iar apoi se cl\u0103te\u0219te cu ap\u0103. Se repet\u0103 dup\u0103 cum este necesar.<\/p>\n<p>&nbsp;<\/p>\n","protected":false},"excerpt":{"rendered":"<p>Frionett\u00ae Power Ultra este un degresant puternic, u\u015for parfumat destinat degres\u0103rii tuturor suprafe\u0163elor netede.<\/p>\n","protected":false},"featured_media":118242,"comment_status":"open","ping_status":"closed","template":"","meta":[],"countries":[4674,4709,4756,4813,4831,4862],"product_brand":[],"product_cat":[13062,9989,9998,9953,9567,13097,9980,13131,9971,9944],"product_tag":[],"class_list":{"0":"post-161768","1":"product","2":"type-product","3":"status-publish","4":"has-post-thumbnail","6":"countries-by","7":"countries-cu","8":"countries-ir","9":"countries-kp","10":"countries-ru","11":"countries-sy","12":"product_cat-aer-conditionat","13":"product_cat-aeronautica-aerospatiala-aparare","14":"product_cat-alte-industrii","15":"product_cat-cladiri","16":"product_cat-curatarea-externa-a-instalatiilor-termice","17":"product_cat-incalzire","18":"product_cat-industria-auto-transport","19":"product_cat-refrigerare","20":"product_cat-sanatate-bunastare","21":"product_cat-sector-agroalimentar","22":"pa_packaging-concentrat-canistra-5-l-ro-230","24":"first","25":"instock","26":"shipping-taxable","27":"purchasable","28":"product-type-variable"},"_links":{"self":[{"href":"https:\/\/climalife.com\/ro\/wp-json\/wp\/v2\/product\/161768","targetHints":{"allow":["GET"]}}],"collection":[{"href":"https:\/\/climalife.com\/ro\/wp-json\/wp\/v2\/product"}],"about":[{"href":"https:\/\/climalife.com\/ro\/wp-json\/wp\/v2\/types\/product"}],"replies":[{"embeddable":true,"href":"https:\/\/climalife.com\/ro\/wp-json\/wp\/v2\/comments?post=161768"}],"wp:featuredmedia":[{"embeddable":true,"href":"https:\/\/climalife.com\/ro\/wp-json\/wp\/v2\/media\/118242"}],"wp:attachment":[{"href":"https:\/\/climalife.com\/ro\/wp-json\/wp\/v2\/media?parent=161768"}],"wp:term":[{"taxonomy":"countries","embeddable":true,"href":"https:\/\/climalife.com\/ro\/wp-json\/wp\/v2\/countries?post=161768"},{"taxonomy":"product_brand","embeddable":true,"href":"https:\/\/climalife.com\/ro\/wp-json\/wp\/v2\/product_brand?post=161768"},{"taxonomy":"product_cat","embeddable":true,"href":"https:\/\/climalife.com\/ro\/wp-json\/wp\/v2\/product_cat?post=161768"},{"taxonomy":"product_tag","embeddable":true,"href":"https:\/\/climalife.com\/ro\/wp-json\/wp\/v2\/product_tag?post=161768"}],"curies":[{"name":"wp","href":"https:\/\/api.w.org\/{rel}","templated":true}]}}