{"id":161777,"date":"2022-09-28T17:54:59","date_gmt":"2022-09-28T17:54:59","guid":{"rendered":"http:\/\/climalife.com\/product\/neutragel-neo-concentrat\/"},"modified":"2025-08-19T12:56:14","modified_gmt":"2025-08-19T12:56:14","slug":"neutragel-neo-concentrat","status":"publish","type":"product","link":"https:\/\/climalife.com\/ro\/product\/neutragel-neo-concentrat\/","title":{"rendered":"Neutragel\u00ae Neo concentrat"},"content":{"rendered":"<p>Dup\u0103 diluarea \u00een ap\u0103, <strong>NEUTRAGEL<sup>\u00ae<\/sup> NEO<\/strong> asigur\u0103 o protec\u021bie excelent\u0103 \u00eempotriva \u00eenghe\u021bului \u0219i o protec\u021bie sporit\u0103 \u00eempotriva coroziunii metalelor at\u00e2t \u00een circuitele vechi, c\u00e2t \u0219i \u00een cele noi (o\u021bel, aluminiu, cupru, alam\u0103, sudur\u0103 etc.); aceast\u0103 protec\u021bie a fost validat\u0103 prin numeroase teste statice \u0219i dinamice.<\/p>\n<p>Este formulat f\u0103r\u0103 borax, un aditiv clasificat ca fiind toxic conform celei de-a 30-a edi\u021bii europene ATP (Adaptare la progresul tehnic).<\/p>\n<p>Tehnologia anticoroziv\u0103 utilizat\u0103 \u00een <strong>NEUTRAGEL<sup>\u00ae<\/sup> NEO<\/strong> este organic\u0103, pe baz\u0103 de acizi carboxilici neutraliza\u021bi, f\u0103r\u0103 fosfa\u021bi, nitri\u021bi sau amine. Ace\u0219ti inhibitori anticorozivi asigur\u0103 o protec\u021bie anticoroziv\u0103 de lung\u0103 durat\u0103.<\/p>\n","protected":false},"excerpt":{"rendered":"<p>NEUTRAGEL<sup>\u00ae<\/sup> NEO, pe baz\u0103 de monoetilenglicol cu agent amar \u0219i inhibitori de coroziune, este un lichid de transfer termic antigel concentrat pentru transferul trermic pentru sistemele de refrigerare \u0219i de aer condi\u021bionat la temperaturi sc\u0103zute. Nu este autorizat pentru utilizarea \u00een sistemele de ap\u0103 cald\u0103 menajer\u0103 cu schimb\u0103toare de c\u0103ldur\u0103 cu schimb\u0103tor unic.<\/p>\n","protected":false},"featured_media":198415,"comment_status":"open","ping_status":"closed","template":"","meta":[],"countries":[4674,4709,4756,4813,4831,4862],"product_brand":[],"product_cat":[9989,9953,9962,9944,9971,9998,13062,13088,13131,13529],"product_tag":[],"class_list":{"0":"post-161777","1":"product","2":"type-product","3":"status-publish","4":"has-post-thumbnail","6":"countries-by","7":"countries-cu","8":"countries-ir","9":"countries-kp","10":"countries-ru","11":"countries-sy","12":"product_cat-aeronautica-aerospatiala-aparare","13":"product_cat-cladiri","14":"product_cat-energie","15":"product_cat-sector-agroalimentar","16":"product_cat-sanatate-bunastare","17":"product_cat-alte-industrii","18":"product_cat-aer-conditionat","19":"product_cat-protectia-impotriva-incendiilor","20":"product_cat-refrigerare","21":"product_cat-meg-ro","22":"pa_packaging-10-tone-vrac-ro-140","23":"pa_packaging-1000-kg-container-en-139","24":"pa_packaging-20-tone-vrac-ro-141","25":"pa_packaging-butoi-210-l-ro-28","26":"pa_packaging-canistra-de-20-l-ro-36","28":"first","29":"instock","30":"shipping-taxable","31":"purchasable","32":"product-type-variable"},"_links":{"self":[{"href":"https:\/\/climalife.com\/ro\/wp-json\/wp\/v2\/product\/161777","targetHints":{"allow":["GET"]}}],"collection":[{"href":"https:\/\/climalife.com\/ro\/wp-json\/wp\/v2\/product"}],"about":[{"href":"https:\/\/climalife.com\/ro\/wp-json\/wp\/v2\/types\/product"}],"replies":[{"embeddable":true,"href":"https:\/\/climalife.com\/ro\/wp-json\/wp\/v2\/comments?post=161777"}],"wp:featuredmedia":[{"embeddable":true,"href":"https:\/\/climalife.com\/ro\/wp-json\/wp\/v2\/media\/198415"}],"wp:attachment":[{"href":"https:\/\/climalife.com\/ro\/wp-json\/wp\/v2\/media?parent=161777"}],"wp:term":[{"taxonomy":"countries","embeddable":true,"href":"https:\/\/climalife.com\/ro\/wp-json\/wp\/v2\/countries?post=161777"},{"taxonomy":"product_brand","embeddable":true,"href":"https:\/\/climalife.com\/ro\/wp-json\/wp\/v2\/product_brand?post=161777"},{"taxonomy":"product_cat","embeddable":true,"href":"https:\/\/climalife.com\/ro\/wp-json\/wp\/v2\/product_cat?post=161777"},{"taxonomy":"product_tag","embeddable":true,"href":"https:\/\/climalife.com\/ro\/wp-json\/wp\/v2\/product_tag?post=161777"}],"curies":[{"name":"wp","href":"https:\/\/api.w.org\/{rel}","templated":true}]}}