{"id":161806,"date":"2022-09-28T17:55:24","date_gmt":"2022-09-28T17:55:24","guid":{"rendered":"http:\/\/climalife.com\/product\/r-134a\/"},"modified":"2025-08-19T12:53:16","modified_gmt":"2025-08-19T12:53:16","slug":"r-134a","status":"publish","type":"product","link":"https:\/\/climalife.com\/ro\/product\/r-134a\/","title":{"rendered":"R-134a"},"content":{"rendered":"<p>R-134a este utilizat \u00een instala\u021bii auto \u0219i agricole de aer condi\u021bionat. Poate fi folosit \u00een loc de R-12 \u00een sistemele existente dac\u0103 o procedur\u0103 de conversie este urmat\u0103.<\/p>\n","protected":false},"excerpt":{"rendered":"<p>R-134a este un hidrofluorocarbon (HFC) conceput pentru sistemele de uz domestic, sisteme comerciale \u0219i industriale de refrigerare, precum \u0219i sisteme de aer condi\u021bionat, sisteme chiller \u0219i pompe de c\u0103ldur\u0103.<\/p>\n","protected":false},"featured_media":108972,"comment_status":"open","ping_status":"closed","template":"","meta":[],"countries":[4674,4709,4756,4813,4831,4862],"product_brand":[],"product_cat":[13062,9989,9998,13115,9953,9962,9450,13097,9980,13131,9971,9944],"product_tag":[],"class_list":{"0":"post-161806","1":"product","2":"type-product","3":"status-publish","4":"has-post-thumbnail","6":"countries-by","7":"countries-cu","8":"countries-ir","9":"countries-kp","10":"countries-ru","11":"countries-sy","12":"product_cat-aer-conditionat","13":"product_cat-aeronautica-aerospatiala-aparare","14":"product_cat-alte-industrii","15":"product_cat-ciclu-rankine-organic","16":"product_cat-cladiri","17":"product_cat-energie","18":"product_cat-hfc-ro-33","19":"product_cat-incalzire","20":"product_cat-industria-auto-transport","21":"product_cat-refrigerare","22":"product_cat-sanatate-bunastare","23":"product_cat-sector-agroalimentar","24":"pa_packaging-cilindru-52-l-ro-72","25":"pa_packaging-container-448-l-ro-74","26":"pa_packaging-container-930-l-ro-76","27":"pa_packaging-cubikool","28":"pa_packaging-friostar-ro-69","30":"first","31":"instock","32":"shipping-taxable","33":"purchasable","34":"product-type-variable"},"_links":{"self":[{"href":"https:\/\/climalife.com\/ro\/wp-json\/wp\/v2\/product\/161806","targetHints":{"allow":["GET"]}}],"collection":[{"href":"https:\/\/climalife.com\/ro\/wp-json\/wp\/v2\/product"}],"about":[{"href":"https:\/\/climalife.com\/ro\/wp-json\/wp\/v2\/types\/product"}],"replies":[{"embeddable":true,"href":"https:\/\/climalife.com\/ro\/wp-json\/wp\/v2\/comments?post=161806"}],"wp:featuredmedia":[{"embeddable":true,"href":"https:\/\/climalife.com\/ro\/wp-json\/wp\/v2\/media\/108972"}],"wp:attachment":[{"href":"https:\/\/climalife.com\/ro\/wp-json\/wp\/v2\/media?parent=161806"}],"wp:term":[{"taxonomy":"countries","embeddable":true,"href":"https:\/\/climalife.com\/ro\/wp-json\/wp\/v2\/countries?post=161806"},{"taxonomy":"product_brand","embeddable":true,"href":"https:\/\/climalife.com\/ro\/wp-json\/wp\/v2\/product_brand?post=161806"},{"taxonomy":"product_cat","embeddable":true,"href":"https:\/\/climalife.com\/ro\/wp-json\/wp\/v2\/product_cat?post=161806"},{"taxonomy":"product_tag","embeddable":true,"href":"https:\/\/climalife.com\/ro\/wp-json\/wp\/v2\/product_tag?post=161806"}],"curies":[{"name":"wp","href":"https:\/\/api.w.org\/{rel}","templated":true}]}}