{"id":161950,"date":"2022-09-28T17:57:21","date_gmt":"2022-09-28T17:57:21","guid":{"rendered":"http:\/\/climalife.com\/product\/gpc-analysis-quantiglycol\/"},"modified":"2025-07-11T11:22:51","modified_gmt":"2025-07-11T11:22:51","slug":"gpc-analysis-quantiglycol","status":"publish","type":"product","link":"https:\/\/climalife.com\/ro\/product\/gpc-analysis-quantiglycol\/","title":{"rendered":"Analiza GPC* cuantiglicol"},"content":{"rendered":"<p>*Gas Phase Chromatography (Cromatografie \u00een faz\u0103 gazoas\u0103)<\/p>\n","protected":false},"excerpt":{"rendered":"<p>Informa\u021bii cantitative privind prezen\u021ba MEG (monoetilenglicol) sau MPG (monoproilenglicol) \u00eentr-un amestec.<\/p>\n","protected":false},"featured_media":107532,"comment_status":"open","ping_status":"closed","template":"","meta":[],"countries":[4674,4709,4756,4813,4831,4862],"product_brand":[],"product_cat":[9989,9953,9944,9971,9998,13062,13097,13131,9486],"product_tag":[],"class_list":{"0":"post-161950","1":"product","2":"type-product","3":"status-publish","4":"has-post-thumbnail","6":"countries-by","7":"countries-cu","8":"countries-ir","9":"countries-kp","10":"countries-ru","11":"countries-sy","12":"product_cat-aeronautica-aerospatiala-aparare","13":"product_cat-cladiri","14":"product_cat-sector-agroalimentar","15":"product_cat-sanatate-bunastare","16":"product_cat-alte-industrii","17":"product_cat-aer-conditionat","18":"product_cat-incalzire","19":"product_cat-refrigerare","20":"product_cat-analiza-lichide-de-transfer-termic","21":"pa_packaging-unitate-ro-25","23":"first","24":"instock","25":"shipping-taxable","26":"purchasable","27":"product-type-variable"},"_links":{"self":[{"href":"https:\/\/climalife.com\/ro\/wp-json\/wp\/v2\/product\/161950","targetHints":{"allow":["GET"]}}],"collection":[{"href":"https:\/\/climalife.com\/ro\/wp-json\/wp\/v2\/product"}],"about":[{"href":"https:\/\/climalife.com\/ro\/wp-json\/wp\/v2\/types\/product"}],"replies":[{"embeddable":true,"href":"https:\/\/climalife.com\/ro\/wp-json\/wp\/v2\/comments?post=161950"}],"wp:featuredmedia":[{"embeddable":true,"href":"https:\/\/climalife.com\/ro\/wp-json\/wp\/v2\/media\/107532"}],"wp:attachment":[{"href":"https:\/\/climalife.com\/ro\/wp-json\/wp\/v2\/media?parent=161950"}],"wp:term":[{"taxonomy":"countries","embeddable":true,"href":"https:\/\/climalife.com\/ro\/wp-json\/wp\/v2\/countries?post=161950"},{"taxonomy":"product_brand","embeddable":true,"href":"https:\/\/climalife.com\/ro\/wp-json\/wp\/v2\/product_brand?post=161950"},{"taxonomy":"product_cat","embeddable":true,"href":"https:\/\/climalife.com\/ro\/wp-json\/wp\/v2\/product_cat?post=161950"},{"taxonomy":"product_tag","embeddable":true,"href":"https:\/\/climalife.com\/ro\/wp-json\/wp\/v2\/product_tag?post=161950"}],"curies":[{"name":"wp","href":"https:\/\/api.w.org\/{rel}","templated":true}]}}