{"id":161971,"date":"2022-09-28T17:57:34","date_gmt":"2022-09-28T17:57:34","guid":{"rendered":"http:\/\/climalife.com\/product\/novaspray-hfo-1234ze-dme-60-40\/"},"modified":"2024-10-11T09:09:02","modified_gmt":"2024-10-11T09:09:02","slug":"novaspray-hfo-1234ze-dme-60-40","status":"publish","type":"product","link":"https:\/\/climalife.com\/ro\/product\/novaspray-hfo-1234ze-dme-60-40\/","title":{"rendered":"NovaSpray\u2122 HFO 1234ze\/DME (60\/40)"},"content":{"rendered":"<p>Novaspray HFO 1234ze\/DME (60\/40) este un amestec bazat pe cea de-a patra genera\u021bie de produse fluorurate. Acesta respect\u0103 reglement\u0103rile de mediu privind \u00eenlocuirea HFC.<\/p>\n<p>Nu are niciun efect asupra stratului de ozon, iar impactul s\u0103u asupra efectului de ser\u0103 este foarte sc\u0103zut (GWP = 4,6). Prin urmare, acesta nu este vizat de F-Gaz I (Regulamentul nr. 842\/2006\/CE) \u0219i F-Gaz II (Regulamentul nr. 517\/2014\/CE).<\/p>\n","protected":false},"excerpt":{"rendered":"<p>NovaSpray HFO 1234ze\/DME (60\/40) este un amestec de NovaSpray HFO 1234ze \u0219i NovaSpray DME \u00een calitate de aerosoli. Datorit\u0103 calit\u0103\u021bii sale constante \u0219i presiunii controlate, \u00eendepline\u0219te toate cerin\u021bele pentru un propulsor lichefiat.<\/p>\n","protected":false},"featured_media":126369,"comment_status":"open","ping_status":"closed","template":"","meta":[],"countries":[4674,4709,4756,4813,4831,4862],"product_brand":[],"product_cat":[9971,9998,13122,9642],"product_tag":[],"class_list":{"0":"post-161971","1":"product","2":"type-product","3":"status-publish","4":"has-post-thumbnail","6":"countries-by","7":"countries-cu","8":"countries-ir","9":"countries-kp","10":"countries-ru","11":"countries-sy","12":"product_cat-sanatate-bunastare","13":"product_cat-alte-industrii","14":"product_cat-propulsoare","15":"product_cat-amestecuri-hfo","16":"pa_packaging-cilindru-88-l-ro-122","18":"first","19":"instock","20":"shipping-taxable","21":"purchasable","22":"product-type-variable"},"_links":{"self":[{"href":"https:\/\/climalife.com\/ro\/wp-json\/wp\/v2\/product\/161971","targetHints":{"allow":["GET"]}}],"collection":[{"href":"https:\/\/climalife.com\/ro\/wp-json\/wp\/v2\/product"}],"about":[{"href":"https:\/\/climalife.com\/ro\/wp-json\/wp\/v2\/types\/product"}],"replies":[{"embeddable":true,"href":"https:\/\/climalife.com\/ro\/wp-json\/wp\/v2\/comments?post=161971"}],"wp:featuredmedia":[{"embeddable":true,"href":"https:\/\/climalife.com\/ro\/wp-json\/wp\/v2\/media\/126369"}],"wp:attachment":[{"href":"https:\/\/climalife.com\/ro\/wp-json\/wp\/v2\/media?parent=161971"}],"wp:term":[{"taxonomy":"countries","embeddable":true,"href":"https:\/\/climalife.com\/ro\/wp-json\/wp\/v2\/countries?post=161971"},{"taxonomy":"product_brand","embeddable":true,"href":"https:\/\/climalife.com\/ro\/wp-json\/wp\/v2\/product_brand?post=161971"},{"taxonomy":"product_cat","embeddable":true,"href":"https:\/\/climalife.com\/ro\/wp-json\/wp\/v2\/product_cat?post=161971"},{"taxonomy":"product_tag","embeddable":true,"href":"https:\/\/climalife.com\/ro\/wp-json\/wp\/v2\/product_tag?post=161971"}],"curies":[{"name":"wp","href":"https:\/\/api.w.org\/{rel}","templated":true}]}}