{"id":161990,"date":"2022-09-28T17:57:48","date_gmt":"2022-09-28T17:57:48","guid":{"rendered":"http:\/\/climalife.com\/product\/novexpans-ciclopentan-izopentan-70-30\/"},"modified":"2025-08-19T12:39:05","modified_gmt":"2025-08-19T12:39:05","slug":"novexpans-ciclopentan-izopentan-70-30","status":"publish","type":"product","link":"https:\/\/climalife.com\/ro\/product\/novexpans-ciclopentan-izopentan-70-30\/","title":{"rendered":"NOVEXPANS\u2122 ciclopentan\/izopentan (70\/30)"},"content":{"rendered":"<p><span class=\"tlid-translation translation\" lang=\"ro\"><span class=\"\" title=\"\">Clasificarea sa H225 \u00eel face un atu pentru respectarea legisla\u021biei privind depozitarea produselor inflamabile.<\/span><br \/>\n<span title=\"\">Economic\u0103 \u0219i inofensiv\u0103 pentru stratul de ozon, este potrivit\u0103 \u00een special pentru fabricarea panourilor izolatoare.<\/span><\/span><\/p>\n","protected":false},"excerpt":{"rendered":"<p>NOVEXPANS\u2122 Ciclopentan \/ Izopentan (70\/30) este un amestec de ciclopentan \u0219i izopentan cu specifica\u021bii garantate, utilizat ca agent de expansiune a spumelor rigide de poliuretan. Acest amestec ofer\u0103 un compromis ideal \u00eentre rezisten\u021ba mecanic\u0103 \u0219i rezisten\u021ba termic\u0103 a spumei ob\u021binute.<\/p>\n","protected":false},"featured_media":203681,"comment_status":"open","ping_status":"closed","template":"","meta":[],"countries":[4674,4709,4756,4813,4831,4862],"product_brand":[],"product_cat":[9980,9953,9944,9998,13106,9507],"product_tag":[],"class_list":{"0":"post-161990","1":"product","2":"type-product","3":"status-publish","4":"has-post-thumbnail","6":"countries-by","7":"countries-cu","8":"countries-ir","9":"countries-kp","10":"countries-ru","11":"countries-sy","12":"product_cat-industria-auto-transport","13":"product_cat-cladiri","14":"product_cat-sector-agroalimentar","15":"product_cat-alte-industrii","16":"product_cat-izolatie","17":"product_cat-hidrocarburi","18":"pa_packaging-butoi-217-l-ro-30","19":"pa_packaging-canistra-30-l-ro-78","20":"pa_packaging-cilindru-88-l-ro-122","21":"pa_packaging-container-930-l-ro-76","22":"pa_packaging-vrac-ro-168","24":"first","25":"instock","26":"shipping-taxable","27":"purchasable","28":"product-type-variable"},"_links":{"self":[{"href":"https:\/\/climalife.com\/ro\/wp-json\/wp\/v2\/product\/161990","targetHints":{"allow":["GET"]}}],"collection":[{"href":"https:\/\/climalife.com\/ro\/wp-json\/wp\/v2\/product"}],"about":[{"href":"https:\/\/climalife.com\/ro\/wp-json\/wp\/v2\/types\/product"}],"replies":[{"embeddable":true,"href":"https:\/\/climalife.com\/ro\/wp-json\/wp\/v2\/comments?post=161990"}],"wp:featuredmedia":[{"embeddable":true,"href":"https:\/\/climalife.com\/ro\/wp-json\/wp\/v2\/media\/203681"}],"wp:attachment":[{"href":"https:\/\/climalife.com\/ro\/wp-json\/wp\/v2\/media?parent=161990"}],"wp:term":[{"taxonomy":"countries","embeddable":true,"href":"https:\/\/climalife.com\/ro\/wp-json\/wp\/v2\/countries?post=161990"},{"taxonomy":"product_brand","embeddable":true,"href":"https:\/\/climalife.com\/ro\/wp-json\/wp\/v2\/product_brand?post=161990"},{"taxonomy":"product_cat","embeddable":true,"href":"https:\/\/climalife.com\/ro\/wp-json\/wp\/v2\/product_cat?post=161990"},{"taxonomy":"product_tag","embeddable":true,"href":"https:\/\/climalife.com\/ro\/wp-json\/wp\/v2\/product_tag?post=161990"}],"curies":[{"name":"wp","href":"https:\/\/api.w.org\/{rel}","templated":true}]}}