{"id":162040,"date":"2022-09-28T17:58:24","date_gmt":"2022-09-28T17:58:24","guid":{"rendered":"http:\/\/climalife.com\/product\/mobil-shc-gargoyle-80-poe\/"},"modified":"2025-07-11T11:21:38","modified_gmt":"2025-07-11T11:21:38","slug":"mobil-shc-gargoyle-80-poe","status":"publish","type":"product","link":"https:\/\/climalife.com\/ro\/product\/mobil-shc-gargoyle-80-poe\/","title":{"rendered":"MOBIL SHC GARGOYLE\u2122 80 POE"},"content":{"rendered":"<p>\u2022 Excelenta protec\u0163ie la uzur\u0103 contribuie la extinderea vie\u0163ii compresorului.<\/p>\n<p>\u2022 Index ridicat al v\u00e2scozit\u0103\u0163ii \u015fi fluiditate excelent\u0103 la\u00a0temperaturi sc\u0103zutei\u00a0ajut\u0103 la \u00eembun\u0103t\u0103\u021birea eficien\u021bei vaporizatorului.<\/p>\n<p>\u2022 Un coeficient de trac\u0163iune redus pentru o eficien\u0163\u0103\u00a0\u00eembun\u0103t\u0103\u0163it\u0103 a sistemului\u00a0 \u0219i consum redus de energie.<\/p>\n<p>&nbsp;<\/p>\n<h3>Aplica\u0163ii:<\/h3>\n<p>\u2022 Mari compresoare industriale\u00a0cu piston\u00a0utilizate \u00een industria alimentar\u0103 pentru prepararea \u0219i congelarea produselor alimentare.<br \/>\n\u2022 Aplica\u021bii industriale, cum ar fi instala\u021biile de congelare \u0219i depozitare la rece.<br \/>\n\u2022 Aplica\u021bii de refrigerare marin\u0103.<\/p>\n","protected":false},"excerpt":{"rendered":"<p>Un ulei\u00a0de refrigerare conceput special pentru lubrifierea compresoarelor care utilizeaz\u0103\u00a0refrigerant R-744 \u00een aplica\u021bii miscibile.<\/p>\n","protected":false},"featured_media":118557,"comment_status":"open","ping_status":"closed","template":"","meta":[],"countries":[4674,4709,4756,4813,4831,4862],"product_brand":[],"product_cat":[9980,9944,9971,9998,13062,13131,13423],"product_tag":[],"class_list":{"0":"post-162040","1":"product","2":"type-product","3":"status-publish","4":"has-post-thumbnail","6":"countries-by","7":"countries-cu","8":"countries-ir","9":"countries-kp","10":"countries-ru","11":"countries-sy","12":"product_cat-industria-auto-transport","13":"product_cat-sector-agroalimentar","14":"product_cat-sanatate-bunastare","15":"product_cat-alte-industrii","16":"product_cat-aer-conditionat","17":"product_cat-refrigerare","18":"product_cat-poe-ro","19":"pa_packaging-canistra-de-20-l-ro-36","20":"pa_packaging-canistra-de-5-l-ro-35","22":"first","23":"instock","24":"shipping-taxable","25":"purchasable","26":"product-type-variable"},"_links":{"self":[{"href":"https:\/\/climalife.com\/ro\/wp-json\/wp\/v2\/product\/162040","targetHints":{"allow":["GET"]}}],"collection":[{"href":"https:\/\/climalife.com\/ro\/wp-json\/wp\/v2\/product"}],"about":[{"href":"https:\/\/climalife.com\/ro\/wp-json\/wp\/v2\/types\/product"}],"replies":[{"embeddable":true,"href":"https:\/\/climalife.com\/ro\/wp-json\/wp\/v2\/comments?post=162040"}],"wp:featuredmedia":[{"embeddable":true,"href":"https:\/\/climalife.com\/ro\/wp-json\/wp\/v2\/media\/118557"}],"wp:attachment":[{"href":"https:\/\/climalife.com\/ro\/wp-json\/wp\/v2\/media?parent=162040"}],"wp:term":[{"taxonomy":"countries","embeddable":true,"href":"https:\/\/climalife.com\/ro\/wp-json\/wp\/v2\/countries?post=162040"},{"taxonomy":"product_brand","embeddable":true,"href":"https:\/\/climalife.com\/ro\/wp-json\/wp\/v2\/product_brand?post=162040"},{"taxonomy":"product_cat","embeddable":true,"href":"https:\/\/climalife.com\/ro\/wp-json\/wp\/v2\/product_cat?post=162040"},{"taxonomy":"product_tag","embeddable":true,"href":"https:\/\/climalife.com\/ro\/wp-json\/wp\/v2\/product_tag?post=162040"}],"curies":[{"name":"wp","href":"https:\/\/api.w.org\/{rel}","templated":true}]}}