{"id":162050,"date":"2022-09-28T17:58:33","date_gmt":"2022-09-28T17:58:33","guid":{"rendered":"http:\/\/climalife.com\/product\/solstice-zd-r-1233zd\/"},"modified":"2025-08-19T12:35:10","modified_gmt":"2025-08-19T12:35:10","slug":"solstice-zd-r-1233zd","status":"publish","type":"product","link":"https:\/\/climalife.com\/ro\/product\/solstice-zd-r-1233zd\/","title":{"rendered":"R-1233zd Solstice\u00ae zd"},"content":{"rendered":"<p>Se utilizeaz\u0103 cu ulei poliolester (POE).<\/p>\n","protected":false},"excerpt":{"rendered":"<p>R-1233zd (Solstice<sup>\u00ae<\/sup> zd) este un gaz fluorurat din familia hidrofluoroolefinelor (HFO) cu GWP foarte sc\u0103zut \u0219i presiune joas\u0103, destinat aplica\u021biilor industriale de climatizare \u0219i climatiz\u0103rii cl\u0103dirilor pentru r\u0103cirea apei sau a fluidelor intermediare, \u00een instala\u021bii de mare putere echipate cu compresoare centrifugale (cu unul sau mai multe trepte), \u00eenlocuind R-123 \u00een instala\u021bii noi dimensionate pentru acest fluid.<\/p>\n","protected":false},"featured_media":117432,"comment_status":"open","ping_status":"closed","template":"","meta":[],"countries":[4674,4709,4756,4813,4831,4862],"product_brand":[],"product_cat":[13062,9989,9998,13115,9953,9962,9666,13097,13131,9971,9944],"product_tag":[],"class_list":{"0":"post-162050","1":"product","2":"type-product","3":"status-publish","4":"has-post-thumbnail","6":"countries-by","7":"countries-cu","8":"countries-ir","9":"countries-kp","10":"countries-ru","11":"countries-sy","12":"product_cat-aer-conditionat","13":"product_cat-aeronautica-aerospatiala-aparare","14":"product_cat-alte-industrii","15":"product_cat-ciclu-rankine-organic","16":"product_cat-cladiri","17":"product_cat-energie","18":"product_cat-hfo-ro-23","19":"product_cat-incalzire","20":"product_cat-refrigerare","21":"product_cat-sanatate-bunastare","22":"product_cat-sector-agroalimentar","23":"pa_packaging-cilindru-52-l-ro-72","24":"pa_packaging-container-448-l-ro-74","25":"pa_packaging-container-930-l-ro-76","26":"pa_packaging-cubikool","28":"first","29":"instock","30":"shipping-taxable","31":"purchasable","32":"product-type-variable"},"_links":{"self":[{"href":"https:\/\/climalife.com\/ro\/wp-json\/wp\/v2\/product\/162050","targetHints":{"allow":["GET"]}}],"collection":[{"href":"https:\/\/climalife.com\/ro\/wp-json\/wp\/v2\/product"}],"about":[{"href":"https:\/\/climalife.com\/ro\/wp-json\/wp\/v2\/types\/product"}],"replies":[{"embeddable":true,"href":"https:\/\/climalife.com\/ro\/wp-json\/wp\/v2\/comments?post=162050"}],"wp:featuredmedia":[{"embeddable":true,"href":"https:\/\/climalife.com\/ro\/wp-json\/wp\/v2\/media\/117432"}],"wp:attachment":[{"href":"https:\/\/climalife.com\/ro\/wp-json\/wp\/v2\/media?parent=162050"}],"wp:term":[{"taxonomy":"countries","embeddable":true,"href":"https:\/\/climalife.com\/ro\/wp-json\/wp\/v2\/countries?post=162050"},{"taxonomy":"product_brand","embeddable":true,"href":"https:\/\/climalife.com\/ro\/wp-json\/wp\/v2\/product_brand?post=162050"},{"taxonomy":"product_cat","embeddable":true,"href":"https:\/\/climalife.com\/ro\/wp-json\/wp\/v2\/product_cat?post=162050"},{"taxonomy":"product_tag","embeddable":true,"href":"https:\/\/climalife.com\/ro\/wp-json\/wp\/v2\/product_tag?post=162050"}],"curies":[{"name":"wp","href":"https:\/\/api.w.org\/{rel}","templated":true}]}}