{"id":162139,"date":"2022-09-28T17:59:32","date_gmt":"2022-09-28T17:59:32","guid":{"rendered":"http:\/\/climalife.com\/product\/neutraguard-neo\/"},"modified":"2025-08-19T12:27:43","modified_gmt":"2025-08-19T12:27:43","slug":"neutraguard-neo","status":"publish","type":"product","link":"https:\/\/climalife.com\/ro\/product\/neutraguard-neo\/","title":{"rendered":"Neutraguard\u00ae Neo"},"content":{"rendered":"<p>Atunci c\u00e2nd este diluat \u00een ap\u0103, NEUTRAGUARD<sup>\u00ae<\/sup> NEO asigur\u0103 o protec\u021bie excelent\u0103 \u00eempotriva \u00eenghe\u021bului \u0219i o protec\u021bie sporit\u0103 \u00eempotriva coroziunii metalelor prezente \u00een diversele circuite, at\u00e2t cele vechi, c\u00e2t \u0219i cele noi (o\u021bel, aluminiu, cupru, alam\u0103, lipitur\u0103 etc.); aceast\u0103 protec\u021bie a fost validat\u0103 prin numeroase teste statice \u0219i dinamice la cald.<\/p>\n","protected":false},"excerpt":{"rendered":"<p><strong>NEUTRAGUARD<sup>\u00ae<\/sup> NEO<\/strong>, pe baz\u0103 de monopropilenglicol \u0219i inhibitori de coroziune, este un lichid de transfer termic antigel concentrat pentru transferul termic pentru circuitele de \u00eenc\u0103lzire central\u0103 cu circula\u021bie de ap\u0103, instala\u021bii cu colectoare solare, \u00eenc\u0103lzire prin pardoseal\u0103 \u0219i sisteme geotermice.<\/p>\n","protected":false},"featured_media":196561,"comment_status":"open","ping_status":"closed","template":"","meta":[],"countries":[4674,4709,4756,4813,4831,4862],"product_brand":[],"product_cat":[9998,9953,9962,13097,13537],"product_tag":[],"class_list":{"0":"post-162139","1":"product","2":"type-product","3":"status-publish","4":"has-post-thumbnail","6":"countries-by","7":"countries-cu","8":"countries-ir","9":"countries-kp","10":"countries-ru","11":"countries-sy","12":"product_cat-alte-industrii","13":"product_cat-cladiri","14":"product_cat-energie","15":"product_cat-incalzire","16":"product_cat-mpg-ro","17":"pa_packaging-container-1000-kg-ro-139","18":"pa_packaging-butoi-210-l-ro-28","19":"pa_packaging-canistra-20-l-ro-174","21":"first","22":"instock","23":"shipping-taxable","24":"purchasable","25":"product-type-variable"},"_links":{"self":[{"href":"https:\/\/climalife.com\/ro\/wp-json\/wp\/v2\/product\/162139","targetHints":{"allow":["GET"]}}],"collection":[{"href":"https:\/\/climalife.com\/ro\/wp-json\/wp\/v2\/product"}],"about":[{"href":"https:\/\/climalife.com\/ro\/wp-json\/wp\/v2\/types\/product"}],"replies":[{"embeddable":true,"href":"https:\/\/climalife.com\/ro\/wp-json\/wp\/v2\/comments?post=162139"}],"wp:featuredmedia":[{"embeddable":true,"href":"https:\/\/climalife.com\/ro\/wp-json\/wp\/v2\/media\/196561"}],"wp:attachment":[{"href":"https:\/\/climalife.com\/ro\/wp-json\/wp\/v2\/media?parent=162139"}],"wp:term":[{"taxonomy":"countries","embeddable":true,"href":"https:\/\/climalife.com\/ro\/wp-json\/wp\/v2\/countries?post=162139"},{"taxonomy":"product_brand","embeddable":true,"href":"https:\/\/climalife.com\/ro\/wp-json\/wp\/v2\/product_brand?post=162139"},{"taxonomy":"product_cat","embeddable":true,"href":"https:\/\/climalife.com\/ro\/wp-json\/wp\/v2\/product_cat?post=162139"},{"taxonomy":"product_tag","embeddable":true,"href":"https:\/\/climalife.com\/ro\/wp-json\/wp\/v2\/product_tag?post=162139"}],"curies":[{"name":"wp","href":"https:\/\/api.w.org\/{rel}","templated":true}]}}