{"id":162159,"date":"2022-09-28T17:59:49","date_gmt":"2022-09-28T17:59:49","guid":{"rendered":"http:\/\/climalife.com\/product\/friogel-neo-concentrat\/"},"modified":"2024-01-25T13:52:21","modified_gmt":"2024-01-25T13:52:21","slug":"friogel-neo-concentrat","status":"publish","type":"product","link":"https:\/\/climalife.com\/ro\/product\/friogel-neo-concentrat\/","title":{"rendered":"Friogel\u00ae Neo concentrat"},"content":{"rendered":"<p>Atunci c\u00e2nd este diluat \u00een ap\u0103, <strong>FRIOGEL<sup>\u00ae<\/sup> NEO<\/strong> asigur\u0103 o protec\u021bie excelent\u0103 \u00eempotriva \u00eenghe\u021bului \u0219i o protec\u021bie sporit\u0103 \u00eempotriva coroziunii metalelor at\u00e2t \u00een circuitele vechi, c\u00e2t \u0219i \u00een cele noi (o\u021bel, aluminiu, cupru, alam\u0103, lipitur\u0103 etc.). Aceast\u0103 protec\u021bie a fost validat\u0103 prin numeroase teste statice \u0219i dinamice.<\/p>\n<p><strong>FRIOGEL<\/strong><strong><sup> \u00ae<\/sup><\/strong><strong> NEO<\/strong> este formulat f\u0103r\u0103 borax, un aditiv clasificat ca fiind toxic \u00een conformitate cu cea de-a 30-a edi\u021bie a ATP (Adaptare la progresul tehnic) european.<\/p>\n<p>Tehnologia anticoroziv\u0103 utilizat\u0103 \u00een <strong>FRIOGEL<\/strong><strong><sup> \u00ae<\/sup><\/strong><strong> NEO<\/strong> este organic\u0103, pe baz\u0103 de acizi carboxilici neutraliza\u021bi, f\u0103r\u0103 fosfa\u021bi, nitri\u021bi sau amine. Ace\u0219ti inhibitori anticorozivi asigur\u0103 o protec\u021bie anticoroziv\u0103 de lung\u0103 durat\u0103.<\/p>\n<p>\u00cen special, formularea  <strong>FRIOGEL<\/strong><strong><sup> \u00ae<\/sup><\/strong><strong> NEO<\/strong> este autorizat\u0103 de c\u0103tre <strong>Autoritatea Sanitar\u0103 Francez\u0103 (Direction G\u00e9n\u00e9rale de la Sant\u00e9), \u00een conformitate cu avizul ANSES (fosta AFSSA)<strong>, ca lichid de transfer termic pentru tratamentul termic prin schimb simplu al sistemelor de producere a apei calde menajere, p\u00e2n\u0103 la o concentra\u021bie maxim\u0103 de 60% \u00een volum.<\/p>\n<p>Formularea sa exclusiv\u0103 a fost dezvoltat\u0103 pentru a asigura o compatibilitate excelent\u0103 cu apa dur\u0103, evit\u00e2nd riscul de precipitare din cauza inhibitorilor. Cu toate acestea, este preferabil\u0103 diluarea cu ap\u0103 demineralizat\u0103 pentru a evita formarea de calcar.<\/p>\n<p>Stabilitatea formulei de inhibi\u021bie reduce considerabil riscul de depuneri pe termen mediu legate de coroziunea instala\u021biei, precum \u0219i de alterarea compu\u0219ilor chimici.<\/p>\n<p>Se recomand\u0103 verificarea concentra\u021biei de <strong>FRIOGEL<\/strong><strong><sup> \u00ae<\/sup><\/strong><strong> NEO<\/strong> \u00een timpul opera\u021biunilor de \u00eentre\u021binere (cel pu\u021bin o dat\u0103 pe an) pentru a evita orice risc de colmatare.<\/p>\n<p>Culoarea ro\u0219ie a <strong>FRIOGEL<\/strong><strong><sup> \u00ae<\/sup><\/strong><strong> NEO<\/strong> \u00eel face u\u0219or de identificat.<\/p>\n","protected":false},"excerpt":{"rendered":"<p><strong>FRIOGEL<sup>\u00ae<\/sup> NEO<\/strong>, pe baz\u0103 de mono-propilen glicol \u0219i inhibitori de coroziune, este un lichid antigel concentrat pentru transferul de c\u0103ldur\u0103 pentru circuitele instala\u021biilor de refrigerare care func\u021bioneaz\u0103 la temperaturi sc\u0103zute \u0219i \u00een industria alimentar\u0103.<\/p>\n","protected":false},"featured_media":190674,"comment_status":"open","ping_status":"closed","template":"","meta":[],"countries":[4674,4709,4756,4813,4831,4862],"product_brand":[],"product_cat":[13062,9989,9998,9953,13097,13537,13088,13131,9971,9944],"product_tag":[],"class_list":{"0":"post-162159","1":"product","2":"type-product","3":"status-publish","4":"has-post-thumbnail","6":"countries-by","7":"countries-cu","8":"countries-ir","9":"countries-kp","10":"countries-ru","11":"countries-sy","12":"product_cat-aer-conditionat","13":"product_cat-aeronautica-aerospatiala-aparare","14":"product_cat-alte-industrii","15":"product_cat-cladiri","16":"product_cat-incalzire","17":"product_cat-mpg-ro","18":"product_cat-protectia-impotriva-incendiilor","19":"product_cat-refrigerare","20":"product_cat-sanatate-bunastare","21":"product_cat-sector-agroalimentar","22":"pa_packaging-10-tone-vrac-ro-140","23":"pa_packaging-container-1000-kg-ro-139","24":"pa_packaging-20-tone-vrac-ro-141","25":"pa_packaging-butoi-210-l-ro-28","26":"pa_packaging-canistra-de-20-l-ro-36","28":"first","29":"instock","30":"shipping-taxable","31":"purchasable","32":"product-type-variable"},"_links":{"self":[{"href":"https:\/\/climalife.com\/ro\/wp-json\/wp\/v2\/product\/162159","targetHints":{"allow":["GET"]}}],"collection":[{"href":"https:\/\/climalife.com\/ro\/wp-json\/wp\/v2\/product"}],"about":[{"href":"https:\/\/climalife.com\/ro\/wp-json\/wp\/v2\/types\/product"}],"replies":[{"embeddable":true,"href":"https:\/\/climalife.com\/ro\/wp-json\/wp\/v2\/comments?post=162159"}],"wp:featuredmedia":[{"embeddable":true,"href":"https:\/\/climalife.com\/ro\/wp-json\/wp\/v2\/media\/190674"}],"wp:attachment":[{"href":"https:\/\/climalife.com\/ro\/wp-json\/wp\/v2\/media?parent=162159"}],"wp:term":[{"taxonomy":"countries","embeddable":true,"href":"https:\/\/climalife.com\/ro\/wp-json\/wp\/v2\/countries?post=162159"},{"taxonomy":"product_brand","embeddable":true,"href":"https:\/\/climalife.com\/ro\/wp-json\/wp\/v2\/product_brand?post=162159"},{"taxonomy":"product_cat","embeddable":true,"href":"https:\/\/climalife.com\/ro\/wp-json\/wp\/v2\/product_cat?post=162159"},{"taxonomy":"product_tag","embeddable":true,"href":"https:\/\/climalife.com\/ro\/wp-json\/wp\/v2\/product_tag?post=162159"}],"curies":[{"name":"wp","href":"https:\/\/api.w.org\/{rel}","templated":true}]}}