{"id":162178,"date":"2022-09-28T18:00:06","date_gmt":"2022-09-28T18:00:06","guid":{"rendered":"http:\/\/climalife.com\/product\/r-404a\/"},"modified":"2025-08-19T12:21:47","modified_gmt":"2025-08-19T12:21:47","slug":"r-404a","status":"publish","type":"product","link":"https:\/\/climalife.com\/ro\/product\/r-404a\/","title":{"rendered":"R-404A"},"content":{"rendered":"<p>R-404A este folosit pentru unit\u0103\u021bi de refrigerare pentru supermarketuri, camere frigorifice de depozitare, sisteme de refrigerare produse alimentare, dulapuri pentru depozitarea produselor alimentare refrigerate \u0219i pentru camioane de refrigerare.<\/p>\n<p>Acest agent frigorific poate fi utilizat \u00een locul R-502 \u00een sistemele existente dac\u0103 se respect\u0103 o anumit\u0103 procedur\u0103 de retrofit.<\/p>\n","protected":false},"excerpt":{"rendered":"<p>R-404A este un amestec HFC &#8220;aproape azeotrop&#8221;, special dezvoltat pentru refrigerare comercial\u0103, industrial\u0103 \u0219i de transport.<\/p>\n","protected":false},"featured_media":108603,"comment_status":"open","ping_status":"closed","template":"","meta":[],"countries":[4674,4709,4756,4813,4831,4862],"product_brand":[],"product_cat":[9989,9998,9962,9450,9980,13131,9971,9944],"product_tag":[],"class_list":{"0":"post-162178","1":"product","2":"type-product","3":"status-publish","4":"has-post-thumbnail","6":"countries-by","7":"countries-cu","8":"countries-ir","9":"countries-kp","10":"countries-ru","11":"countries-sy","12":"product_cat-aeronautica-aerospatiala-aparare","13":"product_cat-alte-industrii","14":"product_cat-energie","15":"product_cat-hfc-ro-33","16":"product_cat-industria-auto-transport","17":"product_cat-refrigerare","18":"product_cat-sanatate-bunastare","19":"product_cat-sector-agroalimentar","20":"pa_packaging-cilindru-52-l-ro-72","21":"pa_packaging-container-448-l-ro-74","22":"pa_packaging-container-930-l-ro-76","23":"pa_packaging-cubikool","24":"pa_packaging-friostar-ro-69","26":"first","27":"instock","28":"shipping-taxable","29":"purchasable","30":"product-type-variable"},"_links":{"self":[{"href":"https:\/\/climalife.com\/ro\/wp-json\/wp\/v2\/product\/162178","targetHints":{"allow":["GET"]}}],"collection":[{"href":"https:\/\/climalife.com\/ro\/wp-json\/wp\/v2\/product"}],"about":[{"href":"https:\/\/climalife.com\/ro\/wp-json\/wp\/v2\/types\/product"}],"replies":[{"embeddable":true,"href":"https:\/\/climalife.com\/ro\/wp-json\/wp\/v2\/comments?post=162178"}],"wp:featuredmedia":[{"embeddable":true,"href":"https:\/\/climalife.com\/ro\/wp-json\/wp\/v2\/media\/108603"}],"wp:attachment":[{"href":"https:\/\/climalife.com\/ro\/wp-json\/wp\/v2\/media?parent=162178"}],"wp:term":[{"taxonomy":"countries","embeddable":true,"href":"https:\/\/climalife.com\/ro\/wp-json\/wp\/v2\/countries?post=162178"},{"taxonomy":"product_brand","embeddable":true,"href":"https:\/\/climalife.com\/ro\/wp-json\/wp\/v2\/product_brand?post=162178"},{"taxonomy":"product_cat","embeddable":true,"href":"https:\/\/climalife.com\/ro\/wp-json\/wp\/v2\/product_cat?post=162178"},{"taxonomy":"product_tag","embeddable":true,"href":"https:\/\/climalife.com\/ro\/wp-json\/wp\/v2\/product_tag?post=162178"}],"curies":[{"name":"wp","href":"https:\/\/api.w.org\/{rel}","templated":true}]}}