{"id":162261,"date":"2022-09-28T18:01:07","date_gmt":"2022-09-28T18:01:07","guid":{"rendered":"http:\/\/climalife.com\/product\/r-513a\/"},"modified":"2025-11-03T13:40:17","modified_gmt":"2025-11-03T13:40:17","slug":"r-513a","status":"publish","type":"product","link":"https:\/\/climalife.com\/ro\/product\/r-513a\/","title":{"rendered":"R-513A"},"content":{"rendered":"<p>Acesta este conceput pentru a \u00eenlocui R-134a \u00een aplica\u021biile de refrigerare pentru uz casnic, comercial \u0219i industrial, precum \u0219i \u00een aer condi\u021bionat, chillere \u0219i pompe de c\u0103ldu\u0103. Acesta poate fi utilizat \u00een sisteme de expansiune direct\u0103 \u0219i inundate.<\/p>\n","protected":false},"excerpt":{"rendered":"<p>R-513A este un amestec azeotropic care con\u021bine agen\u021bi frigorifici din familia HFC\/HFO.<\/p>\n","protected":false},"featured_media":120735,"comment_status":"open","ping_status":"closed","template":"","meta":[],"countries":[4674,4709,4756,4813,4831,4862],"product_brand":[],"product_cat":[13062,9989,9998,9611,9953,9962,13097,13131,9971,9944],"product_tag":[],"class_list":{"0":"post-162261","1":"product","2":"type-product","3":"status-publish","4":"has-post-thumbnail","6":"countries-by","7":"countries-cu","8":"countries-ir","9":"countries-kp","10":"countries-ru","11":"countries-sy","12":"product_cat-aer-conditionat","13":"product_cat-aeronautica-aerospatiala-aparare","14":"product_cat-alte-industrii","15":"product_cat-amestec-hfc-hfo","16":"product_cat-cladiri","17":"product_cat-energie","18":"product_cat-incalzire","19":"product_cat-refrigerare","20":"product_cat-sanatate-bunastare","21":"product_cat-sector-agroalimentar","22":"pa_packaging-cilindru-52-l-ro-72","23":"pa_packaging-container-448-l-ro-74","24":"pa_packaging-container-930-l-ro-76","25":"pa_packaging-cubikool","27":"first","28":"instock","29":"shipping-taxable","30":"purchasable","31":"product-type-variable"},"_links":{"self":[{"href":"https:\/\/climalife.com\/ro\/wp-json\/wp\/v2\/product\/162261","targetHints":{"allow":["GET"]}}],"collection":[{"href":"https:\/\/climalife.com\/ro\/wp-json\/wp\/v2\/product"}],"about":[{"href":"https:\/\/climalife.com\/ro\/wp-json\/wp\/v2\/types\/product"}],"replies":[{"embeddable":true,"href":"https:\/\/climalife.com\/ro\/wp-json\/wp\/v2\/comments?post=162261"}],"wp:featuredmedia":[{"embeddable":true,"href":"https:\/\/climalife.com\/ro\/wp-json\/wp\/v2\/media\/120735"}],"wp:attachment":[{"href":"https:\/\/climalife.com\/ro\/wp-json\/wp\/v2\/media?parent=162261"}],"wp:term":[{"taxonomy":"countries","embeddable":true,"href":"https:\/\/climalife.com\/ro\/wp-json\/wp\/v2\/countries?post=162261"},{"taxonomy":"product_brand","embeddable":true,"href":"https:\/\/climalife.com\/ro\/wp-json\/wp\/v2\/product_brand?post=162261"},{"taxonomy":"product_cat","embeddable":true,"href":"https:\/\/climalife.com\/ro\/wp-json\/wp\/v2\/product_cat?post=162261"},{"taxonomy":"product_tag","embeddable":true,"href":"https:\/\/climalife.com\/ro\/wp-json\/wp\/v2\/product_tag?post=162261"}],"curies":[{"name":"wp","href":"https:\/\/api.w.org\/{rel}","templated":true}]}}