{"id":162272,"date":"2022-09-28T18:01:17","date_gmt":"2022-09-28T18:01:17","guid":{"rendered":"http:\/\/climalife.com\/product\/mgs-150\/"},"modified":"2026-01-29T13:53:12","modified_gmt":"2026-01-29T13:53:12","slug":"mgs-150","status":"publish","type":"product","link":"https:\/\/climalife.com\/ro\/product\/mgs-150\/","title":{"rendered":"Senzori de \u00eenlocuire MGS 150"},"content":{"rendered":"<p>Aceste detectoare fixe de scurgeri faciliteaz\u0103 respectarea codurilor de siguran\u021b\u0103 \u00een s\u0103lile de ma\u0219ini \u0219i \u00een refrigerare. U\u0219urin\u021ba de utilizare a acestora permite, de asemenea, economisirea de timp \u0219i bani pentru utilaje \u0219i instala\u021bii.<\/p>\n<p>&nbsp;<\/p>\n<p>Climalife asigur\u0103 disponibilitatea senzorilor de \u00eenlocuire \u0219i a kiturilor de calibrare pentru seria MGS 150.<\/p>\n","protected":false},"excerpt":{"rendered":"<p>Detectoarele MGS 150 sunt acum \u00eenlocuite de o nou\u0103 gam\u0103: seriile\u00a0MGS 400 \u0219i MGS 550.<\/p>\n","protected":false},"featured_media":117450,"comment_status":"open","ping_status":"closed","template":"","meta":[],"countries":[4674,4709,4756,4760,4813,4831,4862],"product_brand":[],"product_cat":[9269],"product_tag":[],"class_list":{"0":"post-162272","1":"product","2":"type-product","3":"status-publish","4":"has-post-thumbnail","6":"countries-by","7":"countries-cu","8":"countries-ir","9":"countries-it","10":"countries-kp","11":"countries-ru","12":"countries-sy","13":"product_cat-detectare-fixa-a-scurgerilor","15":"first","16":"instock","17":"shipping-taxable","18":"purchasable","19":"product-type-simple"},"_links":{"self":[{"href":"https:\/\/climalife.com\/ro\/wp-json\/wp\/v2\/product\/162272","targetHints":{"allow":["GET"]}}],"collection":[{"href":"https:\/\/climalife.com\/ro\/wp-json\/wp\/v2\/product"}],"about":[{"href":"https:\/\/climalife.com\/ro\/wp-json\/wp\/v2\/types\/product"}],"replies":[{"embeddable":true,"href":"https:\/\/climalife.com\/ro\/wp-json\/wp\/v2\/comments?post=162272"}],"wp:featuredmedia":[{"embeddable":true,"href":"https:\/\/climalife.com\/ro\/wp-json\/wp\/v2\/media\/117450"}],"wp:attachment":[{"href":"https:\/\/climalife.com\/ro\/wp-json\/wp\/v2\/media?parent=162272"}],"wp:term":[{"taxonomy":"countries","embeddable":true,"href":"https:\/\/climalife.com\/ro\/wp-json\/wp\/v2\/countries?post=162272"},{"taxonomy":"product_brand","embeddable":true,"href":"https:\/\/climalife.com\/ro\/wp-json\/wp\/v2\/product_brand?post=162272"},{"taxonomy":"product_cat","embeddable":true,"href":"https:\/\/climalife.com\/ro\/wp-json\/wp\/v2\/product_cat?post=162272"},{"taxonomy":"product_tag","embeddable":true,"href":"https:\/\/climalife.com\/ro\/wp-json\/wp\/v2\/product_tag?post=162272"}],"curies":[{"name":"wp","href":"https:\/\/api.w.org\/{rel}","templated":true}]}}