{"id":162295,"date":"2022-10-05T00:58:10","date_gmt":"2022-10-05T00:58:10","guid":{"rendered":"http:\/\/climalife.com\/?post_type=product&#038;p=162295"},"modified":"2026-01-29T13:53:12","modified_gmt":"2026-01-29T13:53:12","slug":"recovery-machine-concept","status":"publish","type":"product","link":"https:\/\/climalife.com\/ro\/product\/recovery-machine-concept\/","title":{"rendered":"Proiectare echipamente de recuperare GRV"},"content":{"rendered":"<p>Proiectarea echipamentelor de recuperare si tragere \u00een vid (GRV)<\/p>\n<p>Concepute pentru recuperarea tuturor agen\u021bilor frigorifici \u0219i a SF6 p\u00e2n\u0103 la 1 mbar absolut.<\/p>\n<p>GRV-urile sunt deosebit de potrivite pentru opera\u021biunile de transfer \u00een care agentul frigorific recuperat nu con\u021bine nicio urm\u0103 de ulei.<\/p>\n<p>V\u0103 putem oferi mai multe modele pentru a se potrivi specifica\u021biilor dumneavoastr\u0103 (mobile, transportabile, cu presiune variabil\u0103, \u00een faz\u0103 lichid\u0103 sau gazoas\u0103, push-pull etc.).<\/p>\n","protected":false},"excerpt":{"rendered":"<p>,<\/p>\n","protected":false},"featured_media":108333,"comment_status":"open","ping_status":"closed","template":"","meta":[],"countries":[4674,4709,4756,4813,4831,4862],"product_brand":[],"product_cat":[9953,13201,13489,9962,9225,13122,13131,9971],"product_tag":[],"class_list":{"0":"post-162295","1":"product","2":"type-product","3":"status-publish","4":"has-post-thumbnail","6":"countries-by","7":"countries-cu","8":"countries-ir","9":"countries-kp","10":"countries-ru","11":"countries-sy","12":"product_cat-cladiri","13":"product_cat-dielectric-sf6-t","14":"product_cat-echipamente-de-recuperare-si-transfer","15":"product_cat-energie","16":"product_cat-industrii","17":"product_cat-propulsoare","18":"product_cat-refrigerare","19":"product_cat-sanatate-bunastare","21":"first","22":"instock","23":"shipping-taxable","24":"purchasable","25":"product-type-simple"},"_links":{"self":[{"href":"https:\/\/climalife.com\/ro\/wp-json\/wp\/v2\/product\/162295","targetHints":{"allow":["GET"]}}],"collection":[{"href":"https:\/\/climalife.com\/ro\/wp-json\/wp\/v2\/product"}],"about":[{"href":"https:\/\/climalife.com\/ro\/wp-json\/wp\/v2\/types\/product"}],"replies":[{"embeddable":true,"href":"https:\/\/climalife.com\/ro\/wp-json\/wp\/v2\/comments?post=162295"}],"wp:featuredmedia":[{"embeddable":true,"href":"https:\/\/climalife.com\/ro\/wp-json\/wp\/v2\/media\/108333"}],"wp:attachment":[{"href":"https:\/\/climalife.com\/ro\/wp-json\/wp\/v2\/media?parent=162295"}],"wp:term":[{"taxonomy":"countries","embeddable":true,"href":"https:\/\/climalife.com\/ro\/wp-json\/wp\/v2\/countries?post=162295"},{"taxonomy":"product_brand","embeddable":true,"href":"https:\/\/climalife.com\/ro\/wp-json\/wp\/v2\/product_brand?post=162295"},{"taxonomy":"product_cat","embeddable":true,"href":"https:\/\/climalife.com\/ro\/wp-json\/wp\/v2\/product_cat?post=162295"},{"taxonomy":"product_tag","embeddable":true,"href":"https:\/\/climalife.com\/ro\/wp-json\/wp\/v2\/product_tag?post=162295"}],"curies":[{"name":"wp","href":"https:\/\/api.w.org\/{rel}","templated":true}]}}