{"id":162363,"date":"2022-09-28T18:02:47","date_gmt":"2022-09-28T18:02:47","guid":{"rendered":"http:\/\/climalife.com\/product\/r-23\/"},"modified":"2025-08-18T14:05:29","modified_gmt":"2025-08-18T14:05:29","slug":"r-23","status":"publish","type":"product","link":"https:\/\/climalife.com\/ro\/product\/r-23\/","title":{"rendered":"R-23"},"content":{"rendered":"<p>Acest agent frigorific este potrivit pentru utilizare \u00een a doua etap\u0103 a unui sistem de refrigerare \u00een cascad\u0103. Primul nivel al unui astfel de sistem necesit\u0103 R-404A sau R-507 (incinte cu aer condi\u021bionat, sisteme de liofilizare).<\/p>\n","protected":false},"excerpt":{"rendered":"<p>R-23 este un hidrofluorocarbon (HFC) potrivit pentru sisteme cu \u00a0temperatur\u0103 foarte sc\u0103zut\u0103 (de la -60\u00b0C pan\u0103 la -100\u00b0C), echipate cu compresoare piston sau rotative.<\/p>\n","protected":false},"featured_media":201080,"comment_status":"open","ping_status":"closed","template":"","meta":[],"countries":[4674,4709,4756,4813,4831,4862],"product_brand":[],"product_cat":[9989,9971,9998,13131,9450],"product_tag":[],"class_list":{"0":"post-162363","1":"product","2":"type-product","3":"status-publish","4":"has-post-thumbnail","6":"countries-by","7":"countries-cu","8":"countries-ir","9":"countries-kp","10":"countries-ru","11":"countries-sy","12":"product_cat-aeronautica-aerospatiala-aparare","13":"product_cat-sanatate-bunastare","14":"product_cat-alte-industrii","15":"product_cat-refrigerare","16":"product_cat-hfc-ro-33","17":"pa_packaging-cilindru-134-l-ro-115","18":"pa_packaging-cilindru-50-l-ro-118","20":"first","21":"instock","22":"shipping-taxable","23":"purchasable","24":"product-type-variable"},"_links":{"self":[{"href":"https:\/\/climalife.com\/ro\/wp-json\/wp\/v2\/product\/162363","targetHints":{"allow":["GET"]}}],"collection":[{"href":"https:\/\/climalife.com\/ro\/wp-json\/wp\/v2\/product"}],"about":[{"href":"https:\/\/climalife.com\/ro\/wp-json\/wp\/v2\/types\/product"}],"replies":[{"embeddable":true,"href":"https:\/\/climalife.com\/ro\/wp-json\/wp\/v2\/comments?post=162363"}],"wp:featuredmedia":[{"embeddable":true,"href":"https:\/\/climalife.com\/ro\/wp-json\/wp\/v2\/media\/201080"}],"wp:attachment":[{"href":"https:\/\/climalife.com\/ro\/wp-json\/wp\/v2\/media?parent=162363"}],"wp:term":[{"taxonomy":"countries","embeddable":true,"href":"https:\/\/climalife.com\/ro\/wp-json\/wp\/v2\/countries?post=162363"},{"taxonomy":"product_brand","embeddable":true,"href":"https:\/\/climalife.com\/ro\/wp-json\/wp\/v2\/product_brand?post=162363"},{"taxonomy":"product_cat","embeddable":true,"href":"https:\/\/climalife.com\/ro\/wp-json\/wp\/v2\/product_cat?post=162363"},{"taxonomy":"product_tag","embeddable":true,"href":"https:\/\/climalife.com\/ro\/wp-json\/wp\/v2\/product_tag?post=162363"}],"curies":[{"name":"wp","href":"https:\/\/api.w.org\/{rel}","templated":true}]}}