{"id":162372,"date":"2022-09-28T18:02:56","date_gmt":"2022-09-28T18:02:56","guid":{"rendered":"http:\/\/climalife.com\/product\/total-lunaria-nh-68\/"},"modified":"2025-08-18T14:04:28","modified_gmt":"2025-08-18T14:04:28","slug":"total-lunaria-nh-68","status":"publish","type":"product","link":"https:\/\/climalife.com\/ro\/product\/total-lunaria-nh-68\/","title":{"rendered":"Total Lunaria NH 68"},"content":{"rendered":"<p>Utilizare:<br \/>\n&#8211; lubrifiere compresoare cu piston (piese \u00een mi\u015fcare, cilindrii , accesorii de reduc\u0163ie).<br \/>\n&#8211; lubrifiere compresoare rotative.<br \/>\nDomeniul de utilizare: evaporatoare unde temperatura este mai mare de -30\u00b0C<\/p>\n","protected":false},"excerpt":{"rendered":"<p>Uleiuri minerale cu aditivi pentru \u00a0lubrifiere compresoare de refrigerare care folosesc amoniac ca refrigerant (R-717).<\/p>\n","protected":false},"featured_media":108162,"comment_status":"open","ping_status":"closed","template":"","meta":[],"countries":[4674,4709,4756,4813,4831,4862],"product_brand":[],"product_cat":[9989,9944,9971,9998,13097,13131,9351],"product_tag":[],"class_list":{"0":"post-162372","1":"product","2":"type-product","3":"status-publish","4":"has-post-thumbnail","6":"countries-by","7":"countries-cu","8":"countries-ir","9":"countries-kp","10":"countries-ru","11":"countries-sy","12":"product_cat-aeronautica-aerospatiala-aparare","13":"product_cat-sector-agroalimentar","14":"product_cat-sanatate-bunastare","15":"product_cat-alte-industrii","16":"product_cat-incalzire","17":"product_cat-refrigerare","18":"product_cat-uleiuri-minerale","19":"pa_packaging-butoi-208-l-ro-49","20":"pa_packaging-canistra-de-20-l-ro-36","22":"first","23":"instock","24":"shipping-taxable","25":"purchasable","26":"product-type-variable"},"_links":{"self":[{"href":"https:\/\/climalife.com\/ro\/wp-json\/wp\/v2\/product\/162372","targetHints":{"allow":["GET"]}}],"collection":[{"href":"https:\/\/climalife.com\/ro\/wp-json\/wp\/v2\/product"}],"about":[{"href":"https:\/\/climalife.com\/ro\/wp-json\/wp\/v2\/types\/product"}],"replies":[{"embeddable":true,"href":"https:\/\/climalife.com\/ro\/wp-json\/wp\/v2\/comments?post=162372"}],"wp:featuredmedia":[{"embeddable":true,"href":"https:\/\/climalife.com\/ro\/wp-json\/wp\/v2\/media\/108162"}],"wp:attachment":[{"href":"https:\/\/climalife.com\/ro\/wp-json\/wp\/v2\/media?parent=162372"}],"wp:term":[{"taxonomy":"countries","embeddable":true,"href":"https:\/\/climalife.com\/ro\/wp-json\/wp\/v2\/countries?post=162372"},{"taxonomy":"product_brand","embeddable":true,"href":"https:\/\/climalife.com\/ro\/wp-json\/wp\/v2\/product_brand?post=162372"},{"taxonomy":"product_cat","embeddable":true,"href":"https:\/\/climalife.com\/ro\/wp-json\/wp\/v2\/product_cat?post=162372"},{"taxonomy":"product_tag","embeddable":true,"href":"https:\/\/climalife.com\/ro\/wp-json\/wp\/v2\/product_tag?post=162372"}],"curies":[{"name":"wp","href":"https:\/\/api.w.org\/{rel}","templated":true}]}}