{"id":162391,"date":"2022-09-28T18:03:16","date_gmt":"2022-09-28T18:03:16","guid":{"rendered":"http:\/\/climalife.com\/product\/facilisolv\/"},"modified":"2025-08-18T14:01:52","modified_gmt":"2025-08-18T14:01:52","slug":"facilisolv","status":"publish","type":"product","link":"https:\/\/climalife.com\/ro\/product\/facilisolv\/","title":{"rendered":"Facilisolv"},"content":{"rendered":"<p>Facilisolv \u00a0func\u021bioneaz\u0103 \u00een mod eficient \u00een circuite folosind lichide\u00a0halogenate sau NH<sub>3<\/sub> \u0219i \u00een cele care folosesc uleiuri de refrigerare standard.<\/p>\n<p>&nbsp;<\/p>\n","protected":false},"excerpt":{"rendered":"<p>Solvent de cur\u0103\u0163are intern pentru circuitele de refrigerare industriale.<\/p>\n","protected":false},"featured_media":108684,"comment_status":"open","ping_status":"closed","template":"","meta":[],"countries":[4674,4709,4756,4813,4831,4862],"product_brand":[],"product_cat":[9989,9998,9953,9234,13097,13131,9971,9944],"product_tag":[],"class_list":{"0":"post-162391","1":"product","2":"type-product","3":"status-publish","4":"has-post-thumbnail","6":"countries-by","7":"countries-cu","8":"countries-ir","9":"countries-kp","10":"countries-ru","11":"countries-sy","12":"product_cat-aeronautica-aerospatiala-aparare","13":"product_cat-alte-industrii","14":"product_cat-cladiri","15":"product_cat-curatarea-interna-a-sistemelor-de-refrigerare","16":"product_cat-incalzire","17":"product_cat-refrigerare","18":"product_cat-sanatate-bunastare","19":"product_cat-sector-agroalimentar","20":"pa_packaging-butoi-210-l-ro-28","21":"pa_packaging-canistra-30-l-ro-26","23":"first","24":"instock","25":"shipping-taxable","26":"purchasable","27":"product-type-variable"},"_links":{"self":[{"href":"https:\/\/climalife.com\/ro\/wp-json\/wp\/v2\/product\/162391","targetHints":{"allow":["GET"]}}],"collection":[{"href":"https:\/\/climalife.com\/ro\/wp-json\/wp\/v2\/product"}],"about":[{"href":"https:\/\/climalife.com\/ro\/wp-json\/wp\/v2\/types\/product"}],"replies":[{"embeddable":true,"href":"https:\/\/climalife.com\/ro\/wp-json\/wp\/v2\/comments?post=162391"}],"wp:featuredmedia":[{"embeddable":true,"href":"https:\/\/climalife.com\/ro\/wp-json\/wp\/v2\/media\/108684"}],"wp:attachment":[{"href":"https:\/\/climalife.com\/ro\/wp-json\/wp\/v2\/media?parent=162391"}],"wp:term":[{"taxonomy":"countries","embeddable":true,"href":"https:\/\/climalife.com\/ro\/wp-json\/wp\/v2\/countries?post=162391"},{"taxonomy":"product_brand","embeddable":true,"href":"https:\/\/climalife.com\/ro\/wp-json\/wp\/v2\/product_brand?post=162391"},{"taxonomy":"product_cat","embeddable":true,"href":"https:\/\/climalife.com\/ro\/wp-json\/wp\/v2\/product_cat?post=162391"},{"taxonomy":"product_tag","embeddable":true,"href":"https:\/\/climalife.com\/ro\/wp-json\/wp\/v2\/product_tag?post=162391"}],"curies":[{"name":"wp","href":"https:\/\/api.w.org\/{rel}","templated":true}]}}