{"id":162437,"date":"2022-09-28T18:04:11","date_gmt":"2022-09-28T18:04:11","guid":{"rendered":"http:\/\/climalife.com\/product\/novaspray-hfc-134a-t\/"},"modified":"2026-01-13T14:57:04","modified_gmt":"2026-01-13T14:57:04","slug":"novaspray-hfc-134a-t","status":"publish","type":"product","link":"https:\/\/climalife.com\/ro\/product\/novaspray-hfc-134a-t\/","title":{"rendered":"NovaSpray\u2122 HFC 134aT"},"content":{"rendered":"<p>Neinflamabil, ofer\u0103 numeroase posibilit\u0103\u021bi de utilizare \u00een formul\u0103ri care impun cerin\u021be de siguran\u021b\u0103 (normative, mediu cu riscuri, mediu \u00eenchis).<\/p>\n<p>Utilizarea sa permite reducerea inflamabilit\u0103\u021bii multor formul\u0103ri p\u00e2n\u0103 la a le face neinflamabile \u00een conformitate cu testele FEA.<\/p>\n<p>Punerea sa \u00een aplicare nu necesit\u0103 investi\u021bii speciale \u00een ceea ce prive\u0219te instalarea de siguran\u021b\u0103 ATEX. Nu are niciun efect asupra stratului de ozon \u0219i are un impact neglijabil asupra efectului de ser\u0103.<\/p>\n","protected":false},"excerpt":{"rendered":"<p>NovaSpray\u2122 HFC 134aT este un tetrafluoroetan de calitate aerosol. De calitate constant\u0103, acesta \u00eendepline\u0219te toate cerin\u021bele necesare pentru un propulsor.<\/p>\n","protected":false},"featured_media":207083,"comment_status":"open","ping_status":"closed","template":"","meta":[],"countries":[4674,4709,4756,4813,4831,4862],"product_brand":[],"product_cat":[9980,9953,9998,13122,9408],"product_tag":[],"class_list":{"0":"post-162437","1":"product","2":"type-product","3":"status-publish","4":"has-post-thumbnail","6":"countries-by","7":"countries-cu","8":"countries-ir","9":"countries-kp","10":"countries-ru","11":"countries-sy","12":"product_cat-industria-auto-transport","13":"product_cat-cladiri","14":"product_cat-alte-industrii","15":"product_cat-propulsoare","16":"product_cat-hfc-ro-86","17":"pa_packaging-20-tone-vrac-ro-141","18":"pa_packaging-butoi-217-l-ro-30","19":"pa_packaging-cilindru-26-l-ro-32","20":"pa_packaging-cilindru-88-l-ro-122","21":"pa_packaging-container-930-l-ro-76","23":"first","24":"instock","25":"shipping-taxable","26":"purchasable","27":"product-type-variable"},"_links":{"self":[{"href":"https:\/\/climalife.com\/ro\/wp-json\/wp\/v2\/product\/162437","targetHints":{"allow":["GET"]}}],"collection":[{"href":"https:\/\/climalife.com\/ro\/wp-json\/wp\/v2\/product"}],"about":[{"href":"https:\/\/climalife.com\/ro\/wp-json\/wp\/v2\/types\/product"}],"replies":[{"embeddable":true,"href":"https:\/\/climalife.com\/ro\/wp-json\/wp\/v2\/comments?post=162437"}],"wp:featuredmedia":[{"embeddable":true,"href":"https:\/\/climalife.com\/ro\/wp-json\/wp\/v2\/media\/207083"}],"wp:attachment":[{"href":"https:\/\/climalife.com\/ro\/wp-json\/wp\/v2\/media?parent=162437"}],"wp:term":[{"taxonomy":"countries","embeddable":true,"href":"https:\/\/climalife.com\/ro\/wp-json\/wp\/v2\/countries?post=162437"},{"taxonomy":"product_brand","embeddable":true,"href":"https:\/\/climalife.com\/ro\/wp-json\/wp\/v2\/product_brand?post=162437"},{"taxonomy":"product_cat","embeddable":true,"href":"https:\/\/climalife.com\/ro\/wp-json\/wp\/v2\/product_cat?post=162437"},{"taxonomy":"product_tag","embeddable":true,"href":"https:\/\/climalife.com\/ro\/wp-json\/wp\/v2\/product_tag?post=162437"}],"curies":[{"name":"wp","href":"https:\/\/api.w.org\/{rel}","templated":true}]}}