{"id":162494,"date":"2022-09-28T18:05:27","date_gmt":"2022-09-28T18:05:27","guid":{"rendered":"http:\/\/climalife.com\/product\/universal-pump\/"},"modified":"2025-07-14T09:50:11","modified_gmt":"2025-07-14T09:50:11","slug":"universal-pump","status":"publish","type":"product","link":"https:\/\/climalife.com\/ro\/product\/universal-pump\/","title":{"rendered":"Universal Pump"},"content":{"rendered":"<p>Include un set de tuburi pentru pomp\u0103 FP430 PP-1000, un motor electric F417, o piuli\u021b\u0103 pentru setul de tuburi pentru pomp\u0103 G2.<\/p>\n","protected":false},"excerpt":{"rendered":"<p>Aceast\u0103 pomp\u0103 poate fi utilizat\u0103 pentru lichide de r\u0103cire, lubrifian\u021bi \u0219i produsele noastre de cur\u0103\u021bare intern\u0103.<\/p>\n","protected":false},"featured_media":206895,"comment_status":"open","ping_status":"closed","template":"","meta":[],"countries":[4674,4709,4756,4813,4831,4862],"product_brand":[],"product_cat":[9989,9953,9962,9944,9971,9998,13062,13088,13097,13131,13140,9234],"product_tag":[],"class_list":{"0":"post-162494","1":"product","2":"type-product","3":"status-publish","4":"has-post-thumbnail","6":"countries-by","7":"countries-cu","8":"countries-ir","9":"countries-kp","10":"countries-ru","11":"countries-sy","12":"product_cat-aeronautica-aerospatiala-aparare","13":"product_cat-cladiri","14":"product_cat-energie","15":"product_cat-sector-agroalimentar","16":"product_cat-sanatate-bunastare","17":"product_cat-alte-industrii","18":"product_cat-aer-conditionat","19":"product_cat-protectia-impotriva-incendiilor","20":"product_cat-incalzire","21":"product_cat-refrigerare","22":"product_cat-energie-regenerabila","23":"product_cat-curatarea-interna-a-sistemelor-de-refrigerare","24":"pa_packaging-unitate-ro-25","26":"first","27":"instock","28":"shipping-taxable","29":"purchasable","30":"product-type-variable"},"_links":{"self":[{"href":"https:\/\/climalife.com\/ro\/wp-json\/wp\/v2\/product\/162494","targetHints":{"allow":["GET"]}}],"collection":[{"href":"https:\/\/climalife.com\/ro\/wp-json\/wp\/v2\/product"}],"about":[{"href":"https:\/\/climalife.com\/ro\/wp-json\/wp\/v2\/types\/product"}],"replies":[{"embeddable":true,"href":"https:\/\/climalife.com\/ro\/wp-json\/wp\/v2\/comments?post=162494"}],"wp:featuredmedia":[{"embeddable":true,"href":"https:\/\/climalife.com\/ro\/wp-json\/wp\/v2\/media\/206895"}],"wp:attachment":[{"href":"https:\/\/climalife.com\/ro\/wp-json\/wp\/v2\/media?parent=162494"}],"wp:term":[{"taxonomy":"countries","embeddable":true,"href":"https:\/\/climalife.com\/ro\/wp-json\/wp\/v2\/countries?post=162494"},{"taxonomy":"product_brand","embeddable":true,"href":"https:\/\/climalife.com\/ro\/wp-json\/wp\/v2\/product_brand?post=162494"},{"taxonomy":"product_cat","embeddable":true,"href":"https:\/\/climalife.com\/ro\/wp-json\/wp\/v2\/product_cat?post=162494"},{"taxonomy":"product_tag","embeddable":true,"href":"https:\/\/climalife.com\/ro\/wp-json\/wp\/v2\/product_tag?post=162494"}],"curies":[{"name":"wp","href":"https:\/\/api.w.org\/{rel}","templated":true}]}}