{"id":162513,"date":"2022-09-28T18:05:50","date_gmt":"2022-09-28T18:05:50","guid":{"rendered":"http:\/\/climalife.com\/product\/total-lunaria-fr-32-46-68\/"},"modified":"2025-08-18T13:50:07","modified_gmt":"2025-08-18T13:50:07","slug":"total-lunaria-fr-32-46-68","status":"publish","type":"product","link":"https:\/\/climalife.com\/ro\/product\/total-lunaria-fr-32-46-68\/","title":{"rendered":"Total Lunaria Seria FR"},"content":{"rendered":"<p>Utilizare:<\/p>\n<p>&#8211;\u00a0lubrifiere piese \u00een mi\u0219care \u00een orice compresor de refrigerare,<\/p>\n<p>&#8211; lubrifiere de compresoare cu \u0219urub : \u0219uruburi paralele , \u0219uruburi de un singur satelit ( de exemplu, Zimmem ).<\/p>\n","protected":false},"excerpt":{"rendered":"<p>Uleuiri minerale naftenice pentru lubrifierea tuturor tipurilor de compresoare frigorifice (uleiuri f\u0103r\u0103 cear\u0103).<\/p>\n","protected":false},"featured_media":108171,"comment_status":"open","ping_status":"closed","template":"","meta":[],"countries":[4674,4709,4756,4813,4831,4862],"product_brand":[],"product_cat":[9989,9944,9971,9998,13062,13097,13131,9351],"product_tag":[],"class_list":{"0":"post-162513","1":"product","2":"type-product","3":"status-publish","4":"has-post-thumbnail","6":"countries-by","7":"countries-cu","8":"countries-ir","9":"countries-kp","10":"countries-ru","11":"countries-sy","12":"product_cat-aeronautica-aerospatiala-aparare","13":"product_cat-sector-agroalimentar","14":"product_cat-sanatate-bunastare","15":"product_cat-alte-industrii","16":"product_cat-aer-conditionat","17":"product_cat-incalzire","18":"product_cat-refrigerare","19":"product_cat-uleiuri-minerale","20":"pa_packaging-butoi-208-l-ro-49","21":"pa_packaging-canistra-20-l-ro-174","23":"first","24":"instock","25":"shipping-taxable","26":"purchasable","27":"product-type-variable"},"_links":{"self":[{"href":"https:\/\/climalife.com\/ro\/wp-json\/wp\/v2\/product\/162513","targetHints":{"allow":["GET"]}}],"collection":[{"href":"https:\/\/climalife.com\/ro\/wp-json\/wp\/v2\/product"}],"about":[{"href":"https:\/\/climalife.com\/ro\/wp-json\/wp\/v2\/types\/product"}],"replies":[{"embeddable":true,"href":"https:\/\/climalife.com\/ro\/wp-json\/wp\/v2\/comments?post=162513"}],"wp:featuredmedia":[{"embeddable":true,"href":"https:\/\/climalife.com\/ro\/wp-json\/wp\/v2\/media\/108171"}],"wp:attachment":[{"href":"https:\/\/climalife.com\/ro\/wp-json\/wp\/v2\/media?parent=162513"}],"wp:term":[{"taxonomy":"countries","embeddable":true,"href":"https:\/\/climalife.com\/ro\/wp-json\/wp\/v2\/countries?post=162513"},{"taxonomy":"product_brand","embeddable":true,"href":"https:\/\/climalife.com\/ro\/wp-json\/wp\/v2\/product_brand?post=162513"},{"taxonomy":"product_cat","embeddable":true,"href":"https:\/\/climalife.com\/ro\/wp-json\/wp\/v2\/product_cat?post=162513"},{"taxonomy":"product_tag","embeddable":true,"href":"https:\/\/climalife.com\/ro\/wp-json\/wp\/v2\/product_tag?post=162513"}],"curies":[{"name":"wp","href":"https:\/\/api.w.org\/{rel}","templated":true}]}}