{"id":162549,"date":"2022-09-28T18:06:30","date_gmt":"2022-09-28T18:06:30","guid":{"rendered":"http:\/\/climalife.com\/product\/novexpans-ciclopentan\/"},"modified":"2025-08-18T13:45:33","modified_gmt":"2025-08-18T13:45:33","slug":"novexpans-ciclopentan","status":"publish","type":"product","link":"https:\/\/climalife.com\/ro\/product\/novexpans-ciclopentan\/","title":{"rendered":"NOVEXPANS\u2122 ciclopentan"},"content":{"rendered":"<p><span class=\"tlid-translation translation\" lang=\"ro\"><span class=\"\" title=\"\">Datorit\u0103 coeficientului s\u0103u sc\u0103zut de conductivitate termic\u0103, NOVEXPANS<sup>\u2122<\/sup>\u00a0ciclopentan este utilizat la fabricarea spumelor izolante pentru aparate de uz casnic \u0219i pentru blocuri.<\/span> <span class=\"\" title=\"\">Clasificarea sa R11 \u00eel face un atu pentru respectarea legisla\u021biei privind depozitarea produselor inflamabile.<\/span> <span class=\"\" title=\"\">Inofensiv pentru stratul de ozon, NOVEXPANS<sup>TM<\/sup> ciclopentan este special adaptat pentru a \u00eenlocui HCFC 141b.<\/span><\/span><\/p>\n","protected":false},"excerpt":{"rendered":"<p>NOVEXPANS\u2122 ciclopentan este un produs cu specifica\u021bii garantate (con\u021binut ridicat de ciclopentan) utilizat ca agent de expansiune a spumelor rigide de poliuretan.<\/p>\n","protected":false},"featured_media":203681,"comment_status":"open","ping_status":"closed","template":"","meta":[],"countries":[4674,4709,4756,4813,4831,4862],"product_brand":[],"product_cat":[9998,9953,9507,9980,13106,9944],"product_tag":[],"class_list":{"0":"post-162549","1":"product","2":"type-product","3":"status-publish","4":"has-post-thumbnail","6":"countries-by","7":"countries-cu","8":"countries-ir","9":"countries-kp","10":"countries-ru","11":"countries-sy","12":"product_cat-alte-industrii","13":"product_cat-cladiri","14":"product_cat-hidrocarburi","15":"product_cat-industria-auto-transport","16":"product_cat-izolatie","17":"product_cat-sector-agroalimentar","18":"pa_packaging-butoi-217-l-ro-30","19":"pa_packaging-canistra-30-l-ro-26","20":"pa_packaging-container-930-l-ro-76","21":"pa_packaging-vrac-ro-168","23":"first","24":"instock","25":"shipping-taxable","26":"purchasable","27":"product-type-variable"},"_links":{"self":[{"href":"https:\/\/climalife.com\/ro\/wp-json\/wp\/v2\/product\/162549","targetHints":{"allow":["GET"]}}],"collection":[{"href":"https:\/\/climalife.com\/ro\/wp-json\/wp\/v2\/product"}],"about":[{"href":"https:\/\/climalife.com\/ro\/wp-json\/wp\/v2\/types\/product"}],"replies":[{"embeddable":true,"href":"https:\/\/climalife.com\/ro\/wp-json\/wp\/v2\/comments?post=162549"}],"wp:featuredmedia":[{"embeddable":true,"href":"https:\/\/climalife.com\/ro\/wp-json\/wp\/v2\/media\/203681"}],"wp:attachment":[{"href":"https:\/\/climalife.com\/ro\/wp-json\/wp\/v2\/media?parent=162549"}],"wp:term":[{"taxonomy":"countries","embeddable":true,"href":"https:\/\/climalife.com\/ro\/wp-json\/wp\/v2\/countries?post=162549"},{"taxonomy":"product_brand","embeddable":true,"href":"https:\/\/climalife.com\/ro\/wp-json\/wp\/v2\/product_brand?post=162549"},{"taxonomy":"product_cat","embeddable":true,"href":"https:\/\/climalife.com\/ro\/wp-json\/wp\/v2\/product_cat?post=162549"},{"taxonomy":"product_tag","embeddable":true,"href":"https:\/\/climalife.com\/ro\/wp-json\/wp\/v2\/product_tag?post=162549"}],"curies":[{"name":"wp","href":"https:\/\/api.w.org\/{rel}","templated":true}]}}