{"id":162584,"date":"2022-09-28T18:06:57","date_gmt":"2022-09-28T18:06:57","guid":{"rendered":"http:\/\/climalife.com\/product\/r-449a\/"},"modified":"2025-08-18T13:41:29","modified_gmt":"2025-08-18T13:41:29","slug":"r-449a","status":"publish","type":"product","link":"https:\/\/climalife.com\/ro\/product\/r-449a\/","title":{"rendered":"R-449A"},"content":{"rendered":"<p>Este potrivit pentru supermarketuri \u0219i hipermarketuri, inclusiv sisteme centralizate de ambalaj, camere frigorifice \u0219i refrigerare \u0219i transport frigorific.<\/p>\n<p>Poate fi folosit ca \u00eenlocuitor pentru R-22, dar trebuie s\u0103 fie \u00een conformitate cu regulile de conversie.<\/p>\n","protected":false},"excerpt":{"rendered":"<p>R-449A este un amestec non-azeotrop care con\u021bine agen\u021bi frigorifici HFC\/HFO. Acesta a fost conceput pentru a \u00eenlocui R-404A \u00een aplica\u021bii de refrigerare comercial\u0103 \u0219i industrial\u0103 cu temperatur\u0103 medie \u0219i joas\u0103.<\/p>\n","protected":false},"featured_media":120627,"comment_status":"open","ping_status":"closed","template":"","meta":[],"countries":[4674,4709,4756,4813,4831,4862],"product_brand":[],"product_cat":[9989,9980,9944,9971,9998,13131,9611],"product_tag":[],"class_list":{"0":"post-162584","1":"product","2":"type-product","3":"status-publish","4":"has-post-thumbnail","6":"countries-by","7":"countries-cu","8":"countries-ir","9":"countries-kp","10":"countries-ru","11":"countries-sy","12":"product_cat-aeronautica-aerospatiala-aparare","13":"product_cat-industria-auto-transport","14":"product_cat-sector-agroalimentar","15":"product_cat-sanatate-bunastare","16":"product_cat-alte-industrii","17":"product_cat-refrigerare","18":"product_cat-amestec-hfc-hfo","19":"pa_packaging-cilindru-52-l-ro-72","20":"pa_packaging-container-448-l-ro-74","21":"pa_packaging-container-930-l-ro-76","22":"pa_packaging-cubikool","24":"first","25":"instock","26":"shipping-taxable","27":"purchasable","28":"product-type-variable"},"_links":{"self":[{"href":"https:\/\/climalife.com\/ro\/wp-json\/wp\/v2\/product\/162584","targetHints":{"allow":["GET"]}}],"collection":[{"href":"https:\/\/climalife.com\/ro\/wp-json\/wp\/v2\/product"}],"about":[{"href":"https:\/\/climalife.com\/ro\/wp-json\/wp\/v2\/types\/product"}],"replies":[{"embeddable":true,"href":"https:\/\/climalife.com\/ro\/wp-json\/wp\/v2\/comments?post=162584"}],"wp:featuredmedia":[{"embeddable":true,"href":"https:\/\/climalife.com\/ro\/wp-json\/wp\/v2\/media\/120627"}],"wp:attachment":[{"href":"https:\/\/climalife.com\/ro\/wp-json\/wp\/v2\/media?parent=162584"}],"wp:term":[{"taxonomy":"countries","embeddable":true,"href":"https:\/\/climalife.com\/ro\/wp-json\/wp\/v2\/countries?post=162584"},{"taxonomy":"product_brand","embeddable":true,"href":"https:\/\/climalife.com\/ro\/wp-json\/wp\/v2\/product_brand?post=162584"},{"taxonomy":"product_cat","embeddable":true,"href":"https:\/\/climalife.com\/ro\/wp-json\/wp\/v2\/product_cat?post=162584"},{"taxonomy":"product_tag","embeddable":true,"href":"https:\/\/climalife.com\/ro\/wp-json\/wp\/v2\/product_tag?post=162584"}],"curies":[{"name":"wp","href":"https:\/\/api.w.org\/{rel}","templated":true}]}}