{"id":162668,"date":"2022-09-28T18:08:20","date_gmt":"2022-09-28T18:08:20","guid":{"rendered":"http:\/\/climalife.com\/product\/particle-counting\/"},"modified":"2025-07-14T09:48:33","modified_gmt":"2025-07-14T09:48:33","slug":"particle-counting","status":"publish","type":"product","link":"https:\/\/climalife.com\/ro\/product\/particle-counting\/","title":{"rendered":"Num\u0103rarea de particule"},"content":{"rendered":"","protected":false},"excerpt":{"rendered":"<p>Determin\u0103 num\u0103rul de particule \u00een func\u021bie de dimensiune. Permite selectarea dimensiunii corecte a filtrului.<\/p>\n","protected":false},"featured_media":107532,"comment_status":"open","ping_status":"closed","template":"","meta":[],"countries":[4674,4709,4756,4813,4831,4862],"product_brand":[],"product_cat":[13062,9989,9998,9953,13097,9486,13131,9971,9944],"product_tag":[],"class_list":{"0":"post-162668","1":"product","2":"type-product","3":"status-publish","4":"has-post-thumbnail","6":"countries-by","7":"countries-cu","8":"countries-ir","9":"countries-kp","10":"countries-ru","11":"countries-sy","12":"product_cat-aer-conditionat","13":"product_cat-aeronautica-aerospatiala-aparare","14":"product_cat-alte-industrii","15":"product_cat-cladiri","16":"product_cat-incalzire","17":"product_cat-analiza-lichide-de-transfer-termic","18":"product_cat-refrigerare","19":"product_cat-sanatate-bunastare","20":"product_cat-sector-agroalimentar","21":"pa_packaging-unitate-ro-25","23":"first","24":"instock","25":"shipping-taxable","26":"purchasable","27":"product-type-variable"},"_links":{"self":[{"href":"https:\/\/climalife.com\/ro\/wp-json\/wp\/v2\/product\/162668","targetHints":{"allow":["GET"]}}],"collection":[{"href":"https:\/\/climalife.com\/ro\/wp-json\/wp\/v2\/product"}],"about":[{"href":"https:\/\/climalife.com\/ro\/wp-json\/wp\/v2\/types\/product"}],"replies":[{"embeddable":true,"href":"https:\/\/climalife.com\/ro\/wp-json\/wp\/v2\/comments?post=162668"}],"wp:featuredmedia":[{"embeddable":true,"href":"https:\/\/climalife.com\/ro\/wp-json\/wp\/v2\/media\/107532"}],"wp:attachment":[{"href":"https:\/\/climalife.com\/ro\/wp-json\/wp\/v2\/media?parent=162668"}],"wp:term":[{"taxonomy":"countries","embeddable":true,"href":"https:\/\/climalife.com\/ro\/wp-json\/wp\/v2\/countries?post=162668"},{"taxonomy":"product_brand","embeddable":true,"href":"https:\/\/climalife.com\/ro\/wp-json\/wp\/v2\/product_brand?post=162668"},{"taxonomy":"product_cat","embeddable":true,"href":"https:\/\/climalife.com\/ro\/wp-json\/wp\/v2\/product_cat?post=162668"},{"taxonomy":"product_tag","embeddable":true,"href":"https:\/\/climalife.com\/ro\/wp-json\/wp\/v2\/product_tag?post=162668"}],"curies":[{"name":"wp","href":"https:\/\/api.w.org\/{rel}","templated":true}]}}