{"id":162719,"date":"2022-09-28T18:09:12","date_gmt":"2022-09-28T18:09:12","guid":{"rendered":"http:\/\/climalife.com\/product\/r-744\/"},"modified":"2025-07-11T12:42:41","modified_gmt":"2025-07-11T12:42:41","slug":"r-744","status":"publish","type":"product","link":"https:\/\/climalife.com\/ro\/product\/r-744\/","title":{"rendered":"R-744"},"content":{"rendered":"<p>Poate fi utilizat \u00een regim de relaxare direct\u0103 \u00een sisteme \u00een cascad\u0103 \u00een refrigerare (subcritic\u0103) cu HFC, HFO sau NH3 sau \u00een sisteme booster (transcritice).<\/p>\n<p>&nbsp;<\/p>\n","protected":false},"excerpt":{"rendered":"<p>R-744 (dioxid de carbon) este un agent frigorific destinat aplica\u021biilor de refrigerare industrial\u0103 sau comercial\u0103.<\/p>\n","protected":false},"featured_media":121644,"comment_status":"open","ping_status":"closed","template":"","meta":[],"countries":[4674,4709,4756,4813,4831,4862],"product_brand":[],"product_cat":[13062,9998,9953,9693,13097,9980,13131,9971,9944],"product_tag":[],"class_list":{"0":"post-162719","1":"product","2":"type-product","3":"status-publish","4":"has-post-thumbnail","6":"countries-by","7":"countries-cu","8":"countries-ir","9":"countries-kp","10":"countries-ru","11":"countries-sy","12":"product_cat-aer-conditionat","13":"product_cat-alte-industrii","14":"product_cat-cladiri","15":"product_cat-co2-refrigeranti-intervale","16":"product_cat-incalzire","17":"product_cat-industria-auto-transport","18":"product_cat-refrigerare","19":"product_cat-sanatate-bunastare","20":"product_cat-sector-agroalimentar","21":"pa_packaging-cadru-9xb50-ro-274","23":"first","24":"instock","25":"shipping-taxable","26":"purchasable","27":"product-type-variable"},"_links":{"self":[{"href":"https:\/\/climalife.com\/ro\/wp-json\/wp\/v2\/product\/162719","targetHints":{"allow":["GET"]}}],"collection":[{"href":"https:\/\/climalife.com\/ro\/wp-json\/wp\/v2\/product"}],"about":[{"href":"https:\/\/climalife.com\/ro\/wp-json\/wp\/v2\/types\/product"}],"replies":[{"embeddable":true,"href":"https:\/\/climalife.com\/ro\/wp-json\/wp\/v2\/comments?post=162719"}],"wp:featuredmedia":[{"embeddable":true,"href":"https:\/\/climalife.com\/ro\/wp-json\/wp\/v2\/media\/121644"}],"wp:attachment":[{"href":"https:\/\/climalife.com\/ro\/wp-json\/wp\/v2\/media?parent=162719"}],"wp:term":[{"taxonomy":"countries","embeddable":true,"href":"https:\/\/climalife.com\/ro\/wp-json\/wp\/v2\/countries?post=162719"},{"taxonomy":"product_brand","embeddable":true,"href":"https:\/\/climalife.com\/ro\/wp-json\/wp\/v2\/product_brand?post=162719"},{"taxonomy":"product_cat","embeddable":true,"href":"https:\/\/climalife.com\/ro\/wp-json\/wp\/v2\/product_cat?post=162719"},{"taxonomy":"product_tag","embeddable":true,"href":"https:\/\/climalife.com\/ro\/wp-json\/wp\/v2\/product_tag?post=162719"}],"curies":[{"name":"wp","href":"https:\/\/api.w.org\/{rel}","templated":true}]}}