{"id":162732,"date":"2022-09-28T18:09:23","date_gmt":"2022-09-28T18:09:23","guid":{"rendered":"http:\/\/climalife.com\/product\/solstice-n13-r-450a\/"},"modified":"2025-08-18T13:31:10","modified_gmt":"2025-08-18T13:31:10","slug":"solstice-n13-r-450a","status":"publish","type":"product","link":"https:\/\/climalife.com\/ro\/product\/solstice-n13-r-450a\/","title":{"rendered":"R-450A Solstice\u00ae N13"},"content":{"rendered":"<p>A cs\u00fasz\u00e1si h\u0151m\u00e9rs\u00e9klet l\u00e9gk\u00f6ri nyom\u00e1son 1 k alatt van, \u00e9s k\u00f6zvetlen t\u00e1gul\u00e1s\u00fa vagy el\u00e1rasztott p\u00e1rologtat\u00f3 rendszerekben haszn\u00e1lhat\u00f3.<\/p>\n<p>Polio\u00e9szter (POE) olajat haszn\u00e1ljon.<\/p>\n<p>&nbsp;<\/p>\n","protected":false},"excerpt":{"rendered":"<p>Solstice<sup>\u00ae<\/sup> N13 (R-450A) este un amestec \u201ecvasiazotrop\u201d pe baz\u0103 de HFC\/HFO cu un GWP redus, destinat \u00eenlocuirii R-134a \u00een aplica\u021bii frigorifice domestice, comerciale \u0219i industriale, precum \u0219i \u00een aplica\u021bii de climatizare, r\u0103cire a lichidelor \u0219i pompe de c\u0103ldur\u0103.<\/p>\n","protected":false},"featured_media":116424,"comment_status":"open","ping_status":"closed","template":"","meta":[],"countries":[4674,4709,4756,4813,4831,4862],"product_brand":[],"product_cat":[9989,9980,9953,9962,9944,9971,9998,13062,13097,13131,9611],"product_tag":[],"class_list":{"0":"post-162732","1":"product","2":"type-product","3":"status-publish","4":"has-post-thumbnail","6":"countries-by","7":"countries-cu","8":"countries-ir","9":"countries-kp","10":"countries-ru","11":"countries-sy","12":"product_cat-aeronautica-aerospatiala-aparare","13":"product_cat-industria-auto-transport","14":"product_cat-cladiri","15":"product_cat-energie","16":"product_cat-sector-agroalimentar","17":"product_cat-sanatate-bunastare","18":"product_cat-alte-industrii","19":"product_cat-aer-conditionat","20":"product_cat-incalzire","21":"product_cat-refrigerare","22":"product_cat-amestec-hfc-hfo","23":"pa_packaging-cilindru-52-l-ro-72","24":"pa_packaging-container-448-l-ro-74","25":"pa_packaging-container-930-l-ro-76","26":"pa_packaging-cubikool","28":"first","29":"instock","30":"shipping-taxable","31":"purchasable","32":"product-type-variable"},"_links":{"self":[{"href":"https:\/\/climalife.com\/ro\/wp-json\/wp\/v2\/product\/162732","targetHints":{"allow":["GET"]}}],"collection":[{"href":"https:\/\/climalife.com\/ro\/wp-json\/wp\/v2\/product"}],"about":[{"href":"https:\/\/climalife.com\/ro\/wp-json\/wp\/v2\/types\/product"}],"replies":[{"embeddable":true,"href":"https:\/\/climalife.com\/ro\/wp-json\/wp\/v2\/comments?post=162732"}],"wp:featuredmedia":[{"embeddable":true,"href":"https:\/\/climalife.com\/ro\/wp-json\/wp\/v2\/media\/116424"}],"wp:attachment":[{"href":"https:\/\/climalife.com\/ro\/wp-json\/wp\/v2\/media?parent=162732"}],"wp:term":[{"taxonomy":"countries","embeddable":true,"href":"https:\/\/climalife.com\/ro\/wp-json\/wp\/v2\/countries?post=162732"},{"taxonomy":"product_brand","embeddable":true,"href":"https:\/\/climalife.com\/ro\/wp-json\/wp\/v2\/product_brand?post=162732"},{"taxonomy":"product_cat","embeddable":true,"href":"https:\/\/climalife.com\/ro\/wp-json\/wp\/v2\/product_cat?post=162732"},{"taxonomy":"product_tag","embeddable":true,"href":"https:\/\/climalife.com\/ro\/wp-json\/wp\/v2\/product_tag?post=162732"}],"curies":[{"name":"wp","href":"https:\/\/api.w.org\/{rel}","templated":true}]}}