{"id":162776,"date":"2022-09-28T18:10:06","date_gmt":"2022-09-28T18:10:06","guid":{"rendered":"http:\/\/climalife.com\/product\/mini-check\/"},"modified":"2025-08-18T13:21:02","modified_gmt":"2025-08-18T13:21:02","slug":"mini-check","status":"publish","type":"product","link":"https:\/\/climalife.com\/ro\/product\/mini-check\/","title":{"rendered":"Mini-verificare"},"content":{"rendered":"","protected":false},"excerpt":{"rendered":"<p>Cantit\u0103\u021bi minime de scurgere R-134a: 5 g\/an; pentru verificarea func\u021bionalit\u0103\u021bii dispozitivelor electronice de detectare a scurgerilor \u00eenainte de \u00eenceperea c\u0103ut\u0103rii scurgerilor.<\/p>\n","protected":false},"featured_media":108918,"comment_status":"open","ping_status":"closed","template":"","meta":[],"countries":[4674,4709,4756,4813,4831,4854,4862],"product_brand":[],"product_cat":[9989,9980,9953,9962,9944,9971,9998,13062,13115,13131,9377],"product_tag":[],"class_list":{"0":"post-162776","1":"product","2":"type-product","3":"status-publish","4":"has-post-thumbnail","6":"countries-by","7":"countries-cu","8":"countries-ir","9":"countries-kp","10":"countries-ru","11":"countries-es","12":"countries-sy","13":"product_cat-aeronautica-aerospatiala-aparare","14":"product_cat-industria-auto-transport","15":"product_cat-cladiri","16":"product_cat-energie","17":"product_cat-sector-agroalimentar","18":"product_cat-sanatate-bunastare","19":"product_cat-alte-industrii","20":"product_cat-aer-conditionat","21":"product_cat-ciclu-rankine-organic","22":"product_cat-refrigerare","23":"product_cat-detectare-mobila-a-scurgerilor","24":"pa_packaging-unitate-ro-25","26":"first","27":"instock","28":"shipping-taxable","29":"purchasable","30":"product-type-variable"},"_links":{"self":[{"href":"https:\/\/climalife.com\/ro\/wp-json\/wp\/v2\/product\/162776","targetHints":{"allow":["GET"]}}],"collection":[{"href":"https:\/\/climalife.com\/ro\/wp-json\/wp\/v2\/product"}],"about":[{"href":"https:\/\/climalife.com\/ro\/wp-json\/wp\/v2\/types\/product"}],"replies":[{"embeddable":true,"href":"https:\/\/climalife.com\/ro\/wp-json\/wp\/v2\/comments?post=162776"}],"wp:featuredmedia":[{"embeddable":true,"href":"https:\/\/climalife.com\/ro\/wp-json\/wp\/v2\/media\/108918"}],"wp:attachment":[{"href":"https:\/\/climalife.com\/ro\/wp-json\/wp\/v2\/media?parent=162776"}],"wp:term":[{"taxonomy":"countries","embeddable":true,"href":"https:\/\/climalife.com\/ro\/wp-json\/wp\/v2\/countries?post=162776"},{"taxonomy":"product_brand","embeddable":true,"href":"https:\/\/climalife.com\/ro\/wp-json\/wp\/v2\/product_brand?post=162776"},{"taxonomy":"product_cat","embeddable":true,"href":"https:\/\/climalife.com\/ro\/wp-json\/wp\/v2\/product_cat?post=162776"},{"taxonomy":"product_tag","embeddable":true,"href":"https:\/\/climalife.com\/ro\/wp-json\/wp\/v2\/product_tag?post=162776"}],"curies":[{"name":"wp","href":"https:\/\/api.w.org\/{rel}","templated":true}]}}