{"id":162872,"date":"2022-09-28T18:11:49","date_gmt":"2022-09-28T18:11:49","guid":{"rendered":"http:\/\/climalife.com\/product\/solstice-l41y-r-452b\/"},"modified":"2025-08-18T13:10:41","modified_gmt":"2025-08-18T13:10:41","slug":"solstice-l41y-r-452b","status":"publish","type":"product","link":"https:\/\/climalife.com\/ro\/product\/solstice-l41y-r-452b\/","title":{"rendered":"R-452B Solstice\u00ae L41y"},"content":{"rendered":"<p><span id=\"result_box\" class=\"\" lang=\"ro\"><span class=\"\">Acest nou refrigerant produs de Honeywell ofer\u0103 multe avantaje fa\u021b\u0103 de refrigeran\u021bii R-410A \u0219i R-32<\/span><\/span> :<\/p>\n<p>&nbsp;<\/p>\n<ul>\n<li>\u00a0<span id=\"result_box\" class=\"\" lang=\"ro\"><span class=\"\">Are <strong>aceea\u0219i presiune de lucru ca \u0219i R-410A<\/strong>, f\u0103r\u0103 a fi nevoie de schimb\u0103ri de proiectare la sistemul de conducte, brazare \u0219i ambalare<\/span><\/span>.<\/li>\n<li><span id=\"result_box\" class=\"\" lang=\"ro\"><span class=\"\">Ofer\u0103 un <strong>debit masic mai mic dec\u00e2t R-410A<\/strong>, ceea ce implic\u0103 o \u00eenc\u0103rc\u0103tur\u0103 mai mic\u0103 de 10-15% \u00een compara\u021bie cu echipamentul existent.<\/span><\/span><\/li>\n<li><span class=\"\" lang=\"ro\"><span id=\"result_box\" class=\"\" lang=\"ro\"><span class=\"\"><strong>Dep\u0103\u0219e\u0219te performan\u021ba R-32<\/strong> \u00een modul de \u00eenc\u0103lzire \u0219i \u00een condi\u021bii de temperatur\u0103 ridicat\u0103 datorit\u0103 temperaturii critice ridicate (77,1 \u00b0 C) \u0219i a unui interval de func\u021bionare mai larg la temperaturi sc\u0103zute de evaporare.<\/span><\/span><\/span><\/li>\n<\/ul>\n<p>&nbsp;<\/p>\n","protected":false},"excerpt":{"rendered":"<p>R-452B este un amestec non-azeotropic de HFC\/HFO destinat \u00eenlocuirii lui R-410A \u00een instala\u021bii noi, \u00een special \u00een cazul pompelor de c\u0103ldur\u0103, sistemelor comerciale de climatizare tip Roof Top \u0219i VRF \u0219i r\u0103citoare de presiune medie (r\u0103citoare de aer\/ap\u0103).<\/p>\n","protected":false},"featured_media":125424,"comment_status":"open","ping_status":"closed","template":"","meta":[],"countries":[4674,4709,4756,4813,4831,4862],"product_brand":[],"product_cat":[9953,13062,9611],"product_tag":[],"class_list":{"0":"post-162872","1":"product","2":"type-product","3":"status-publish","4":"has-post-thumbnail","6":"countries-by","7":"countries-cu","8":"countries-ir","9":"countries-kp","10":"countries-ru","11":"countries-sy","12":"product_cat-cladiri","13":"product_cat-aer-conditionat","14":"product_cat-amestec-hfc-hfo","15":"pa_packaging-cilindru-12-l-ro-92","16":"pa_packaging-cilindru-52-l-ro-72","17":"pa_packaging-container-448-l-ro-74","18":"pa_packaging-container-930-l-ro-76","20":"first","21":"instock","22":"shipping-taxable","23":"purchasable","24":"product-type-variable"},"_links":{"self":[{"href":"https:\/\/climalife.com\/ro\/wp-json\/wp\/v2\/product\/162872","targetHints":{"allow":["GET"]}}],"collection":[{"href":"https:\/\/climalife.com\/ro\/wp-json\/wp\/v2\/product"}],"about":[{"href":"https:\/\/climalife.com\/ro\/wp-json\/wp\/v2\/types\/product"}],"replies":[{"embeddable":true,"href":"https:\/\/climalife.com\/ro\/wp-json\/wp\/v2\/comments?post=162872"}],"wp:featuredmedia":[{"embeddable":true,"href":"https:\/\/climalife.com\/ro\/wp-json\/wp\/v2\/media\/125424"}],"wp:attachment":[{"href":"https:\/\/climalife.com\/ro\/wp-json\/wp\/v2\/media?parent=162872"}],"wp:term":[{"taxonomy":"countries","embeddable":true,"href":"https:\/\/climalife.com\/ro\/wp-json\/wp\/v2\/countries?post=162872"},{"taxonomy":"product_brand","embeddable":true,"href":"https:\/\/climalife.com\/ro\/wp-json\/wp\/v2\/product_brand?post=162872"},{"taxonomy":"product_cat","embeddable":true,"href":"https:\/\/climalife.com\/ro\/wp-json\/wp\/v2\/product_cat?post=162872"},{"taxonomy":"product_tag","embeddable":true,"href":"https:\/\/climalife.com\/ro\/wp-json\/wp\/v2\/product_tag?post=162872"}],"curies":[{"name":"wp","href":"https:\/\/api.w.org\/{rel}","templated":true}]}}