{"id":162901,"date":"2022-09-28T18:12:19","date_gmt":"2022-09-28T18:12:19","guid":{"rendered":"http:\/\/climalife.com\/product\/fluorescent-f\/"},"modified":"2025-08-18T13:08:17","modified_gmt":"2025-08-18T13:08:17","slug":"fluorescent-f","status":"publish","type":"product","link":"https:\/\/climalife.com\/ro\/product\/fluorescent-f\/","title":{"rendered":"Fluorescent F"},"content":{"rendered":"<p>1 litru de Fluorescent F va trata 10m3.<\/p>\n","protected":false},"excerpt":{"rendered":"<p>Fluorescent F este utilizat pentru detectarea scurgerilor \u00een sistemele cu agen\u021bi frigorifici.<br \/>\nAcest aditiv este adecvat \u00een special pentru detectarea scurgerilor de agen\u021bi frigorifici pe baz\u0103 de monoetilenglicol sau monopropilenglicol, f\u0103r\u0103 a modifica mediul \u00eenconjur\u0103tor. Cu ajutorul unei l\u0103mpi ultraviolete, zona de scurgere poate fi identificat\u0103 rapid \u0219i eficient.<\/p>\n","protected":false},"featured_media":130968,"comment_status":"open","ping_status":"closed","template":"","meta":[],"countries":[4674,4709,4756,4813,4831,4862],"product_brand":[],"product_cat":[13062,9989,9998,9953,9962,13140,13097,13088,13131,9971,9944,9719],"product_tag":[],"class_list":{"0":"post-162901","1":"product","2":"type-product","3":"status-publish","4":"has-post-thumbnail","6":"countries-by","7":"countries-cu","8":"countries-ir","9":"countries-kp","10":"countries-ru","11":"countries-sy","12":"product_cat-aer-conditionat","13":"product_cat-aeronautica-aerospatiala-aparare","14":"product_cat-alte-industrii","15":"product_cat-cladiri","16":"product_cat-energie","17":"product_cat-energie-regenerabila","18":"product_cat-incalzire","19":"product_cat-protectia-impotriva-incendiilor","20":"product_cat-refrigerare","21":"product_cat-sanatate-bunastare","22":"product_cat-sector-agroalimentar","23":"product_cat-tratament-si-aditivi","24":"pa_packaging-canistra-1-l-ro-63","26":"first","27":"instock","28":"shipping-taxable","29":"purchasable","30":"product-type-variable"},"_links":{"self":[{"href":"https:\/\/climalife.com\/ro\/wp-json\/wp\/v2\/product\/162901","targetHints":{"allow":["GET"]}}],"collection":[{"href":"https:\/\/climalife.com\/ro\/wp-json\/wp\/v2\/product"}],"about":[{"href":"https:\/\/climalife.com\/ro\/wp-json\/wp\/v2\/types\/product"}],"replies":[{"embeddable":true,"href":"https:\/\/climalife.com\/ro\/wp-json\/wp\/v2\/comments?post=162901"}],"wp:featuredmedia":[{"embeddable":true,"href":"https:\/\/climalife.com\/ro\/wp-json\/wp\/v2\/media\/130968"}],"wp:attachment":[{"href":"https:\/\/climalife.com\/ro\/wp-json\/wp\/v2\/media?parent=162901"}],"wp:term":[{"taxonomy":"countries","embeddable":true,"href":"https:\/\/climalife.com\/ro\/wp-json\/wp\/v2\/countries?post=162901"},{"taxonomy":"product_brand","embeddable":true,"href":"https:\/\/climalife.com\/ro\/wp-json\/wp\/v2\/product_brand?post=162901"},{"taxonomy":"product_cat","embeddable":true,"href":"https:\/\/climalife.com\/ro\/wp-json\/wp\/v2\/product_cat?post=162901"},{"taxonomy":"product_tag","embeddable":true,"href":"https:\/\/climalife.com\/ro\/wp-json\/wp\/v2\/product_tag?post=162901"}],"curies":[{"name":"wp","href":"https:\/\/api.w.org\/{rel}","templated":true}]}}