{"id":162919,"date":"2022-09-28T18:12:43","date_gmt":"2022-09-28T18:12:43","guid":{"rendered":"http:\/\/climalife.com\/product\/r-407c\/"},"modified":"2025-08-18T13:07:18","modified_gmt":"2025-08-18T13:07:18","slug":"r-407c","status":"publish","type":"product","link":"https:\/\/climalife.com\/ro\/product\/r-407c\/","title":{"rendered":"R-407C"},"content":{"rendered":"<p>Este utilizat \u00een principal \u00een locul R-22 \u00een sistemele de climatizare.<\/p>\n","protected":false},"excerpt":{"rendered":"<p>R-407C este un amestec \u201enon-azeotrop\u201d de tip H-CFC.<\/p>\n","protected":false},"featured_media":108909,"comment_status":"open","ping_status":"closed","template":"","meta":[],"countries":[4674,4709,4756,4813,4831,4862],"product_brand":[],"product_cat":[9953,9962,9944,9971,13062,13097,13131,9450],"product_tag":[],"class_list":{"0":"post-162919","1":"product","2":"type-product","3":"status-publish","4":"has-post-thumbnail","6":"countries-by","7":"countries-cu","8":"countries-ir","9":"countries-kp","10":"countries-ru","11":"countries-sy","12":"product_cat-cladiri","13":"product_cat-energie","14":"product_cat-sector-agroalimentar","15":"product_cat-sanatate-bunastare","16":"product_cat-aer-conditionat","17":"product_cat-incalzire","18":"product_cat-refrigerare","19":"product_cat-hfc-ro-33","20":"pa_packaging-cilindru-52-l-ro-72","21":"pa_packaging-container-448-l-ro-74","22":"pa_packaging-container-930-l-ro-76","23":"pa_packaging-friostar-ro-69","25":"first","26":"instock","27":"shipping-taxable","28":"purchasable","29":"product-type-variable"},"_links":{"self":[{"href":"https:\/\/climalife.com\/ro\/wp-json\/wp\/v2\/product\/162919","targetHints":{"allow":["GET"]}}],"collection":[{"href":"https:\/\/climalife.com\/ro\/wp-json\/wp\/v2\/product"}],"about":[{"href":"https:\/\/climalife.com\/ro\/wp-json\/wp\/v2\/types\/product"}],"replies":[{"embeddable":true,"href":"https:\/\/climalife.com\/ro\/wp-json\/wp\/v2\/comments?post=162919"}],"wp:featuredmedia":[{"embeddable":true,"href":"https:\/\/climalife.com\/ro\/wp-json\/wp\/v2\/media\/108909"}],"wp:attachment":[{"href":"https:\/\/climalife.com\/ro\/wp-json\/wp\/v2\/media?parent=162919"}],"wp:term":[{"taxonomy":"countries","embeddable":true,"href":"https:\/\/climalife.com\/ro\/wp-json\/wp\/v2\/countries?post=162919"},{"taxonomy":"product_brand","embeddable":true,"href":"https:\/\/climalife.com\/ro\/wp-json\/wp\/v2\/product_brand?post=162919"},{"taxonomy":"product_cat","embeddable":true,"href":"https:\/\/climalife.com\/ro\/wp-json\/wp\/v2\/product_cat?post=162919"},{"taxonomy":"product_tag","embeddable":true,"href":"https:\/\/climalife.com\/ro\/wp-json\/wp\/v2\/product_tag?post=162919"}],"curies":[{"name":"wp","href":"https:\/\/api.w.org\/{rel}","templated":true}]}}