{"id":162955,"date":"2022-09-28T18:13:25","date_gmt":"2022-09-28T18:13:25","guid":{"rendered":"http:\/\/climalife.com\/product\/novexpans-n-butan-izobutan-70-30\/"},"modified":"2025-07-31T12:28:35","modified_gmt":"2025-07-31T12:28:35","slug":"novexpans-n-butan-izobutan-70-30","status":"publish","type":"product","link":"https:\/\/climalife.com\/ro\/product\/novexpans-n-butan-izobutan-70-30\/","title":{"rendered":"NOVEXPANS\u2122 n-butan\/izobutan (70\/30)"},"content":{"rendered":"<p><span class=\"tlid-translation translation\" lang=\"ro\"><span class=\"\" title=\"\">F\u0103r\u0103 efect asupra stratului de ozon, este recomandat pentru \u00eenlocuirea produselor HCFC.<\/span><\/span><\/p>\n","protected":false},"excerpt":{"rendered":"<p>NOVEXPANS\u2122 n-butan \/ izobutan (70\/30) este un amestec special dezodorizat de n-butan \u0219i izobutan conform specifica\u021biilor garantate, utilizat pentru extinderea spumelor de polistiren, de exemplu pentru fabricarea t\u0103vilor de ambalare.<\/p>\n","protected":false},"featured_media":204029,"comment_status":"open","ping_status":"closed","template":"","meta":[],"countries":[4674,4709,4756,4813,4831,4862],"product_brand":[],"product_cat":[9998,9953,9507,9980,13106,9944],"product_tag":[],"class_list":{"0":"post-162955","1":"product","2":"type-product","3":"status-publish","4":"has-post-thumbnail","6":"countries-by","7":"countries-cu","8":"countries-ir","9":"countries-kp","10":"countries-ru","11":"countries-sy","12":"product_cat-alte-industrii","13":"product_cat-cladiri","14":"product_cat-hidrocarburi","15":"product_cat-industria-auto-transport","16":"product_cat-izolatie","17":"product_cat-sector-agroalimentar","18":"pa_packaging-butoi-217-l-ro-30","19":"pa_packaging-cilindru-26-l-ro-32","20":"pa_packaging-cilindru-88-l-ro-122","21":"pa_packaging-container-930-l-ro-76","22":"pa_packaging-vrac-ro-168","24":"first","25":"instock","26":"shipping-taxable","27":"purchasable","28":"product-type-variable"},"_links":{"self":[{"href":"https:\/\/climalife.com\/ro\/wp-json\/wp\/v2\/product\/162955","targetHints":{"allow":["GET"]}}],"collection":[{"href":"https:\/\/climalife.com\/ro\/wp-json\/wp\/v2\/product"}],"about":[{"href":"https:\/\/climalife.com\/ro\/wp-json\/wp\/v2\/types\/product"}],"replies":[{"embeddable":true,"href":"https:\/\/climalife.com\/ro\/wp-json\/wp\/v2\/comments?post=162955"}],"wp:featuredmedia":[{"embeddable":true,"href":"https:\/\/climalife.com\/ro\/wp-json\/wp\/v2\/media\/204029"}],"wp:attachment":[{"href":"https:\/\/climalife.com\/ro\/wp-json\/wp\/v2\/media?parent=162955"}],"wp:term":[{"taxonomy":"countries","embeddable":true,"href":"https:\/\/climalife.com\/ro\/wp-json\/wp\/v2\/countries?post=162955"},{"taxonomy":"product_brand","embeddable":true,"href":"https:\/\/climalife.com\/ro\/wp-json\/wp\/v2\/product_brand?post=162955"},{"taxonomy":"product_cat","embeddable":true,"href":"https:\/\/climalife.com\/ro\/wp-json\/wp\/v2\/product_cat?post=162955"},{"taxonomy":"product_tag","embeddable":true,"href":"https:\/\/climalife.com\/ro\/wp-json\/wp\/v2\/product_tag?post=162955"}],"curies":[{"name":"wp","href":"https:\/\/api.w.org\/{rel}","templated":true}]}}