{"id":162962,"date":"2022-09-28T18:13:35","date_gmt":"2022-09-28T18:13:35","guid":{"rendered":"http:\/\/climalife.com\/product\/novaspray-n-butan\/"},"modified":"2024-11-14T10:19:49","modified_gmt":"2024-11-14T10:19:49","slug":"novaspray-n-butan","status":"publish","type":"product","link":"https:\/\/climalife.com\/ro\/product\/novaspray-n-butan\/","title":{"rendered":"NovaSpray\u2122 n-butan"},"content":{"rendered":"<p><span class=\"tlid-translation translation\" lang=\"ro\"><span class=\"\" title=\"\">Economic datorit\u0103 densit\u0103\u021bii sale reduse, reduce foarte mult greutatea propulsorului de utilizat. <\/span><span class=\"\" title=\"\">Miscibilitatea sa excelent\u0103 cu majoritatea solven\u021bilor \u00eei confer\u0103 o mare flexibilitate a formul\u0103rii. <\/span><span class=\"\" title=\"\">Nu are niciun efect asupra stratului de ozon \u0219i are un impact neglijabil asupra efectului de ser\u0103.<\/span><\/span><\/p>\n","protected":false},"excerpt":{"rendered":"<p>NovaSpray \u2122 n-butan este un n-butan special deodorizat pentru aerosoli. De calitate constant\u0103, \u00eendepline\u0219te toate cerin\u021bele pentru un propulsor.<\/p>\n","protected":false},"featured_media":204029,"comment_status":"open","ping_status":"closed","template":"","meta":[],"countries":[4674,4709,4756,4813,4831,4862],"product_brand":[],"product_cat":[9944,9971,9998,13122,9597],"product_tag":[],"class_list":{"0":"post-162962","1":"product","2":"type-product","3":"status-publish","4":"has-post-thumbnail","6":"countries-by","7":"countries-cu","8":"countries-ir","9":"countries-kp","10":"countries-ru","11":"countries-sy","12":"product_cat-sector-agroalimentar","13":"product_cat-sanatate-bunastare","14":"product_cat-alte-industrii","15":"product_cat-propulsoare","16":"product_cat-hidrocarburi-ro-83","17":"pa_packaging-cilindru-26-l-ro-32","18":"pa_packaging-cilindru-88-l-ro-122","19":"pa_packaging-container-930-l-ro-76","20":"pa_packaging-vrac-ro-168","22":"first","23":"instock","24":"shipping-taxable","25":"purchasable","26":"product-type-variable"},"_links":{"self":[{"href":"https:\/\/climalife.com\/ro\/wp-json\/wp\/v2\/product\/162962","targetHints":{"allow":["GET"]}}],"collection":[{"href":"https:\/\/climalife.com\/ro\/wp-json\/wp\/v2\/product"}],"about":[{"href":"https:\/\/climalife.com\/ro\/wp-json\/wp\/v2\/types\/product"}],"replies":[{"embeddable":true,"href":"https:\/\/climalife.com\/ro\/wp-json\/wp\/v2\/comments?post=162962"}],"wp:featuredmedia":[{"embeddable":true,"href":"https:\/\/climalife.com\/ro\/wp-json\/wp\/v2\/media\/204029"}],"wp:attachment":[{"href":"https:\/\/climalife.com\/ro\/wp-json\/wp\/v2\/media?parent=162962"}],"wp:term":[{"taxonomy":"countries","embeddable":true,"href":"https:\/\/climalife.com\/ro\/wp-json\/wp\/v2\/countries?post=162962"},{"taxonomy":"product_brand","embeddable":true,"href":"https:\/\/climalife.com\/ro\/wp-json\/wp\/v2\/product_brand?post=162962"},{"taxonomy":"product_cat","embeddable":true,"href":"https:\/\/climalife.com\/ro\/wp-json\/wp\/v2\/product_cat?post=162962"},{"taxonomy":"product_tag","embeddable":true,"href":"https:\/\/climalife.com\/ro\/wp-json\/wp\/v2\/product_tag?post=162962"}],"curies":[{"name":"wp","href":"https:\/\/api.w.org\/{rel}","templated":true}]}}