{"id":162986,"date":"2022-09-28T18:13:54","date_gmt":"2022-09-28T18:13:54","guid":{"rendered":"http:\/\/climalife.com\/product\/r-407a\/"},"modified":"2025-08-18T13:02:27","modified_gmt":"2025-08-18T13:02:27","slug":"r-407a","status":"publish","type":"product","link":"https:\/\/climalife.com\/ro\/product\/r-407a\/","title":{"rendered":"R-407A"},"content":{"rendered":"<p><!-- [if gte mso 9]><xml> <o:OfficeDocumentSettings> <o:AllowPNG\/> <o:PixelsPerInch>72<\/o:PixelsPerInch> <o:TargetScreenSize>1024x768<\/o:TargetScreenSize> <\/o:OfficeDocumentSettings> <\/xml><![endif]--><\/p>\n<p class=\"MsoNormal\">Este utilizat \u00een principal ca agent frigorific de \u00eenlocuire pentru R-22 sau R-404A, \u00een refrigerarea comercial\u0103 la temperaturi normale \u0219i sc\u0103zute.<br \/>\n<!-- [if gte mso 9]><xml> <w:WordDocument> <w:View>Normal<\/w:View> <w:Zoom>0<\/w:Zoom> <w:HyphenationZone>21<\/w:HyphenationZone> <w:PunctuationKerning\/> <w:ValidateAgainstSchemas\/> <w:SaveIfXMLInvalid>false<\/w:SaveIfXMLInvalid> <w:IgnoreMixedContent>false<\/w:IgnoreMixedContent> <w:AlwaysShowPlaceholderText>false<\/w:AlwaysShowPlaceholderText> <w:Compatibility> <w:BreakWrappedTables\/> <w:SnapToGridInCell\/> <w:WrapTextWithPunct\/> <w:UseAsianBreakRules\/> <w:DontGrowAutofit\/> <\/w:Compatibility> <w:DoNotOptimizeForBrowser\/> <\/w:WordDocument> <\/xml><![endif]--><!-- [if gte mso 9]><xml> <w:LatentStyles DefLockedState=\"false\" LatentStyleCount=\u201e156\u201d> <\/w:LatentStyles> <\/xml><![endif]--><!-- [if gte mso 10]>\n\n\n\n<style> \/* Defini\u021bii stil *\/ table.MsoNormalTable     {mso-style-name:\u201eTabel normal\u201d;     mso-tstyle-rowband-size:0;     mso-tstyle-colband-size:0;     mso-style-noshow:yes;     mso-style-parent:\u201e\u201d; \tmso-padding-alt:0cm 5.4pt 0cm 5.4pt;     mso-para-margin:0cm;     mso-para-margin-bottom:.0001pt;     mso-pagination:widow-orphan;     font-size:10.0pt;     font-family:\u201eTimes New Roman\u201d; \tmso-ansi-language:#0400;     mso-fareast-language:#0400;     mso-bidi-language:#0400;} <\/style>\n\n <![endif]--><\/p>\n","protected":false},"excerpt":{"rendered":"<p>R-407a este un amestec HFC &#8220;non azeotrop&#8221;<\/p>\n","protected":false},"featured_media":109125,"comment_status":"open","ping_status":"closed","template":"","meta":[],"countries":[4674,4709,4756,4813,4831,4862],"product_brand":[],"product_cat":[9989,9980,9962,9944,9971,9998,13131,9450],"product_tag":[],"class_list":{"0":"post-162986","1":"product","2":"type-product","3":"status-publish","4":"has-post-thumbnail","6":"countries-by","7":"countries-cu","8":"countries-ir","9":"countries-kp","10":"countries-ru","11":"countries-sy","12":"product_cat-aeronautica-aerospatiala-aparare","13":"product_cat-industria-auto-transport","14":"product_cat-energie","15":"product_cat-sector-agroalimentar","16":"product_cat-sanatate-bunastare","17":"product_cat-alte-industrii","18":"product_cat-refrigerare","19":"product_cat-hfc-ro-33","20":"pa_packaging-cilindru-52-l-ro-72","21":"pa_packaging-container-448-l-ro-74","22":"pa_packaging-container-930-l-ro-76","23":"pa_packaging-friostar-ro-69","25":"first","26":"instock","27":"shipping-taxable","28":"purchasable","29":"product-type-variable"},"_links":{"self":[{"href":"https:\/\/climalife.com\/ro\/wp-json\/wp\/v2\/product\/162986","targetHints":{"allow":["GET"]}}],"collection":[{"href":"https:\/\/climalife.com\/ro\/wp-json\/wp\/v2\/product"}],"about":[{"href":"https:\/\/climalife.com\/ro\/wp-json\/wp\/v2\/types\/product"}],"replies":[{"embeddable":true,"href":"https:\/\/climalife.com\/ro\/wp-json\/wp\/v2\/comments?post=162986"}],"wp:featuredmedia":[{"embeddable":true,"href":"https:\/\/climalife.com\/ro\/wp-json\/wp\/v2\/media\/109125"}],"wp:attachment":[{"href":"https:\/\/climalife.com\/ro\/wp-json\/wp\/v2\/media?parent=162986"}],"wp:term":[{"taxonomy":"countries","embeddable":true,"href":"https:\/\/climalife.com\/ro\/wp-json\/wp\/v2\/countries?post=162986"},{"taxonomy":"product_brand","embeddable":true,"href":"https:\/\/climalife.com\/ro\/wp-json\/wp\/v2\/product_brand?post=162986"},{"taxonomy":"product_cat","embeddable":true,"href":"https:\/\/climalife.com\/ro\/wp-json\/wp\/v2\/product_cat?post=162986"},{"taxonomy":"product_tag","embeddable":true,"href":"https:\/\/climalife.com\/ro\/wp-json\/wp\/v2\/product_tag?post=162986"}],"curies":[{"name":"wp","href":"https:\/\/api.w.org\/{rel}","templated":true}]}}