{"id":163084,"date":"2022-09-28T18:15:44","date_gmt":"2022-09-28T18:15:44","guid":{"rendered":"http:\/\/climalife.com\/product\/r-507a\/"},"modified":"2025-08-18T12:51:04","modified_gmt":"2025-08-18T12:51:04","slug":"r-507a","status":"publish","type":"product","link":"https:\/\/climalife.com\/ro\/product\/r-507a\/","title":{"rendered":"R-507A"},"content":{"rendered":"<p>Este utilizat \u00een principal \u00een r\u0103cirea industrial\u0103 \u0219i \u00een instala\u021bii noi cu evaporator scufundat, cum ar fi patinoarele artificiale.<\/p>\n","protected":false},"excerpt":{"rendered":"<p>R-507A este un amestec azeotrop de refrigeran\u021bi HFC.<\/p>\n","protected":false},"featured_media":108648,"comment_status":"open","ping_status":"closed","template":"","meta":[],"countries":[4674,4709,4756,4813,4831,4862],"product_brand":[],"product_cat":[9989,9998,9962,9450,9980,13131,9971,9944],"product_tag":[],"class_list":{"0":"post-163084","1":"product","2":"type-product","3":"status-publish","4":"has-post-thumbnail","6":"countries-by","7":"countries-cu","8":"countries-ir","9":"countries-kp","10":"countries-ru","11":"countries-sy","12":"product_cat-aeronautica-aerospatiala-aparare","13":"product_cat-alte-industrii","14":"product_cat-energie","15":"product_cat-hfc-ro-33","16":"product_cat-industria-auto-transport","17":"product_cat-refrigerare","18":"product_cat-sanatate-bunastare","19":"product_cat-sector-agroalimentar","20":"pa_packaging-cilindru-52-l-ro-72","21":"pa_packaging-container-930-l-ro-76","22":"pa_packaging-friostar-ro-69","24":"first","25":"instock","26":"shipping-taxable","27":"purchasable","28":"product-type-variable"},"_links":{"self":[{"href":"https:\/\/climalife.com\/ro\/wp-json\/wp\/v2\/product\/163084","targetHints":{"allow":["GET"]}}],"collection":[{"href":"https:\/\/climalife.com\/ro\/wp-json\/wp\/v2\/product"}],"about":[{"href":"https:\/\/climalife.com\/ro\/wp-json\/wp\/v2\/types\/product"}],"replies":[{"embeddable":true,"href":"https:\/\/climalife.com\/ro\/wp-json\/wp\/v2\/comments?post=163084"}],"wp:featuredmedia":[{"embeddable":true,"href":"https:\/\/climalife.com\/ro\/wp-json\/wp\/v2\/media\/108648"}],"wp:attachment":[{"href":"https:\/\/climalife.com\/ro\/wp-json\/wp\/v2\/media?parent=163084"}],"wp:term":[{"taxonomy":"countries","embeddable":true,"href":"https:\/\/climalife.com\/ro\/wp-json\/wp\/v2\/countries?post=163084"},{"taxonomy":"product_brand","embeddable":true,"href":"https:\/\/climalife.com\/ro\/wp-json\/wp\/v2\/product_brand?post=163084"},{"taxonomy":"product_cat","embeddable":true,"href":"https:\/\/climalife.com\/ro\/wp-json\/wp\/v2\/product_cat?post=163084"},{"taxonomy":"product_tag","embeddable":true,"href":"https:\/\/climalife.com\/ro\/wp-json\/wp\/v2\/product_tag?post=163084"}],"curies":[{"name":"wp","href":"https:\/\/api.w.org\/{rel}","templated":true}]}}