{"id":163095,"date":"2022-09-28T18:15:56","date_gmt":"2022-09-28T18:15:56","guid":{"rendered":"http:\/\/climalife.com\/product\/r-236fa\/"},"modified":"2025-08-18T12:49:33","modified_gmt":"2025-08-18T12:49:33","slug":"r-236fa","status":"publish","type":"product","link":"https:\/\/climalife.com\/ro\/product\/r-236fa\/","title":{"rendered":"R-236fa"},"content":{"rendered":"","protected":false},"excerpt":{"rendered":"<p>R-236fa este o hidroclorofluorocarbur\u0103 (HFC), care poate fi folosit\u0103 \u00een loc de R-114 sau R-124.<\/p>\n","protected":false},"featured_media":117449,"comment_status":"open","ping_status":"closed","template":"","meta":[],"countries":[4674,4709,4756,4813,4831,4862],"product_brand":[],"product_cat":[13062,9989,9953,9962,9450],"product_tag":[],"class_list":{"0":"post-163095","1":"product","2":"type-product","3":"status-publish","4":"has-post-thumbnail","6":"countries-by","7":"countries-cu","8":"countries-ir","9":"countries-kp","10":"countries-ru","11":"countries-sy","12":"product_cat-aer-conditionat","13":"product_cat-aeronautica-aerospatiala-aparare","14":"product_cat-cladiri","15":"product_cat-energie","16":"product_cat-hfc-ro-33","17":"pa_packaging-cilindru-125-l-ro-214","18":"pa_packaging-cilindru-52-l-ro-72","20":"first","21":"instock","22":"shipping-taxable","23":"purchasable","24":"product-type-variable"},"_links":{"self":[{"href":"https:\/\/climalife.com\/ro\/wp-json\/wp\/v2\/product\/163095","targetHints":{"allow":["GET"]}}],"collection":[{"href":"https:\/\/climalife.com\/ro\/wp-json\/wp\/v2\/product"}],"about":[{"href":"https:\/\/climalife.com\/ro\/wp-json\/wp\/v2\/types\/product"}],"replies":[{"embeddable":true,"href":"https:\/\/climalife.com\/ro\/wp-json\/wp\/v2\/comments?post=163095"}],"wp:featuredmedia":[{"embeddable":true,"href":"https:\/\/climalife.com\/ro\/wp-json\/wp\/v2\/media\/117449"}],"wp:attachment":[{"href":"https:\/\/climalife.com\/ro\/wp-json\/wp\/v2\/media?parent=163095"}],"wp:term":[{"taxonomy":"countries","embeddable":true,"href":"https:\/\/climalife.com\/ro\/wp-json\/wp\/v2\/countries?post=163095"},{"taxonomy":"product_brand","embeddable":true,"href":"https:\/\/climalife.com\/ro\/wp-json\/wp\/v2\/product_brand?post=163095"},{"taxonomy":"product_cat","embeddable":true,"href":"https:\/\/climalife.com\/ro\/wp-json\/wp\/v2\/product_cat?post=163095"},{"taxonomy":"product_tag","embeddable":true,"href":"https:\/\/climalife.com\/ro\/wp-json\/wp\/v2\/product_tag?post=163095"}],"curies":[{"name":"wp","href":"https:\/\/api.w.org\/{rel}","templated":true}]}}