{"id":163169,"date":"2022-09-28T18:17:07","date_gmt":"2022-09-28T18:17:07","guid":{"rendered":"http:\/\/climalife.com\/product\/particle-counting-2\/"},"modified":"2025-07-11T12:20:03","modified_gmt":"2025-07-11T12:20:03","slug":"particle-counting-2","status":"publish","type":"product","link":"https:\/\/climalife.com\/ro\/product\/particle-counting-2\/","title":{"rendered":"num\u0103rarea particulelor"},"content":{"rendered":"","protected":false},"excerpt":{"rendered":"<p>Determin\u0103 num\u0103rul de particule \u00een func\u021bie de dimensiune. Permite selectarea dimensiunii corecte a filtrului.<\/p>\n","protected":false},"featured_media":107532,"comment_status":"open","ping_status":"closed","template":"","meta":[],"countries":[4674,4709,4756,4813,4831,4862],"product_brand":[],"product_cat":[9369],"product_tag":[],"class_list":{"0":"post-163169","1":"product","2":"type-product","3":"status-publish","4":"has-post-thumbnail","6":"countries-by","7":"countries-cu","8":"countries-ir","9":"countries-kp","10":"countries-ru","11":"countries-sy","12":"product_cat-analiza-uleiuri","13":"pa_packaging-unitate-ro-25","15":"first","16":"instock","17":"shipping-taxable","18":"purchasable","19":"product-type-variable"},"_links":{"self":[{"href":"https:\/\/climalife.com\/ro\/wp-json\/wp\/v2\/product\/163169","targetHints":{"allow":["GET"]}}],"collection":[{"href":"https:\/\/climalife.com\/ro\/wp-json\/wp\/v2\/product"}],"about":[{"href":"https:\/\/climalife.com\/ro\/wp-json\/wp\/v2\/types\/product"}],"replies":[{"embeddable":true,"href":"https:\/\/climalife.com\/ro\/wp-json\/wp\/v2\/comments?post=163169"}],"wp:featuredmedia":[{"embeddable":true,"href":"https:\/\/climalife.com\/ro\/wp-json\/wp\/v2\/media\/107532"}],"wp:attachment":[{"href":"https:\/\/climalife.com\/ro\/wp-json\/wp\/v2\/media?parent=163169"}],"wp:term":[{"taxonomy":"countries","embeddable":true,"href":"https:\/\/climalife.com\/ro\/wp-json\/wp\/v2\/countries?post=163169"},{"taxonomy":"product_brand","embeddable":true,"href":"https:\/\/climalife.com\/ro\/wp-json\/wp\/v2\/product_brand?post=163169"},{"taxonomy":"product_cat","embeddable":true,"href":"https:\/\/climalife.com\/ro\/wp-json\/wp\/v2\/product_cat?post=163169"},{"taxonomy":"product_tag","embeddable":true,"href":"https:\/\/climalife.com\/ro\/wp-json\/wp\/v2\/product_tag?post=163169"}],"curies":[{"name":"wp","href":"https:\/\/api.w.org\/{rel}","templated":true}]}}